{"id":216,"date":"2015-11-13T21:11:05","date_gmt":"2015-11-13T20:11:05","guid":{"rendered":"http:\/\/agora.xtec.cat\/escolaelroure\/?page_id=216"},"modified":"2025-03-06T11:59:47","modified_gmt":"2025-03-06T10:59:47","slug":"serveis-educatius","status":"publish","type":"page","link":"https:\/\/agora.xtec.cat\/escolaelroure\/lescola\/consell-escolar-2\/serveis-educatius\/","title":{"rendered":"Servei educatiu VOII"},"content":{"rendered":"<p class=\"p1\"><span class=\"s1\">El <strong>Servei educatiu<\/strong>\u00a0<strong>del Vall\u00e8s Oriental II<\/strong>, que dep\u00e9n\u00a0del Departament d&#8217;Educaci\u00f3 de la Generalitat de Catalunya, ofereix els seus serveis i recursos al diferents col\u00b7lectius de la nostra escola El Roure: al professorat i, en alguns casos, a l&#8217;alumnat o a les fam\u00edlies, i es coordinen amb els serveis i entitats de l&#8217;entorn.<\/span><\/p>\n<p class=\"p1\"><a href=\"https:\/\/serveiseducatius.xtec.cat\/vallesoriental2\/\" target=\"_blank\" rel=\"noopener\"><img loading=\"lazy\" decoding=\"async\" class=\"aligncenter wp-image-3943 size-full\" src=\"https:\/\/agora.xtec.cat\/escolaelroure\/wp-content\/uploads\/usu557\/2019\/03\/crp-MONTMEL\u00d3.png\" alt=\"\" width=\"1005\" height=\"627\" srcset=\"https:\/\/agora.xtec.cat\/escolaelroure\/wp-content\/uploads\/usu557\/2019\/03\/crp-MONTMEL\u00d3.png 1005w, https:\/\/agora.xtec.cat\/escolaelroure\/wp-content\/uploads\/usu557\/2019\/03\/crp-MONTMEL\u00d3-300x187.png 300w, https:\/\/agora.xtec.cat\/escolaelroure\/wp-content\/uploads\/usu557\/2019\/03\/crp-MONTMEL\u00d3-768x479.png 768w\" sizes=\"auto, (max-width: 1005px) 100vw, 1005px\" \/><\/a><\/p>\n<table style=\"height: 659px;\" width=\"885\" cellspacing=\"0\" cellpadding=\"0\">\n<tbody>\n<tr>\n<td class=\"td1\" valign=\"top\">\n<table class=\" aligncenter\" style=\"height: 711px;\" border=\"0\" width=\"423\" cellspacing=\"0\" cellpadding=\"0\">\n<tbody>\n<tr>\n<td class=\"td3\" valign=\"top\">\n<table border=\"0\" cellspacing=\"0\" cellpadding=\"0\">\n<tbody>\n<tr>\n<td class=\"td6\" valign=\"top\">\n<p class=\"p4\"><span class=\"s1\"><b>Consultes<\/b><\/span><\/p>\n<\/td>\n<\/tr>\n<tr>\n<td class=\"td6\" valign=\"top\">\n<p class=\"p3\"><span class=\"s1\">Atenci\u00f3 i resposta personalitzada en relaci\u00f3 a qualsevol q\u00fcesti\u00f3 referida al m\u00f3n de l&#8217;educaci\u00f3 i l&#8217;ensenyament.<\/span><\/p>\n<\/td>\n<\/tr>\n<tr>\n<td class=\"td6\" valign=\"top\">\n<p class=\"p4\"><span class=\"s1\"><b>Formaci\u00f3<\/b><\/span><\/p>\n<\/td>\n<\/tr>\n<tr>\n<td class=\"td6\" valign=\"top\">\n<p class=\"p3\"><span class=\"s1\">Organitzaci\u00f3 i gesti\u00f3 d\u2019activitats de formaci\u00f3 de centre i obertes. Concreci\u00f3 de la demanda, suport, seguiment, i valoraci\u00f3.<\/span><\/p>\n<\/td>\n<\/tr>\n<tr>\n<td class=\"td6\" valign=\"top\">\n<p class=\"p4\"><span class=\"s1\"><b>Documentaci\u00f3 i recursos<\/b><\/span><\/p>\n<\/td>\n<\/tr>\n<tr>\n<td class=\"td6\" valign=\"top\">\n<p class=\"p3\"><span class=\"s1\">Servei de documentaci\u00f3 en xarxa, cerca i assessorament, a demanda, de recursos did\u00e0ctics virtuals, elaboraci\u00f3 de cat\u00e0legs tem\u00e0tics, pr\u00e9stec de materials.<\/span><\/p>\n<\/td>\n<\/tr>\n<tr>\n<td class=\"td6\" valign=\"top\">\n<p class=\"p4\"><span class=\"s1\"><b>TAC<\/b><\/span><\/p>\n<\/td>\n<\/tr>\n<tr>\n<td class=\"td6\" valign=\"top\">\n<p class=\"p3\"><span class=\"s1\">Acompanyament en l&#8217;elaboraci\u00f3 del Pla TAC de Centre,\u00a0 assessorament puntual, organitzaci\u00f3 de formaci\u00f3 espec\u00edfica, difusi\u00f3 d\u2019experi\u00e8ncies de centre.<\/span><\/p>\n<\/td>\n<\/tr>\n<tr>\n<td class=\"td6\" valign=\"top\">\n<p class=\"p4\"><span class=\"s1\"><b>Col\u00b7laboraci\u00f3<\/b><\/span><\/p>\n<\/td>\n<\/tr>\n<tr>\n<td class=\"td6\" valign=\"top\">\n<p class=\"p3\"><span class=\"s1\">Col\u00b7laboraci\u00f3 amb entitats i institucions\u00a0 en l\u2019organitzaci\u00f3 d\u2019esdeveniments i activitats de car\u00e0cter educatiu.<\/span><\/p>\n<\/td>\n<\/tr>\n<tr>\n<td class=\"td6\" valign=\"top\">\n<p class=\"p4\"><span class=\"s1\"><b>Maquinari<\/b><\/span><\/p>\n<\/td>\n<\/tr>\n<\/tbody>\n<tbody>\n<tr>\n<td class=\"td1\" valign=\"top\">\n<p class=\"p1\"><span class=\"s1\">Servei de reserva i pr\u00e9stec de maquinari. (Projector, Ordinador port\u00e0til, C\u00e0mara de v\u00eddeo, Equip de so)<\/span><\/p>\n<\/td>\n<\/tr>\n<\/tbody>\n<\/table>\n<\/td>\n<\/tr>\n<\/tbody>\n<\/table>\n<\/td>\n<td class=\"td8\" valign=\"top\">\n<table cellspacing=\"0\" cellpadding=\"0\">\n<tbody>\n<tr>\n<td class=\"td11\" valign=\"top\">\n<table border=\"0\" cellspacing=\"0\" cellpadding=\"0\">\n<tbody>\n<tr>\n<td class=\"td12\" valign=\"top\">\n<p class=\"p4\"><span class=\"s1\"><b>Projectes i programes<\/b><\/span><\/p>\n<\/td>\n<\/tr>\n<tr>\n<td class=\"td12\" valign=\"top\">\n<p class=\"p3\"><span class=\"s1\">Assessorament en projectes i programes promoguts pel Departament d\u2019Ensenyament.<\/span><\/p>\n<\/td>\n<\/tr>\n<tr>\n<td class=\"td12\" valign=\"top\">\n<p class=\"p4\"><span class=\"s1\"><b>Assessorament<\/b><\/span><\/p>\n<\/td>\n<\/tr>\n<tr>\n<td class=\"td12\" valign=\"top\">\n<p class=\"p3\"><span class=\"s1\">Assessorament especialitzat, \u00a0puntual, a demanda, sobre temes diversos: tecnologies, recursos did\u00e0ctics, biblioteca escolar, educaci\u00f3 ambiental, gesti\u00f3 de la formaci\u00f3 de centre, relacions escola i fam\u00edlia, treballs de recerca, treballs de final de cicle.<\/span><\/p>\n<\/td>\n<\/tr>\n<tr>\n<td class=\"td12\" valign=\"top\">\n<p class=\"p4\"><span class=\"s1\"><b>Difusi\u00f3<\/b><\/span><\/p>\n<\/td>\n<\/tr>\n<tr>\n<td class=\"td12\" valign=\"top\">\n<p class=\"p3\"><span class=\"s1\">A demanda, difusi\u00f3 de not\u00edcies, convocat\u00f2ries i esdeveniments entre els centres de la demarcaci\u00f3 emprant els canals habituals del servei: portal web, correu electr\u00f2nic , xarxes socials i\u00a0 blocs tem\u00e0tics.<\/span><\/p>\n<\/td>\n<\/tr>\n<tr>\n<td class=\"td12\" valign=\"top\">\n<p class=\"p4\"><span class=\"s1\"><b>Dinamitzaci\u00f3 i innovaci\u00f3<\/b><\/span><\/p>\n<\/td>\n<\/tr>\n<tr>\n<td class=\"td12\" valign=\"top\">\n<p class=\"p3\"><span class=\"s1\">Difusi\u00f3 de pr\u00e0ctiques de refer\u00e8ncia dels centres, organitzaci\u00f3 d\u2019activitats d\u2019intercanvi d\u2019experi\u00e8ncies adre\u00e7ades a professorat i\/alumnat de centres diversos, suport a iniciatives innovadores.<\/span><\/p>\n<\/td>\n<\/tr>\n<tr>\n<td class=\"td12\" valign=\"top\">\n<p class=\"p4\"><span class=\"s1\"><b>Propostes espec\u00edfiques de centre<\/b><\/span><\/p>\n<\/td>\n<\/tr>\n<tr>\n<td class=\"td12\" valign=\"top\">\n<p class=\"p3\"><span class=\"s1\">Suport i assessorament a propostes de centre, grups de centres, col\u00b7lectius de docents o col\u00b7lectius d&#8217;alumnes.<\/span><\/p>\n<\/td>\n<\/tr>\n<\/tbody>\n<\/table>\n<\/td>\n<\/tr>\n<\/tbody>\n<\/table>\n<\/td>\n<\/tr>\n<\/tbody>\n<\/table>\n<p class=\"p1\">Per a m\u00e9s informaci\u00f3:<\/p>\n<table class=\"t1\" style=\"height: 201px;\" width=\"885\" cellspacing=\"0\" cellpadding=\"0\">\n<tbody>\n<tr>\n<td class=\"td1\" colspan=\"3\" valign=\"top\">\n<p class=\"p1\"><span class=\"s1\"><b>Servei Educatiu del Vall\u00e8s Oriental II<\/b><\/span><\/p>\n<\/td>\n<\/tr>\n<tr>\n<td class=\"td2\" valign=\"top\">\n<p class=\"p1\"><span class=\"s1\">\u00a0<\/span><\/p>\n<\/td>\n<td class=\"td3\" valign=\"top\">\n<p class=\"p1\"><span class=\"s1\">\u00c0mbit de actuaci\u00f3:<\/span><\/p>\n<\/td>\n<td class=\"td4\" valign=\"top\">\n<p class=\"p1\"><span class=\"s1\">Montmel\u00f3, la Llagosta, Martorelles, Mollet del Vall\u00e8s, Montorn\u00e8s del Vall\u00e8s, Parets del Vall\u00e8s, <strong>St. Fost de Campsentelles<\/strong>, Sta. Maria de Martorelles.<\/span><\/p>\n<\/td>\n<\/tr>\n<tr>\n<td class=\"td5\" valign=\"top\">\n<p class=\"p1\"><span class=\"s1\">\u00a0<\/span><\/p>\n<\/td>\n<td class=\"td6\" valign=\"top\">\n<p class=\"p1\"><span class=\"s1\">Web:<\/span><\/p>\n<\/td>\n<td class=\"td7\" valign=\"top\"><a href=\"https:\/\/serveiseducatius.xtec.cat\/vallesoriental2\/\">https:\/\/serveiseducatius.xtec.cat\/vallesoriental2\/<\/a><\/td>\n<\/tr>\n<tr>\n<td class=\"td2\" valign=\"top\">\n<p class=\"p1\"><span class=\"s1\">\u00a0<\/span><\/p>\n<\/td>\n<td class=\"td3\" valign=\"top\">\n<p class=\"p1\"><span class=\"s1\">E-mail:<\/span><\/p>\n<\/td>\n<td class=\"td4\" valign=\"top\">\n<p class=\"p2\">a8870203@xtec.cat<\/p>\n<\/td>\n<\/tr>\n<\/tbody>\n<\/table>\n","protected":false},"excerpt":{"rendered":"<p>El Servei educatiu\u00a0del Vall\u00e8s Oriental II, que dep\u00e9n\u00a0del Departament d&#8217;Educaci\u00f3 de la Generalitat de Catalunya, ofereix els seus serveis i recursos al diferents col\u00b7lectius de la nostra escola El Roure: al professorat i, en alguns casos, a l&#8217;alumnat o a les fam\u00edlies, i es coordinen&hellip;  <a href=\"https:\/\/agora.xtec.cat\/escolaelroure\/lescola\/consell-escolar-2\/serveis-educatius\/\" title=\"Read Servei educatiu VOII\">Llegeix m\u00e9s\u00bb<\/a><\/p>\n","protected":false},"author":1,"featured_media":0,"parent":201,"menu_order":60,"comment_status":"closed","ping_status":"closed","template":"page-templates\/side-menu.php","meta":{"_bbp_topic_count":0,"_bbp_reply_count":0,"_bbp_total_topic_count":0,"_bbp_total_reply_count":0,"_bbp_voice_count":0,"_bbp_anonymous_reply_count":0,"_bbp_topic_count_hidden":0,"_bbp_reply_count_hidden":0,"_bbp_forum_subforum_count":0,"footnotes":""},"class_list":["post-216","page","type-page","status-publish","hentry"],"post_mailing_queue_ids":[],"_links":{"self":[{"href":"https:\/\/agora.xtec.cat\/escolaelroure\/wp-json\/wp\/v2\/pages\/216","targetHints":{"allow":["GET"]}}],"collection":[{"href":"https:\/\/agora.xtec.cat\/escolaelroure\/wp-json\/wp\/v2\/pages"}],"about":[{"href":"https:\/\/agora.xtec.cat\/escolaelroure\/wp-json\/wp\/v2\/types\/page"}],"author":[{"embeddable":true,"href":"https:\/\/agora.xtec.cat\/escolaelroure\/wp-json\/wp\/v2\/users\/1"}],"replies":[{"embeddable":true,"href":"https:\/\/agora.xtec.cat\/escolaelroure\/wp-json\/wp\/v2\/comments?post=216"}],"version-history":[{"count":4,"href":"https:\/\/agora.xtec.cat\/escolaelroure\/wp-json\/wp\/v2\/pages\/216\/revisions"}],"predecessor-version":[{"id":3946,"href":"https:\/\/agora.xtec.cat\/escolaelroure\/wp-json\/wp\/v2\/pages\/216\/revisions\/3946"}],"up":[{"embeddable":true,"href":"https:\/\/agora.xtec.cat\/escolaelroure\/wp-json\/wp\/v2\/pages\/201"}],"wp:attachment":[{"href":"https:\/\/agora.xtec.cat\/escolaelroure\/wp-json\/wp\/v2\/media?parent=216"}],"curies":[{"name":"wp","href":"https:\/\/api.w.org\/{rel}","templated":true}]}}