{"id":20890,"date":"2023-03-06T10:47:57","date_gmt":"2023-03-06T09:47:57","guid":{"rendered":"https:\/\/agora.xtec.cat\/escolaelroure\/?page_id=20890"},"modified":"2023-03-06T10:47:57","modified_gmt":"2023-03-06T09:47:57","slug":"espai-families-alumnes","status":"publish","type":"page","link":"https:\/\/agora.xtec.cat\/escolaelroure\/espai-families-alumnes\/","title":{"rendered":"Espai fam\u00edlies-alumnes"},"content":{"rendered":"<p>Espai dedicat a informacions d&#8217;inter\u00e8s de les fam\u00edlies i alumnes<\/p>\n","protected":false},"excerpt":{"rendered":"<p>Espai dedicat a informacions d&#8217;inter\u00e8s de les fam\u00edlies i alumnes<\/p>\n","protected":false},"author":5,"featured_media":0,"parent":0,"menu_order":0,"comment_status":"closed","ping_status":"closed","template":"","meta":{"_bbp_topic_count":0,"_bbp_reply_count":0,"_bbp_total_topic_count":0,"_bbp_total_reply_count":0,"_bbp_voice_count":0,"_bbp_anonymous_reply_count":0,"_bbp_topic_count_hidden":0,"_bbp_reply_count_hidden":0,"_bbp_forum_subforum_count":0,"footnotes":""},"class_list":["post-20890","page","type-page","status-publish","hentry"],"post_mailing_queue_ids":[],"_links":{"self":[{"href":"https:\/\/agora.xtec.cat\/escolaelroure\/wp-json\/wp\/v2\/pages\/20890","targetHints":{"allow":["GET"]}}],"collection":[{"href":"https:\/\/agora.xtec.cat\/escolaelroure\/wp-json\/wp\/v2\/pages"}],"about":[{"href":"https:\/\/agora.xtec.cat\/escolaelroure\/wp-json\/wp\/v2\/types\/page"}],"author":[{"embeddable":true,"href":"https:\/\/agora.xtec.cat\/escolaelroure\/wp-json\/wp\/v2\/users\/5"}],"replies":[{"embeddable":true,"href":"https:\/\/agora.xtec.cat\/escolaelroure\/wp-json\/wp\/v2\/comments?post=20890"}],"version-history":[{"count":1,"href":"https:\/\/agora.xtec.cat\/escolaelroure\/wp-json\/wp\/v2\/pages\/20890\/revisions"}],"predecessor-version":[{"id":20891,"href":"https:\/\/agora.xtec.cat\/escolaelroure\/wp-json\/wp\/v2\/pages\/20890\/revisions\/20891"}],"wp:attachment":[{"href":"https:\/\/agora.xtec.cat\/escolaelroure\/wp-json\/wp\/v2\/media?parent=20890"}],"curies":[{"name":"wp","href":"https:\/\/api.w.org\/{rel}","templated":true}]}}