{"id":19504,"date":"2020-05-09T17:13:10","date_gmt":"2020-05-09T15:13:10","guid":{"rendered":"http:\/\/agora.xtec.cat\/escolaelroure\/?page_id=19504"},"modified":"2020-05-09T17:27:26","modified_gmt":"2020-05-09T15:27:26","slug":"7-que-vol-dir-treballar-per-projectes","status":"publish","type":"page","link":"https:\/\/agora.xtec.cat\/escolaelroure\/lescola\/preguntes-frequents\/7-que-vol-dir-treballar-per-projectes\/","title":{"rendered":"7.\tQu\u00e8 vol dir treballar per projectes?"},"content":{"rendered":"<p>Un projecte treballa els continguts i compet\u00e8ncies prescrites al curr\u00edculum, per\u00f2 amb una metodologia basada en la recerca, el treball cooperatiu, les connexions de coneixements de matem\u00e0tiques, lleng\u00fces, medi, angl\u00e8s, pl\u00e0stica\u2026 amb un treball coordinat de tots\/es els\/les mestres, tant per programar les activitats, com per dur a terme l\u2019avaluaci\u00f3.<\/p>\n","protected":false},"excerpt":{"rendered":"<p>Un projecte treballa els continguts i compet\u00e8ncies prescrites al curr\u00edculum, per\u00f2 amb una metodologia basada en la recerca, el treball cooperatiu, les connexions de coneixements de matem\u00e0tiques, lleng\u00fces, medi, angl\u00e8s, pl\u00e0stica\u2026 amb un treball coordinat de tots\/es els\/les mestres, tant per programar les activitats, com&hellip;  <a href=\"https:\/\/agora.xtec.cat\/escolaelroure\/lescola\/preguntes-frequents\/7-que-vol-dir-treballar-per-projectes\/\" title=\"Read 7.\tQu\u00e8 vol dir treballar per projectes?\">Llegeix m\u00e9s\u00bb<\/a><\/p>\n","protected":false},"author":1,"featured_media":0,"parent":19374,"menu_order":0,"comment_status":"closed","ping_status":"closed","template":"page-templates\/side-menu.php","meta":{"_bbp_topic_count":0,"_bbp_reply_count":0,"_bbp_total_topic_count":0,"_bbp_total_reply_count":0,"_bbp_voice_count":0,"_bbp_anonymous_reply_count":0,"_bbp_topic_count_hidden":0,"_bbp_reply_count_hidden":0,"_bbp_forum_subforum_count":0,"footnotes":""},"class_list":["post-19504","page","type-page","status-publish","hentry"],"post_mailing_queue_ids":[],"_links":{"self":[{"href":"https:\/\/agora.xtec.cat\/escolaelroure\/wp-json\/wp\/v2\/pages\/19504","targetHints":{"allow":["GET"]}}],"collection":[{"href":"https:\/\/agora.xtec.cat\/escolaelroure\/wp-json\/wp\/v2\/pages"}],"about":[{"href":"https:\/\/agora.xtec.cat\/escolaelroure\/wp-json\/wp\/v2\/types\/page"}],"author":[{"embeddable":true,"href":"https:\/\/agora.xtec.cat\/escolaelroure\/wp-json\/wp\/v2\/users\/1"}],"replies":[{"embeddable":true,"href":"https:\/\/agora.xtec.cat\/escolaelroure\/wp-json\/wp\/v2\/comments?post=19504"}],"version-history":[{"count":1,"href":"https:\/\/agora.xtec.cat\/escolaelroure\/wp-json\/wp\/v2\/pages\/19504\/revisions"}],"predecessor-version":[{"id":19505,"href":"https:\/\/agora.xtec.cat\/escolaelroure\/wp-json\/wp\/v2\/pages\/19504\/revisions\/19505"}],"up":[{"embeddable":true,"href":"https:\/\/agora.xtec.cat\/escolaelroure\/wp-json\/wp\/v2\/pages\/19374"}],"wp:attachment":[{"href":"https:\/\/agora.xtec.cat\/escolaelroure\/wp-json\/wp\/v2\/media?parent=19504"}],"curies":[{"name":"wp","href":"https:\/\/api.w.org\/{rel}","templated":true}]}}