{"id":178,"date":"2015-11-13T12:41:42","date_gmt":"2015-11-13T11:41:42","guid":{"rendered":"http:\/\/agora.xtec.cat\/escolaelroure\/?page_id=178"},"modified":"2025-09-22T13:59:44","modified_gmt":"2025-09-22T11:59:44","slug":"claustre","status":"publish","type":"page","link":"https:\/\/agora.xtec.cat\/escolaelroure\/lescola\/consell-escolar-2\/claustre\/","title":{"rendered":"Equip docent i suport"},"content":{"rendered":"<p>L&#8217;equip docent i de suport a la doc\u00e8ncia per al curs 2025-26 es constitueix amb les seg\u00fcents persones:<\/p>\n<p><strong>Equip docent:<\/strong><\/p>\n<p><strong>Directora:<\/strong> Emma Lari<br \/>\n<strong>Cap d&#8217;estudis:<\/strong> Marta Cortina<br \/>\n<strong>Secret\u00e0ria:<\/strong> Mireia Jurado<\/p>\n<ul>\n<li style=\"list-style-type: none;\">\n<ul style=\"list-style-type: circle;\">\n<li style=\"text-align: left;\"><strong>I3<\/strong>: Judit Cotanda<\/li>\n<li style=\"text-align: left;\"><strong style=\"font-family: inherit; font-size: 1em;\">I4<\/strong><span style=\"font-family: inherit; font-size: 1em;\">:\u00a0<\/span>Pilar S\u00e1nchez<\/li>\n<li style=\"text-align: left;\"><strong style=\"font-family: inherit; font-size: 1em;\">I5<\/strong><span style=\"font-family: inherit; font-size: 1em;\">: Arantxa Collell<\/span><\/li>\n<li style=\"text-align: left;\"><strong style=\"font-size: 1em;\">1r<\/strong><span style=\"font-size: 1em;\">: Lorena Blasco<\/span><\/li>\n<li style=\"text-align: left;\"><strong style=\"font-size: 1em;\">2n<\/strong><span style=\"font-size: 1em;\">:\u00a0<\/span>Marta Ib\u00e1\u00f1ez<\/li>\n<li style=\"text-align: left;\"><strong style=\"font-size: 1em;\">3r: <\/strong><span style=\"font-family: inherit; font-size: 1em;\">Noem\u00ed Ruiz<\/span><\/li>\n<li style=\"text-align: left;\"><strong style=\"font-family: inherit; font-size: 1em;\">4t:<\/strong> Olga Borr\u00e0s<\/li>\n<li><strong style=\"font-size: 1em;\">5\u00e8<\/strong><span style=\"font-size: 1em;\">: N\u00faria S\u00e1nchez<\/span><\/li>\n<li><strong style=\"font-size: 1em;\">6\u00e8: <\/strong>Anna Sola<\/li>\n<li><strong>Suport:\u00a0<\/strong>Carme Gallardo<\/li>\n<\/ul>\n<\/li>\n<\/ul>\n<p style=\"padding-left: 30px; text-align: left;\">\u2023\u00a0<strong style=\"font-size: 1em;\">Ed. Especial<\/strong><span style=\"font-size: 1em;\">: N\u00faria Santiago<\/span><\/p>\n<p style=\"padding-left: 30px; text-align: left;\">\u2023\u00a0<strong style=\"font-size: 1em;\">Esp. Angl\u00e8s<\/strong><span style=\"font-size: 1em;\">: Marta Ib\u00e1\u00f1ez &#8211; B\u00e0rbara Edeler &#8211; Eva Jim\u00e9nez<\/span><\/p>\n<p style=\"padding-left: 30px; text-align: left;\">\u2023\u00a0<strong style=\"font-size: 1em;\">Esp. M\u00fasica<\/strong><span style=\"font-size: 1em;\">: Johnny Pardo<\/span><\/p>\n<p style=\"padding-left: 30px; text-align: left;\">\u2023\u00a0<strong>Ed. F\u00edsica i Psicomotricitat: <\/strong>Berta Diaz\/ Emma Lari<\/p>\n<p style=\"padding-left: 30px; text-align: left;\">\u2023 <strong>Rob\u00f2tica i Eines Digital<\/strong>: Noem\u00ed Ruiz<\/p>\n<p>&nbsp;<\/p>\n<p><strong>DIA DE VISITA DEL PROFESSORAT:<\/strong> Dijous de 12:30 a 13:30 hores (visites concertades)<\/p>\n<p><strong>Suport a la doc\u00e8ncia:<br \/>\n<\/strong><\/p>\n<h6 style=\"padding-left: 30px;\">\u2023 <strong>Vetllador\/a<\/strong>: Eduard Dom\u00e8nech i Sonia Nieto<\/h6>\n<p>&nbsp;<\/p>\n<p>&nbsp;<\/p>\n","protected":false},"excerpt":{"rendered":"<p>L&#8217;equip docent i de suport a la doc\u00e8ncia per al curs 2025-26 es constitueix amb les seg\u00fcents persones:<br \/>\nEquip docent:<br \/>\nDirectora: Emma Lari<br \/>\nCap d&#8217;estudis: Marta Cortina<br \/>\nSecret\u00e0ria: Mireia Jurado<\/p>\n<ul>\n<li style=\"list-style-type: none;\">\n<ul style=\"list-style-type: circle;\">\n<li style=\"text-align: left;\">I3: Judit Cotanda<\/li>\n<li style=\"text-align: left;\">I4:\u00a0Pilar S\u00e1nchez<\/li>\n<li style=\"text-align: left;\">I5: Arantxa Collell<\/li>\n<li style=\"text-align: left;\">1r: Lorena Blasco<\/li>\n<li&hellip;  <a href=\"https:\/\/agora.xtec.cat\/escolaelroure\/lescola\/consell-escolar-2\/claustre\/\" title=\"Read Equip docent i suport\">Llegeix m\u00e9s\u00bb<\/a><br \/>\n","protected":false},"author":1,"featured_media":0,"parent":201,"menu_order":20,"comment_status":"closed","ping_status":"closed","template":"page-templates\/side-menu.php","meta":{"_bbp_topic_count":0,"_bbp_reply_count":0,"_bbp_total_topic_count":0,"_bbp_total_reply_count":0,"_bbp_voice_count":0,"_bbp_anonymous_reply_count":0,"_bbp_topic_count_hidden":0,"_bbp_reply_count_hidden":0,"_bbp_forum_subforum_count":0,"footnotes":""},"class_list":["post-178","page","type-page","status-publish","hentry"],"post_mailing_queue_ids":[],"_links":{"self":[{"href":"https:\/\/agora.xtec.cat\/escolaelroure\/wp-json\/wp\/v2\/pages\/178","targetHints":{"allow":["GET"]}}],"collection":[{"href":"https:\/\/agora.xtec.cat\/escolaelroure\/wp-json\/wp\/v2\/pages"}],"about":[{"href":"https:\/\/agora.xtec.cat\/escolaelroure\/wp-json\/wp\/v2\/types\/page"}],"author":[{"embeddable":true,"href":"https:\/\/agora.xtec.cat\/escolaelroure\/wp-json\/wp\/v2\/users\/1"}],"replies":[{"embeddable":true,"href":"https:\/\/agora.xtec.cat\/escolaelroure\/wp-json\/wp\/v2\/comments?post=178"}],"version-history":[{"count":8,"href":"https:\/\/agora.xtec.cat\/escolaelroure\/wp-json\/wp\/v2\/pages\/178\/revisions"}],"predecessor-version":[{"id":21788,"href":"https:\/\/agora.xtec.cat\/escolaelroure\/wp-json\/wp\/v2\/pages\/178\/revisions\/21788"}],"up":[{"embeddable":true,"href":"https:\/\/agora.xtec.cat\/escolaelroure\/wp-json\/wp\/v2\/pages\/201"}],"wp:attachment":[{"href":"https:\/\/agora.xtec.cat\/escolaelroure\/wp-json\/wp\/v2\/media?parent=178"}],"curies":[{"name":"wp","href":"https:\/\/api.w.org\/{rel}","templated":true}]}}