{"id":1474,"date":"2015-12-14T12:35:53","date_gmt":"2015-12-14T11:35:53","guid":{"rendered":"http:\/\/agora.xtec.cat\/escolaelroure\/?page_id=1474"},"modified":"2022-02-14T16:11:34","modified_gmt":"2022-02-14T15:11:34","slug":"exposicions-orals","status":"publish","type":"page","link":"https:\/\/agora.xtec.cat\/escolaelroure\/els-nostres-projectes\/exposicions-orals\/","title":{"rendered":"Exposicions orals"},"content":{"rendered":"<h5>Amb la finalitat de desenvolupar i sistematitzar la compet\u00e8ncia ling\u00fc\u00edstica, la nostra escola <strong><span style=\"color: #339966;\">El Roure<\/span><\/strong> es proposa incidir en\u00a0la producci\u00f3 d\u2019activitats d\u2019expressi\u00f3 oral per part dels alumnes per a qu\u00e8 siguin capa\u00e7os d\u2019elaborar i expressar les seves idees, opinions i construir el propi pensament.<\/h5>\n<p><strong>Entre les actuacions previstes, cal destacar:<\/strong><\/p>\n<ul>\n<li>Revisi\u00f3 del curr\u00edculum en espiral i seq\u00fcenciaci\u00f3 de les activitats orals espec\u00edfiques per a cada nivell.<\/li>\n<li>Elaboraci\u00f3 d\u2019un document de criteris b\u00e0sics o gui\u00f3 tipus r\u00fabrica del que s\u2019espera d\u2019una exposici\u00f3 oral (adequat per nivells): presentaci\u00f3, entonaci\u00f3, to corporal, elements multim\u00e8dia, \u00fas de vocabulari t\u00e8cnic, \u00fas de la llengua catalana\u2026<\/li>\n<li>Realitzaci\u00f3 d\u2019exposicions orals preparades en relaci\u00f3 a les unitats de les \u00e0rees de coneixement (Medi, Ed. c\u00edvica i valors&#8230;), fent \u00fas del gui\u00f3 de l\u2019exposici\u00f3 oral (r\u00fabrica).<\/li>\n<li>Gravaci\u00f3 (de veu i v\u00eddeo) de les intervencions dels alumnes per a aplicar l\u2019autoavaluaci\u00f3 i la coavaluaci\u00f3 d\u2019acord amb el gui\u00f3\u00a0establert i fent servir la r\u00fabrica establerta per fer propostes de millora.<\/li>\n<\/ul>\n<p>&nbsp;<\/p>\n<p>&nbsp;<\/p>\n","protected":false},"excerpt":{"rendered":"<p>Amb la finalitat de desenvolupar i sistematitzar la compet\u00e8ncia ling\u00fc\u00edstica, la nostra escola El Roure es proposa incidir en\u00a0la producci\u00f3 d\u2019activitats d\u2019expressi\u00f3 oral per part dels alumnes per a qu\u00e8 siguin capa\u00e7os d\u2019elaborar i expressar les seves idees, opinions i construir el propi pensament.<br \/>\nEntre les&hellip;  <a href=\"https:\/\/agora.xtec.cat\/escolaelroure\/els-nostres-projectes\/exposicions-orals\/\" title=\"Read Exposicions orals\">Llegeix m\u00e9s\u00bb<\/a><\/p>\n","protected":false},"author":1,"featured_media":0,"parent":410,"menu_order":40,"comment_status":"closed","ping_status":"closed","template":"page-templates\/side-menu.php","meta":{"_bbp_topic_count":0,"_bbp_reply_count":0,"_bbp_total_topic_count":0,"_bbp_total_reply_count":0,"_bbp_voice_count":0,"_bbp_anonymous_reply_count":0,"_bbp_topic_count_hidden":0,"_bbp_reply_count_hidden":0,"_bbp_forum_subforum_count":0,"footnotes":""},"class_list":["post-1474","page","type-page","status-publish","hentry"],"post_mailing_queue_ids":[],"_links":{"self":[{"href":"https:\/\/agora.xtec.cat\/escolaelroure\/wp-json\/wp\/v2\/pages\/1474","targetHints":{"allow":["GET"]}}],"collection":[{"href":"https:\/\/agora.xtec.cat\/escolaelroure\/wp-json\/wp\/v2\/pages"}],"about":[{"href":"https:\/\/agora.xtec.cat\/escolaelroure\/wp-json\/wp\/v2\/types\/page"}],"author":[{"embeddable":true,"href":"https:\/\/agora.xtec.cat\/escolaelroure\/wp-json\/wp\/v2\/users\/1"}],"replies":[{"embeddable":true,"href":"https:\/\/agora.xtec.cat\/escolaelroure\/wp-json\/wp\/v2\/comments?post=1474"}],"version-history":[{"count":4,"href":"https:\/\/agora.xtec.cat\/escolaelroure\/wp-json\/wp\/v2\/pages\/1474\/revisions"}],"predecessor-version":[{"id":20504,"href":"https:\/\/agora.xtec.cat\/escolaelroure\/wp-json\/wp\/v2\/pages\/1474\/revisions\/20504"}],"up":[{"embeddable":true,"href":"https:\/\/agora.xtec.cat\/escolaelroure\/wp-json\/wp\/v2\/pages\/410"}],"wp:attachment":[{"href":"https:\/\/agora.xtec.cat\/escolaelroure\/wp-json\/wp\/v2\/media?parent=1474"}],"curies":[{"name":"wp","href":"https:\/\/api.w.org\/{rel}","templated":true}]}}