{"id":1384,"date":"2015-12-09T20:11:27","date_gmt":"2015-12-09T19:11:27","guid":{"rendered":"http:\/\/agora.xtec.cat\/escolaelroure\/?page_id=1384"},"modified":"2015-12-10T19:06:01","modified_gmt":"2015-12-10T18:06:01","slug":"valors","status":"publish","type":"page","link":"https:\/\/agora.xtec.cat\/escolaelroure\/la-nostra-perspectiva\/valors\/","title":{"rendered":"Valors"},"content":{"rendered":"<h5>L&#8217;escola <span style=\"color: #008000;\"><strong>El Roure<\/strong><\/span>\u00a0es defineix com un centre amb car\u00e0cter de servei <strong><span style=\"color: #008000;\">p\u00fablic, gratu\u00eft, igualitari, lliure i coherent<\/span><\/strong> amb els valors d&#8217;una societat democr\u00e0tica.<\/h5>\n<p><strong>\u00c9s per aix\u00f2 que:<\/strong><\/p>\n<ul>\n<li>\n<p class=\"western\" lang=\"ca-ES\" align=\"JUSTIFY\">Es manifesta <strong>plural<\/strong> perqu\u00e8 accepta distintes ideologies, \u00e9s aconfessional, defensa la llibertat i la igualtat i lluita contra les discriminacions de ra\u00e7a, sexe i llengua i fomenta els drets humans.<\/p>\n<\/li>\n<li>\n<p class=\"western\" lang=\"ca-ES\" align=\"JUSTIFY\">L\u2019educaci\u00f3 i la conviv\u00e8ncia es desenvolupen en un marc de <strong>toler\u00e0ncia i respect<\/strong>e a la llibertat individual i de di\u00e0leg.<\/p>\n<\/li>\n<li>\n<p class=\"western\" lang=\"ca-ES\" align=\"JUSTIFY\">Es fomenten els valors individuals com l&#8217;<strong>autoestima<\/strong>, la <strong>responsabilitat,\u00a0<\/strong>la <strong>iniciativa <\/strong>i l&#8217;<strong>autonomia<\/strong> dins d&#8217;un context social comprom\u00e8s,\u00a0per tal que els alumnes puguin resoldre els problemes que se&#8217;ls plantegen.<\/p>\n<\/li>\n<li>\n<p class=\"western\" lang=\"ca-ES\" align=\"JUSTIFY\">Es promou la <strong>motivaci\u00f3<\/strong> i la cultura de l\u2019<strong>esfor\u00e7,<\/strong> com a vies de superaci\u00f3 per aconseguir millorar els processos i els resultats.<\/p>\n<\/li>\n<li>\n<p class=\"western\" lang=\"ca-ES\" align=\"JUSTIFY\">\u00c9s un centre <strong>actiu<\/strong> que treballa per formar i educar els nostres alumnes perqu\u00e8 esdevinguin persones capaces de desenvolupar-se en societat.<\/p>\n<\/li>\n<li>\n<p class=\"western\" lang=\"ca-ES\" align=\"JUSTIFY\">\u00c9s un centre <strong>participatiu<\/strong> perqu\u00e8 tota la comunitat educativa (mestres, personal d&#8217;administraci\u00f3 i serveis, pares i alumnes) participen en la seva gesti\u00f3 i, a m\u00e9s, el centre est\u00e0 obert i participa de les activitats de l\u2019entorn.<\/p>\n<\/li>\n<\/ul>\n<p>&nbsp;<\/p>\n","protected":false},"excerpt":{"rendered":"<p>L&#8217;escola El Roure\u00a0es defineix com un centre amb car\u00e0cter de servei p\u00fablic, gratu\u00eft, igualitari, lliure i coherent amb els valors d&#8217;una societat democr\u00e0tica.<br \/>\n\u00c9s per aix\u00f2 que:<\/p>\n<ul>\n<li>\nEs manifesta plural perqu\u00e8 accepta distintes ideologies, \u00e9s aconfessional, defensa la llibertat i la igualtat i lluita contra les discriminacions&hellip;  <a href=\"https:\/\/agora.xtec.cat\/escolaelroure\/la-nostra-perspectiva\/valors\/\" title=\"Read Valors\">Llegeix m\u00e9s\u00bb<\/a><\/p>\n","protected":false},"author":1,"featured_media":0,"parent":196,"menu_order":30,"comment_status":"closed","ping_status":"closed","template":"page-templates\/side-menu.php","meta":{"_bbp_topic_count":0,"_bbp_reply_count":0,"_bbp_total_topic_count":0,"_bbp_total_reply_count":0,"_bbp_voice_count":0,"_bbp_anonymous_reply_count":0,"_bbp_topic_count_hidden":0,"_bbp_reply_count_hidden":0,"_bbp_forum_subforum_count":0,"footnotes":""},"class_list":["post-1384","page","type-page","status-publish","hentry"],"post_mailing_queue_ids":[],"_links":{"self":[{"href":"https:\/\/agora.xtec.cat\/escolaelroure\/wp-json\/wp\/v2\/pages\/1384","targetHints":{"allow":["GET"]}}],"collection":[{"href":"https:\/\/agora.xtec.cat\/escolaelroure\/wp-json\/wp\/v2\/pages"}],"about":[{"href":"https:\/\/agora.xtec.cat\/escolaelroure\/wp-json\/wp\/v2\/types\/page"}],"author":[{"embeddable":true,"href":"https:\/\/agora.xtec.cat\/escolaelroure\/wp-json\/wp\/v2\/users\/1"}],"replies":[{"embeddable":true,"href":"https:\/\/agora.xtec.cat\/escolaelroure\/wp-json\/wp\/v2\/comments?post=1384"}],"version-history":[{"count":4,"href":"https:\/\/agora.xtec.cat\/escolaelroure\/wp-json\/wp\/v2\/pages\/1384\/revisions"}],"predecessor-version":[{"id":1420,"href":"https:\/\/agora.xtec.cat\/escolaelroure\/wp-json\/wp\/v2\/pages\/1384\/revisions\/1420"}],"up":[{"embeddable":true,"href":"https:\/\/agora.xtec.cat\/escolaelroure\/wp-json\/wp\/v2\/pages\/196"}],"wp:attachment":[{"href":"https:\/\/agora.xtec.cat\/escolaelroure\/wp-json\/wp\/v2\/media?parent=1384"}],"curies":[{"name":"wp","href":"https:\/\/api.w.org\/{rel}","templated":true}]}}