{"id":794,"date":"2021-01-13T12:00:08","date_gmt":"2021-01-13T11:00:08","guid":{"rendered":"http:\/\/agora.xtec.cat\/escolaelroquissar\/?page_id=794"},"modified":"2021-01-13T12:00:08","modified_gmt":"2021-01-13T11:00:08","slug":"ampa-el-roquissar","status":"publish","type":"page","link":"https:\/\/agora.xtec.cat\/escolaelroquissar\/ampa-el-roquissar\/","title":{"rendered":"AMPA EL ROQUISSAR"},"content":{"rendered":"<p class=\"font_8\">L\u2019Associaci\u00f3 de Mares i Pares d\u2019Alumnes del Centre d\u2019Educaci\u00f3 Infantil i Prim\u00e0ria Roquissar som tots els pares i mares de l\u2019escola que volem donar suport actiu a la formaci\u00f3 del nostres fills dins l\u2019\u00e0mbit escolar.<\/p>\n<p class=\"font_8\">L\u2019Assemblea\u00a0General\u00a0\u00e9s l\u2019\u00f2rgan principal de govern de l\u2019Associaci\u00f3 i est\u00e0 constitu\u00efda per la totalitat de les fam\u00edlies s\u00f2cies.<\/p>\n<p><span style=\"text-decoration: underline;\">www.amparoquissar.wixsite.com\/webampa<\/span><\/p>\n<p class=\"font_8\"><a href=\"http:\/\/www.amparoquissar.wixsite.com\/webampa\" target=\"_blank\" rel=\"noopener noreferrer\">AMPA El Roquissar<\/a><\/p>\n","protected":false},"excerpt":{"rendered":"<p>L\u2019Associaci\u00f3 de Mares i Pares d\u2019Alumnes del Centre d\u2019Educaci\u00f3 Infantil i Prim\u00e0ria Roquissar som tots els pares i mares de l\u2019escola que volem donar suport actiu a la formaci\u00f3 del nostres fills dins l\u2019\u00e0mbit escolar.<br \/>\nL\u2019Assemblea\u00a0General\u00a0\u00e9s l\u2019\u00f2rgan principal de govern de l\u2019Associaci\u00f3 i est\u00e0 constitu\u00efda per&hellip;  <a href=\"https:\/\/agora.xtec.cat\/escolaelroquissar\/ampa-el-roquissar\/\" title=\"Read AMPA EL ROQUISSAR\">Llegeix m\u00e9s\u00bb<\/a><\/p>\n","protected":false},"author":1,"featured_media":0,"parent":0,"menu_order":0,"comment_status":"closed","ping_status":"closed","template":"","meta":{"_bbp_topic_count":0,"_bbp_reply_count":0,"_bbp_total_topic_count":0,"_bbp_total_reply_count":0,"_bbp_voice_count":0,"_bbp_anonymous_reply_count":0,"_bbp_topic_count_hidden":0,"_bbp_reply_count_hidden":0,"_bbp_forum_subforum_count":0,"footnotes":""},"class_list":["post-794","page","type-page","status-publish","hentry"],"post_mailing_queue_ids":[],"_links":{"self":[{"href":"https:\/\/agora.xtec.cat\/escolaelroquissar\/wp-json\/wp\/v2\/pages\/794","targetHints":{"allow":["GET"]}}],"collection":[{"href":"https:\/\/agora.xtec.cat\/escolaelroquissar\/wp-json\/wp\/v2\/pages"}],"about":[{"href":"https:\/\/agora.xtec.cat\/escolaelroquissar\/wp-json\/wp\/v2\/types\/page"}],"author":[{"embeddable":true,"href":"https:\/\/agora.xtec.cat\/escolaelroquissar\/wp-json\/wp\/v2\/users\/1"}],"replies":[{"embeddable":true,"href":"https:\/\/agora.xtec.cat\/escolaelroquissar\/wp-json\/wp\/v2\/comments?post=794"}],"version-history":[{"count":1,"href":"https:\/\/agora.xtec.cat\/escolaelroquissar\/wp-json\/wp\/v2\/pages\/794\/revisions"}],"predecessor-version":[{"id":795,"href":"https:\/\/agora.xtec.cat\/escolaelroquissar\/wp-json\/wp\/v2\/pages\/794\/revisions\/795"}],"wp:attachment":[{"href":"https:\/\/agora.xtec.cat\/escolaelroquissar\/wp-json\/wp\/v2\/media?parent=794"}],"curies":[{"name":"wp","href":"https:\/\/api.w.org\/{rel}","templated":true}]}}