{"id":560,"date":"2019-09-24T16:15:39","date_gmt":"2019-09-24T14:15:39","guid":{"rendered":"http:\/\/agora.xtec.cat\/escolaelroquissar\/?page_id=560"},"modified":"2019-09-27T10:33:13","modified_gmt":"2019-09-27T08:33:13","slug":"pec-pl","status":"publish","type":"page","link":"https:\/\/agora.xtec.cat\/escolaelroquissar\/documents-2\/pec-pl\/","title":{"rendered":"PEC + PL"},"content":{"rendered":"<div style=\"text-align: center;\">\n<div style=\"margin: 8px 0px 4px;\"><a href=\"https:\/\/www.calameo.com\/books\/003334326231b1d79707c\" target=\"_blank\" rel=\"noopener noreferrer\">Pec 2018 + Plc Docx<\/a><\/div>\n<header class=\"entry-header\">\n<h1 class=\"entry-title\">Projecte ling\u00fc\u00edstic de centre<\/h1>\n<\/header>\n<div class=\"entry-content\">\n<p style=\"font-family: 'Helvetica Neue', Helvetica, Helvetica, Arial, sans-serif; font-size: 16px; text-align: left;\">El PROJECTE LING\u00dc\u00cdSTIC DEL CENTRE \u00e9s l\u2019instrument que permet assolir els objectius generals referents a la compet\u00e8ncia ling\u00fc\u00edstica que defineix la normativa vigent<br \/>\nOBJECTIUS GENERALS del sistema educatiu:<br \/>\n1. Garantir, en acabar l\u2019educaci\u00f3 obligat\u00f2ria, el domini equivalent de les lleng\u00fces oficials (B2 al final de l\u2019ESO i C1 al final del batxillerat).<br \/>\n2. Garantir un grau de compet\u00e8ncia suficient en una o dues lleng\u00fces estrangeres (B1 al final de l\u2019ESO i B2 al final del batxillerat de la primera llengua estrangera).<br \/>\n3. Recon\u00e8ixer i fer presents a les aules i als centres les lleng\u00fces familiars dels alumnes d\u2019origen estranger i facilitar-ne l\u2019aprenentatge.<br \/>\n4. Capacitar els alumnes per conviure en una societat multiling\u00fce i multicultural.<br \/>\n5. Refor\u00e7ar el paper de la llengua catalana com a llengua vehicular del sistema educatiu i potenciar-ne l\u2019\u00fas per part de l\u2019alumnat.<br \/>\n6. Garantir l\u2019acollida i l\u2019atenci\u00f3 ling\u00fc\u00edstica de l\u2019alumnat nouvingut, i la seva integraci\u00f3 a l\u2019aula ordin\u00e0ria.<\/p>\n<p style=\"text-align: left;\">\n<\/div>\n<p style=\"text-align: left;\"><iframe loading=\"lazy\" style=\"margin: 0 auto;\" src=\"\/\/v.calameo.com\/?bkcode=003334326231b1d79707c&amp;mode=mini\" width=\"480\" height=\"300\" frameborder=\"0\" scrolling=\"no\" allowfullscreen=\"allowfullscreen\"><\/iframe><\/p>\n<div style=\"margin: 4px 0px 8px;\"><a href=\"http:\/\/www.calameo.com\/\" target=\"_blank\" rel=\"noopener noreferrer\">Leer m\u00e1s publicaciones en Calam\u00e9o<\/a><\/div>\n<\/div>\n","protected":false},"excerpt":{"rendered":"<p><a href=\"https:\/\/www.calameo.com\/books\/003334326231b1d79707c\" target=\"_blank\" rel=\"noopener noreferrer\">Pec 2018 + Plc Docx<\/a><\/p>\n<p>Projecte ling\u00fc\u00edstic de centre<\/p>\n<p>El PROJECTE LING\u00dc\u00cdSTIC DEL CENTRE \u00e9s l\u2019instrument que permet assolir els objectius generals referents a la compet\u00e8ncia ling\u00fc\u00edstica que defineix la normativa vigent<br \/>\nOBJECTIUS GENERALS del sistema educatiu:<br \/>\n1. Garantir, en acabar l\u2019educaci\u00f3 obligat\u00f2ria, el domini&hellip;  <a href=\"https:\/\/agora.xtec.cat\/escolaelroquissar\/documents-2\/pec-pl\/\" title=\"Read PEC + PL\">Llegeix m\u00e9s\u00bb<\/a><\/p>\n","protected":false},"author":7,"featured_media":0,"parent":563,"menu_order":0,"comment_status":"closed","ping_status":"closed","template":"","meta":{"_bbp_topic_count":0,"_bbp_reply_count":0,"_bbp_total_topic_count":0,"_bbp_total_reply_count":0,"_bbp_voice_count":0,"_bbp_anonymous_reply_count":0,"_bbp_topic_count_hidden":0,"_bbp_reply_count_hidden":0,"_bbp_forum_subforum_count":0,"footnotes":""},"class_list":["post-560","page","type-page","status-publish","hentry"],"post_mailing_queue_ids":[],"_links":{"self":[{"href":"https:\/\/agora.xtec.cat\/escolaelroquissar\/wp-json\/wp\/v2\/pages\/560","targetHints":{"allow":["GET"]}}],"collection":[{"href":"https:\/\/agora.xtec.cat\/escolaelroquissar\/wp-json\/wp\/v2\/pages"}],"about":[{"href":"https:\/\/agora.xtec.cat\/escolaelroquissar\/wp-json\/wp\/v2\/types\/page"}],"author":[{"embeddable":true,"href":"https:\/\/agora.xtec.cat\/escolaelroquissar\/wp-json\/wp\/v2\/users\/7"}],"replies":[{"embeddable":true,"href":"https:\/\/agora.xtec.cat\/escolaelroquissar\/wp-json\/wp\/v2\/comments?post=560"}],"version-history":[{"count":3,"href":"https:\/\/agora.xtec.cat\/escolaelroquissar\/wp-json\/wp\/v2\/pages\/560\/revisions"}],"predecessor-version":[{"id":577,"href":"https:\/\/agora.xtec.cat\/escolaelroquissar\/wp-json\/wp\/v2\/pages\/560\/revisions\/577"}],"up":[{"embeddable":true,"href":"https:\/\/agora.xtec.cat\/escolaelroquissar\/wp-json\/wp\/v2\/pages\/563"}],"wp:attachment":[{"href":"https:\/\/agora.xtec.cat\/escolaelroquissar\/wp-json\/wp\/v2\/media?parent=560"}],"curies":[{"name":"wp","href":"https:\/\/api.w.org\/{rel}","templated":true}]}}