{"id":524,"date":"2019-09-24T11:33:15","date_gmt":"2019-09-24T09:33:15","guid":{"rendered":"http:\/\/agora.xtec.cat\/escolaelroquissar\/?page_id=524"},"modified":"2019-09-24T11:39:28","modified_gmt":"2019-09-24T09:39:28","slug":"dinantia-al-roquissar","status":"publish","type":"page","link":"https:\/\/agora.xtec.cat\/escolaelroquissar\/pagines-dinici\/dinantia-al-roquissar\/","title":{"rendered":"Dinantia al Roquissar"},"content":{"rendered":"<header class=\"entry-header\">\n<h1 class=\"entry-title\"><em><strong>Dinantia<\/strong><\/em><\/h1>\n<\/header>\n<div class=\"entry-content\">\n<p><strong>A partir del curs passat,\u00a0 l\u2019escola envia totes les notificacions per Dinantia<\/strong>\u00a0o a trav\u00e9s de l\u2019agenda de l\u2019alumne\/a<strong> i eliminar\u00e0 la comunicaci\u00f3 en format paper.\u00a0<\/strong><\/p>\n<p>En l\u00ednia coherent amb el distintiu d&#8217;Escola Verda, ens veiem compromesos amb la reducci\u00f3, el m\u00e0xim possible, de l&#8217;\u00fas (en ocasions ab\u00fas) del paper com a forma de comunicaci\u00f3.<\/p>\n<p>A m\u00e9s, l&#8217;aplicaci\u00f3 dinantia, facilita, afavoreix i democratitza el sistema de comunicaci\u00f3 entre escola i fam\u00edlies.<\/p>\n<p><a href=\"https:\/\/agora.xtec.cat\/escolaelroquissar\/wp-content\/uploads\/usu607\/2019\/09\/dinantia2.jpg\"><img loading=\"lazy\" decoding=\"async\" class=\"size-full wp-image-525 aligncenter\" src=\"https:\/\/agora.xtec.cat\/escolaelroquissar\/wp-content\/uploads\/usu607\/2019\/09\/dinantia2.jpg\" alt=\"\" width=\"300\" height=\"168\" \/><\/a><\/p>\n<p>L\u2019aplicaci\u00f3 m\u00f2bil Dinantia \u00e9s una eina senzilla i r\u00e0pida per a la\u00a0<strong>comunicaci\u00f3 entre el centre i les fam\u00edlies<\/strong>. Amb aquesta plataforma les fam\u00edlies poden rebre comunicacions, imatges i documents del centre i estar informats a trav\u00e9s del tel\u00e8fon m\u00f2bil.<\/p>\n<p>Amb aquest servei el centre podr\u00e0 enviar missatges a les fam\u00edlies per tal de concertar reunions, fer enquestes d\u2019opini\u00f3 an\u00f2nimes, autoritzar sortides escolars, etc.\u00a0<strong>Les autoritzacions signades des de Dinantia tenen validesa legal.<\/strong><\/p>\n<p>La seva desc\u00e0rrega \u00e9s gratu\u00efta. Pot instal\u00b7lar-se amb un \u00fanic compte en diversos dispositius.<\/p>\n<p>&nbsp;<\/p>\n<p>Tamb\u00e9 \u00e9s possible accedir-hi des de la versi\u00f3 web:<strong>\u00a0<a href=\"https:\/\/app.dinantia.com\/\">https:\/\/app.dinantia.com\/<\/a><\/strong><\/p>\n<p>\u00c9s molt important que, tal i com es detalla al document anterior,\u00a0<strong>creeu un PIN que us servir\u00e0 per signar determinats documents<\/strong>\u00a0com, per exemple, les autoritzacions de les sortides.<\/p>\n<p>Quan el centre env\u00efi un missatge, el rebreu en forma de\u00a0<em>notificaci\u00f3 push<\/em>\u00a0en el tel\u00e8fon m\u00f2bil o tauleta on tingueu instal\u00b7lada\u00a0 l\u2019aplicaci\u00f3.<\/p>\n<p>&nbsp;<\/p>\n<p><a href=\"https:\/\/agora.xtec.cat\/escolaelroquissar\/wp-content\/uploads\/usu607\/2019\/09\/Dinantia-instalacio-inicial-CA-1.pdf\" target=\"_blank\" rel=\"noopener noreferrer\">Dinantia instalaci\u00f3 inicial<\/a><\/p>\n<p>&nbsp;<\/p>\n<p>Per android: <a href=\"https:\/\/play.google.com\/store\/apps\/details?id=com.dinantia.dinantia\">https:\/\/play.google.com\/store\/apps\/details?id=com.dinantia.dinantia<\/a><\/p>\n<p>Per apple: <a href=\"https:\/\/itunes.apple.com\/es\/app\/dinantia\/id1057051981?mt=8\">https:\/\/itunes.apple.com\/es\/app\/dinantia\/id1057051981?mt=8<\/a><\/p>\n<p>&nbsp;<\/p>\n<p>Per poder accedir a l\u2019app. ho podeu fer amb el vostre correu electr\u00f2nic, que pr\u00e8viament tindrem enregistrat (el que ens heu facilitat en la fitxa de l\u2019alumne).<\/p>\n<p>&nbsp;<\/p>\n<p>El vostre correu electr\u00f2nic us generar\u00e0 una contrasenya exclusiva que garanteix la privacitat de totes les dades i les comunicacions establertes per aquesta via.<\/p>\n<p>&nbsp;<\/p>\n<\/div>\n","protected":false},"excerpt":{"rendered":"<p>Dinantia<\/p>\n<p>A partir del curs passat,\u00a0 l\u2019escola envia totes les notificacions per Dinantia\u00a0o a trav\u00e9s de l\u2019agenda de l\u2019alumne\/a i eliminar\u00e0 la comunicaci\u00f3 en format paper.\u00a0<br \/>\nEn l\u00ednia coherent amb el distintiu d&#8217;Escola Verda, ens veiem compromesos amb la reducci\u00f3, el m\u00e0xim possible, de l&#8217;\u00fas (en ocasions&hellip;  <a href=\"https:\/\/agora.xtec.cat\/escolaelroquissar\/pagines-dinici\/dinantia-al-roquissar\/\" title=\"Read Dinantia al Roquissar\">Llegeix m\u00e9s\u00bb<\/a><\/p>\n","protected":false},"author":7,"featured_media":0,"parent":7,"menu_order":0,"comment_status":"closed","ping_status":"closed","template":"","meta":{"_bbp_topic_count":0,"_bbp_reply_count":0,"_bbp_total_topic_count":0,"_bbp_total_reply_count":0,"_bbp_voice_count":0,"_bbp_anonymous_reply_count":0,"_bbp_topic_count_hidden":0,"_bbp_reply_count_hidden":0,"_bbp_forum_subforum_count":0,"footnotes":""},"class_list":["post-524","page","type-page","status-publish","hentry"],"post_mailing_queue_ids":[],"_links":{"self":[{"href":"https:\/\/agora.xtec.cat\/escolaelroquissar\/wp-json\/wp\/v2\/pages\/524","targetHints":{"allow":["GET"]}}],"collection":[{"href":"https:\/\/agora.xtec.cat\/escolaelroquissar\/wp-json\/wp\/v2\/pages"}],"about":[{"href":"https:\/\/agora.xtec.cat\/escolaelroquissar\/wp-json\/wp\/v2\/types\/page"}],"author":[{"embeddable":true,"href":"https:\/\/agora.xtec.cat\/escolaelroquissar\/wp-json\/wp\/v2\/users\/7"}],"replies":[{"embeddable":true,"href":"https:\/\/agora.xtec.cat\/escolaelroquissar\/wp-json\/wp\/v2\/comments?post=524"}],"version-history":[{"count":2,"href":"https:\/\/agora.xtec.cat\/escolaelroquissar\/wp-json\/wp\/v2\/pages\/524\/revisions"}],"predecessor-version":[{"id":528,"href":"https:\/\/agora.xtec.cat\/escolaelroquissar\/wp-json\/wp\/v2\/pages\/524\/revisions\/528"}],"up":[{"embeddable":true,"href":"https:\/\/agora.xtec.cat\/escolaelroquissar\/wp-json\/wp\/v2\/pages\/7"}],"wp:attachment":[{"href":"https:\/\/agora.xtec.cat\/escolaelroquissar\/wp-json\/wp\/v2\/media?parent=524"}],"curies":[{"name":"wp","href":"https:\/\/api.w.org\/{rel}","templated":true}]}}