{"id":34,"date":"2014-09-18T12:32:18","date_gmt":"2014-09-18T12:32:18","guid":{"rendered":"http:\/\/agora.xtec.cat\/escolaelroquissar\/?page_id=34"},"modified":"2024-09-23T10:11:36","modified_gmt":"2024-09-23T08:11:36","slug":"oferta-educativa","status":"publish","type":"page","link":"https:\/\/agora.xtec.cat\/escolaelroquissar\/lescola\/oferta-educativa\/","title":{"rendered":"Oferta educativa"},"content":{"rendered":"<p>El centre consta d&#8217;una l\u00ednia per nivell educatiu.<\/p>\n<p>Tenim tres cursos d&#8217;Educaci\u00f3 Infantil (I3, I4 i I5) i set de Prim\u00e0ria (de 1er a 6\u00e8, amb dos grups a la classe de 5\u00e8).<\/p>\n<p>Actualment, el centre t\u00e9 una matr\u00edcula de 185 alumnes, amb una ocupaci\u00f3 al l\u00edmit de r\u00e0tio a la majoria de cursos. Aix\u00f2 \u00e9s 25 alumnes per classe.<\/p>\n<p>Per atendre als infants, la dotaci\u00f3 docent \u00e9s de 17&#8217;5 mestres. Amb els especialistes d&#8217;educaci\u00f3 infantil, de prim\u00e0ria, d&#8217;educaci\u00f3 f\u00edsica, d&#8217;angl\u00e8s, d&#8217;educaci\u00f3 especial, de m\u00fasica i de religi\u00f3 cat\u00f2lica.<\/p>\n<p>El centre compta amb l&#8217;assessorament setmanal d&#8217;una psicopedagoga de l&#8217;EAP del Departament d&#8217;Ensenyament i mensualment d&#8217;una treballadora social de servei educatiu del Tarragon\u00e8s.<\/p>\n<p>Desde el curs 2020-2021, s&#8217;ha dotat al centre amb el recurs d&#8217;una aula SIEI, de suport educatiu inclusiu, amb un mestre d&#8217;educaci\u00f3 especial i un educador d&#8217;educaci\u00f3 especial.<\/p>\n<p>&nbsp;<\/p>\n","protected":false},"excerpt":{"rendered":"<p>El centre consta d&#8217;una l\u00ednia per nivell educatiu.<br \/>\nTenim tres cursos d&#8217;Educaci\u00f3 Infantil (I3, I4 i I5) i set de Prim\u00e0ria (de 1er a 6\u00e8, amb dos grups a la classe de 5\u00e8).<br \/>\nActualment, el centre t\u00e9 una matr\u00edcula de 185 alumnes, amb una ocupaci\u00f3 al l\u00edmit&hellip;  <a href=\"https:\/\/agora.xtec.cat\/escolaelroquissar\/lescola\/oferta-educativa\/\" title=\"Read Oferta educativa\">Llegeix m\u00e9s\u00bb<\/a><\/p>\n","protected":false},"author":2,"featured_media":0,"parent":22,"menu_order":50,"comment_status":"closed","ping_status":"closed","template":"page-templates\/side-menu.php","meta":{"_bbp_topic_count":0,"_bbp_reply_count":0,"_bbp_total_topic_count":0,"_bbp_total_reply_count":0,"_bbp_voice_count":0,"_bbp_anonymous_reply_count":0,"_bbp_topic_count_hidden":0,"_bbp_reply_count_hidden":0,"_bbp_forum_subforum_count":0,"footnotes":""},"class_list":["post-34","page","type-page","status-publish","hentry"],"post_mailing_queue_ids":[],"_links":{"self":[{"href":"https:\/\/agora.xtec.cat\/escolaelroquissar\/wp-json\/wp\/v2\/pages\/34","targetHints":{"allow":["GET"]}}],"collection":[{"href":"https:\/\/agora.xtec.cat\/escolaelroquissar\/wp-json\/wp\/v2\/pages"}],"about":[{"href":"https:\/\/agora.xtec.cat\/escolaelroquissar\/wp-json\/wp\/v2\/types\/page"}],"author":[{"embeddable":true,"href":"https:\/\/agora.xtec.cat\/escolaelroquissar\/wp-json\/wp\/v2\/users\/2"}],"replies":[{"embeddable":true,"href":"https:\/\/agora.xtec.cat\/escolaelroquissar\/wp-json\/wp\/v2\/comments?post=34"}],"version-history":[{"count":5,"href":"https:\/\/agora.xtec.cat\/escolaelroquissar\/wp-json\/wp\/v2\/pages\/34\/revisions"}],"predecessor-version":[{"id":2477,"href":"https:\/\/agora.xtec.cat\/escolaelroquissar\/wp-json\/wp\/v2\/pages\/34\/revisions\/2477"}],"up":[{"embeddable":true,"href":"https:\/\/agora.xtec.cat\/escolaelroquissar\/wp-json\/wp\/v2\/pages\/22"}],"wp:attachment":[{"href":"https:\/\/agora.xtec.cat\/escolaelroquissar\/wp-json\/wp\/v2\/media?parent=34"}],"curies":[{"name":"wp","href":"https:\/\/api.w.org\/{rel}","templated":true}]}}