{"id":32,"date":"2014-09-18T12:31:33","date_gmt":"2014-09-18T12:31:33","guid":{"rendered":"http:\/\/agora.xtec.cat\/escolaelroquissar\/?page_id=32"},"modified":"2021-06-25T13:21:02","modified_gmt":"2021-06-25T11:21:02","slug":"calendari-del-curs","status":"publish","type":"page","link":"https:\/\/agora.xtec.cat\/escolaelroquissar\/calendari-del-curs\/","title":{"rendered":"Calendari del curs"},"content":{"rendered":"<h4><\/h4>\n<h4>Segons Ordre EDU\/119\/2021, de 28 de maig<\/h4>\n<h4><strong>Inici de curs:<\/strong><\/h4>\n<p>13 de setembre de 2021.<\/p>\n<h4><strong>Vacances:<\/strong><\/h4>\n<p>Nadal: Del 23 de desembre de 2021 al 9 de gener de 2022\u00a0 (ambd\u00f3s inclosos)<\/p>\n<p>Setmana santa: De l&#8217;11\u00a0 al 18 d&#8217;abril de 2022 (ambd\u00f3s inclosos)<\/p>\n<p>Vacances estiu: A partir del 23 de juny de 2022.<\/p>\n<h4><strong>Dies festius de lliure disposici\u00f3:<\/strong><\/h4>\n<p>12\u00a0 de novembre de 2021<\/p>\n<p>7 de desembre de 2021<\/p>\n<p>28 de febrer de 2022<\/p>\n<p>&nbsp;<\/p>\n<h4><strong>Dies festius locals:<\/strong><\/h4>\n<p>11 de novembre de 2021.<\/p>\n<p>19 d&#8217;abril de 2022.<\/p>\n<p>&nbsp;<\/p>\n<h4><strong>Jornada compactada:<\/strong><\/h4>\n<p>22 de desembre de 2021 i del 6 al 22 de juny de 2022 (ambd\u00f3s inclosos)<\/p>\n<p>L\u2019<b>horari lectiu<\/b> del centre \u00e9s de 9 a 12,30 h i de 15,00 a 16,30 h per a tots els alumnes del centre. El dia 22 de desembre de 2021 i a partir del 6 de juny de 2022 es realitza horari compactat de 9 a 13h. (Els alumnes que utilitzen el servei de menjador surten a les 15:00h.)<\/p>\n<p>Per als alumnes que inicien l\u2019escolaritzaci\u00f3 a P3 s\u2019organitza un breu per\u00edode d\u2019adaptaci\u00f3 que suposa una certa modificaci\u00f3 dels horaris dels dos primers dies de classe, i que es fa saber a les fam\u00edlies en les reunions pr\u00e8vies corresponents.<\/p>\n<p>&nbsp;<\/p>\n<p>&nbsp;<\/p>\n<p>&nbsp;<\/p>\n<p>&nbsp;<\/p>\n","protected":false},"excerpt":{"rendered":"<p>Segons Ordre EDU\/119\/2021, de 28 de maig<br \/>\nInici de curs:<br \/>\n13 de setembre de 2021.<br \/>\nVacances:<br \/>\nNadal: Del 23 de desembre de 2021 al 9 de gener de 2022\u00a0 (ambd\u00f3s inclosos)<br \/>\nSetmana santa: De l&#8217;11\u00a0 al 18 d&#8217;abril de 2022 (ambd\u00f3s inclosos)<br \/>\nVacances estiu: A partir del 23 de juny de&hellip;  <a href=\"https:\/\/agora.xtec.cat\/escolaelroquissar\/calendari-del-curs\/\" title=\"Read Calendari del curs\">Llegeix m\u00e9s\u00bb<\/a><\/p>\n","protected":false},"author":2,"featured_media":0,"parent":0,"menu_order":60,"comment_status":"closed","ping_status":"closed","template":"page-templates\/side-menu.php","meta":{"_bbp_topic_count":0,"_bbp_reply_count":0,"_bbp_total_topic_count":0,"_bbp_total_reply_count":0,"_bbp_voice_count":0,"_bbp_anonymous_reply_count":0,"_bbp_topic_count_hidden":0,"_bbp_reply_count_hidden":0,"_bbp_forum_subforum_count":0,"footnotes":""},"class_list":["post-32","page","type-page","status-publish","hentry"],"post_mailing_queue_ids":[],"_links":{"self":[{"href":"https:\/\/agora.xtec.cat\/escolaelroquissar\/wp-json\/wp\/v2\/pages\/32","targetHints":{"allow":["GET"]}}],"collection":[{"href":"https:\/\/agora.xtec.cat\/escolaelroquissar\/wp-json\/wp\/v2\/pages"}],"about":[{"href":"https:\/\/agora.xtec.cat\/escolaelroquissar\/wp-json\/wp\/v2\/types\/page"}],"author":[{"embeddable":true,"href":"https:\/\/agora.xtec.cat\/escolaelroquissar\/wp-json\/wp\/v2\/users\/2"}],"replies":[{"embeddable":true,"href":"https:\/\/agora.xtec.cat\/escolaelroquissar\/wp-json\/wp\/v2\/comments?post=32"}],"version-history":[{"count":4,"href":"https:\/\/agora.xtec.cat\/escolaelroquissar\/wp-json\/wp\/v2\/pages\/32\/revisions"}],"predecessor-version":[{"id":186,"href":"https:\/\/agora.xtec.cat\/escolaelroquissar\/wp-json\/wp\/v2\/pages\/32\/revisions\/186"}],"wp:attachment":[{"href":"https:\/\/agora.xtec.cat\/escolaelroquissar\/wp-json\/wp\/v2\/media?parent=32"}],"curies":[{"name":"wp","href":"https:\/\/api.w.org\/{rel}","templated":true}]}}