{"id":30,"date":"2014-09-18T12:30:23","date_gmt":"2014-09-18T12:30:23","guid":{"rendered":"http:\/\/agora.xtec.cat\/escolaelroquissar\/?page_id=30"},"modified":"2019-09-24T15:43:40","modified_gmt":"2019-09-24T13:43:40","slug":"instal%c2%b7lacions","status":"publish","type":"page","link":"https:\/\/agora.xtec.cat\/escolaelroquissar\/lescola\/instal%c2%b7lacions\/","title":{"rendered":"Instal\u00b7lacions"},"content":{"rendered":"<p>El centre, de nova construcci\u00f3, compta amb dos espais clarament definits i diferenciats. A peu de carrer i d&#8217;immediat acc\u00e9s, l&#8217;edifici d&#8217;infantil. Amb tres aules ordin\u00e0ries (ocupades per P3, P4 i P5), un espai per a realitzar sessions de psicomotricitat i altres activitats de format obert, una aula de material i una aula de suport o refor\u00e7. A les aules es pot accedir pel pati d&#8217;infantil, a l&#8217;entrada del centre, amb superficie de sorra i diversos elements pel joc i el desenvolupament de la creativitat en l&#8217;espai de l&#8217;esbarjo.<\/p>\n<p>L&#8217;altre part, amb dues plantes, amb el gruix d&#8217;aules per prim\u00e0ria, aules de suport, refor\u00e7, desdoblament o petit grup, aix\u00ed com aula d&#8217;inform\u00e0tica i aula polivalent, a la primera planta. I a la planta baixa, despatxos, sala de mestres, biblioteca, aula de m\u00fasica, consergeria, menjador i cuina pr\u00f2pia.<\/p>\n<p>El centre disposa d&#8217;una gran pista esportiva polivalent i un gimn\u00e0s amb vestidors i dutxes per l&#8217;alumnat.<\/p>\n<p>&nbsp;<\/p>\n<p>&nbsp;<\/p>\n\n\t\t<style type=\"text\/css\">\n\t\t\t#gallery-1 {\n\t\t\t\tmargin: auto;\n\t\t\t}\n\t\t\t#gallery-1 .gallery-item {\n\t\t\t\tfloat: left;\n\t\t\t\tmargin-top: 10px;\n\t\t\t\ttext-align: center;\n\t\t\t\twidth: 33%;\n\t\t\t}\n\t\t\t#gallery-1 img {\n\t\t\t\tborder: 2px solid #cfcfcf;\n\t\t\t}\n\t\t\t#gallery-1 .gallery-caption {\n\t\t\t\tmargin-left: 0;\n\t\t\t}\n\t\t\t\/* see gallery_shortcode() in wp-includes\/media.php *\/\n\t\t<\/style>\n\t\t<div id='gallery-1' class='gallery galleryid-30 gallery-columns-3 gallery-size-medium'><dl class='gallery-item'>\n\t\t\t<dt class='gallery-icon landscape'>\n\t\t\t\t<a href='https:\/\/agora.xtec.cat\/escolaelroquissar\/wp-content\/uploads\/usu607\/2014\/09\/menjador.jpg'><img loading=\"lazy\" decoding=\"async\" width=\"175\" height=\"112\" src=\"https:\/\/agora.xtec.cat\/escolaelroquissar\/wp-content\/uploads\/usu607\/2014\/09\/menjador.jpg\" class=\"attachment-medium size-medium\" alt=\"\" \/><\/a>\n\t\t\t<\/dt><\/dl><dl class='gallery-item'>\n\t\t\t<dt class='gallery-icon landscape'>\n\t\t\t\t<a href='https:\/\/agora.xtec.cat\/escolaelroquissar\/wp-content\/uploads\/usu607\/2014\/09\/pati.jpg'><img loading=\"lazy\" decoding=\"async\" width=\"150\" height=\"113\" src=\"https:\/\/agora.xtec.cat\/escolaelroquissar\/wp-content\/uploads\/usu607\/2014\/09\/pati.jpg\" class=\"attachment-medium size-medium\" alt=\"\" \/><\/a>\n\t\t\t<\/dt><\/dl><dl class='gallery-item'>\n\t\t\t<dt class='gallery-icon landscape'>\n\t\t\t\t<a href='https:\/\/agora.xtec.cat\/escolaelroquissar\/wp-content\/uploads\/usu607\/2014\/09\/bona2.jpg'><img loading=\"lazy\" decoding=\"async\" width=\"150\" height=\"77\" src=\"https:\/\/agora.xtec.cat\/escolaelroquissar\/wp-content\/uploads\/usu607\/2014\/09\/bona2.jpg\" class=\"attachment-medium size-medium\" alt=\"\" \/><\/a>\n\t\t\t<\/dt><\/dl><br style=\"clear: both\" \/><dl class='gallery-item'>\n\t\t\t<dt class='gallery-icon landscape'>\n\t\t\t\t<a href='https:\/\/agora.xtec.cat\/escolaelroquissar\/wp-content\/uploads\/usu607\/2014\/09\/biblioteca.jpg'><img loading=\"lazy\" decoding=\"async\" width=\"156\" height=\"108\" src=\"https:\/\/agora.xtec.cat\/escolaelroquissar\/wp-content\/uploads\/usu607\/2014\/09\/biblioteca.jpg\" class=\"attachment-medium size-medium\" alt=\"\" \/><\/a>\n\t\t\t<\/dt><\/dl><dl class='gallery-item'>\n\t\t\t<dt class='gallery-icon landscape'>\n\t\t\t\t<a href='https:\/\/agora.xtec.cat\/escolaelroquissar\/wp-content\/uploads\/usu607\/2014\/09\/consergeria.jpg'><img loading=\"lazy\" decoding=\"async\" width=\"300\" height=\"148\" src=\"https:\/\/agora.xtec.cat\/escolaelroquissar\/wp-content\/uploads\/usu607\/2014\/09\/consergeria-300x148.jpg\" class=\"attachment-medium size-medium\" alt=\"\" srcset=\"https:\/\/agora.xtec.cat\/escolaelroquissar\/wp-content\/uploads\/usu607\/2014\/09\/consergeria-300x148.jpg 300w, https:\/\/agora.xtec.cat\/escolaelroquissar\/wp-content\/uploads\/usu607\/2014\/09\/consergeria.jpg 350w\" sizes=\"auto, (max-width: 300px) 100vw, 300px\" \/><\/a>\n\t\t\t<\/dt><\/dl>\n\t\t\t<br style='clear: both' \/>\n\t\t<\/div>\n\n<p>&nbsp;<\/p>\n","protected":false},"excerpt":{"rendered":"<p>El centre, de nova construcci\u00f3, compta amb dos espais clarament definits i diferenciats. A peu de carrer i d&#8217;immediat acc\u00e9s, l&#8217;edifici d&#8217;infantil. Amb tres aules ordin\u00e0ries (ocupades per P3, P4 i P5), un espai per a realitzar sessions de psicomotricitat i altres activitats de format&hellip;  <a href=\"https:\/\/agora.xtec.cat\/escolaelroquissar\/lescola\/instal%c2%b7lacions\/\" title=\"Read Instal\u00b7lacions\">Llegeix m\u00e9s\u00bb<\/a><\/p>\n","protected":false},"author":2,"featured_media":0,"parent":22,"menu_order":40,"comment_status":"closed","ping_status":"closed","template":"page-templates\/side-menu.php","meta":{"_bbp_topic_count":0,"_bbp_reply_count":0,"_bbp_total_topic_count":0,"_bbp_total_reply_count":0,"_bbp_voice_count":0,"_bbp_anonymous_reply_count":0,"_bbp_topic_count_hidden":0,"_bbp_reply_count_hidden":0,"_bbp_forum_subforum_count":0,"footnotes":""},"class_list":["post-30","page","type-page","status-publish","hentry"],"post_mailing_queue_ids":[],"_links":{"self":[{"href":"https:\/\/agora.xtec.cat\/escolaelroquissar\/wp-json\/wp\/v2\/pages\/30","targetHints":{"allow":["GET"]}}],"collection":[{"href":"https:\/\/agora.xtec.cat\/escolaelroquissar\/wp-json\/wp\/v2\/pages"}],"about":[{"href":"https:\/\/agora.xtec.cat\/escolaelroquissar\/wp-json\/wp\/v2\/types\/page"}],"author":[{"embeddable":true,"href":"https:\/\/agora.xtec.cat\/escolaelroquissar\/wp-json\/wp\/v2\/users\/2"}],"replies":[{"embeddable":true,"href":"https:\/\/agora.xtec.cat\/escolaelroquissar\/wp-json\/wp\/v2\/comments?post=30"}],"version-history":[{"count":3,"href":"https:\/\/agora.xtec.cat\/escolaelroquissar\/wp-json\/wp\/v2\/pages\/30\/revisions"}],"predecessor-version":[{"id":276,"href":"https:\/\/agora.xtec.cat\/escolaelroquissar\/wp-json\/wp\/v2\/pages\/30\/revisions\/276"}],"up":[{"embeddable":true,"href":"https:\/\/agora.xtec.cat\/escolaelroquissar\/wp-json\/wp\/v2\/pages\/22"}],"wp:attachment":[{"href":"https:\/\/agora.xtec.cat\/escolaelroquissar\/wp-json\/wp\/v2\/media?parent=30"}],"curies":[{"name":"wp","href":"https:\/\/api.w.org\/{rel}","templated":true}]}}