{"id":28,"date":"2014-09-18T12:29:35","date_gmt":"2014-09-18T12:29:35","guid":{"rendered":"http:\/\/agora.xtec.cat\/escolaelroquissar\/?page_id=28"},"modified":"2024-09-23T10:15:32","modified_gmt":"2024-09-23T08:15:32","slug":"consell-escolar","status":"publish","type":"page","link":"https:\/\/agora.xtec.cat\/escolaelroquissar\/lescola\/consell-escolar\/","title":{"rendered":"Consell escolar"},"content":{"rendered":"<p>El consell escolar \u00e9s l&#8217;\u00f2rgan de participaci\u00f3 de la comunitat escolar en el govern del centre. Correspon al Departament establir mesures perqu\u00e8 aquesta participaci\u00f3 sigui efectiva, i tamb\u00e9 determinar el nombre i el procediment d&#8217;elecci\u00f3 dels membres del consell.<\/p>\n<h4 id=\"FW_bloc_951ef9be-5613-11e4-9770-000c29cdf219_3\" class=\"FW_ancora\">Qui forma el consell escolar?<\/h4>\n<p>El formen els representants de tota la comunitat educativa, \u00e9s a dir, direcci\u00f3, professors, alumnes, fam\u00edlies, personal d&#8217;administraci\u00f3 i serveis, representant de l&#8217;administraci\u00f3 local i altres persones que el mateix consell consideri necess\u00e0ries.<\/p>\n<h4 id=\"FW_bloc_951ef9be-5613-11e4-9770-000c29cdf219_4\" class=\"FW_ancora\">Quina \u00e9s la funci\u00f3 del consell escolar als centres p\u00fablics?<\/h4>\n<div class=\"FW_sArticleFoto\">\n<div class=\"FW_sEditPro\">\n<p>La funci\u00f3 principal del consell escolar \u00e9s participar en la presa de decisions en relaci\u00f3 amb aquells temes importants per al funcionament i l&#8217;organitzaci\u00f3 del centre: el projecte educatiu, la programaci\u00f3 general, la gesti\u00f3 econ\u00f2mica, la resoluci\u00f3 dels conflictes, les activitats extraescolars, l&#8217;horari lectiu, etc.<\/p>\n<p><a href=\"http:\/\/familiaiescola.gencat.cat\/ca\/escolaritat\/participacio-compromis\/participacio-coresponsabilitzacio\/participacio-funcionament-centre\/consell-escolar\/\">http:\/\/familiaiescola.gencat.cat\/ca\/escolaritat\/participacio-compromis\/participacio-coresponsabilitzacio\/participacio-funcionament-centre\/consell-escolar\/<\/a><\/p>\n<p>El nostre consell escolar, enguany, despr\u00e9s de les eleccions a finals de desembre del 2023,\u00a0 est\u00e0 format per els seg\u00fcents membres:<\/p>\n<p><strong>Equip directiu<\/strong><\/p>\n<p>Germ\u00e1n Mart\u00ednez Grant \u2013 President<\/p>\n<p>Maribel Siscar Orihuel \u2013 Cap d\u2019estudis<\/p>\n<p>Carme G\u00f3mez Marsal \u2013 Secretaria<\/p>\n<p>&nbsp;<\/p>\n<p><strong>Sector professorat<\/strong><\/p>\n<p>Ver\u00f2nica Mart\u00ed Bel<\/p>\n<p>No\u00e8lia Infantes Oliv\u00e9<\/p>\n<p>Alejandra Pintado<\/p>\n<p>Noem\u00ed D\u00edaz Herrero<\/p>\n<p>&nbsp;<\/p>\n<p><strong>Sector pares i mares<\/strong><\/p>\n<p>Virginia Martinez Paredes<\/p>\n<p>Elena Riera P\u00e9rez<\/p>\n<p>&nbsp;<\/p>\n<p><strong>Representant AMPA<\/strong><\/p>\n<p>Ferran Reig Brau<\/p>\n<p><strong>Representant Ajuntament d\u2019Altafulla<\/strong><\/p>\n<p>Eva Martinez Giol<\/p>\n<p>&nbsp;<\/p>\n<p><strong>Sector administraci\u00f3 i serveis<\/strong><\/p>\n<p>Virginia Soret Catal\u00e1n<\/p>\n<p>&nbsp;<\/p>\n<p>&nbsp;<\/p>\n<\/div>\n<\/div>\n","protected":false},"excerpt":{"rendered":"<p>El consell escolar \u00e9s l&#8217;\u00f2rgan de participaci\u00f3 de la comunitat escolar en el govern del centre. Correspon al Departament establir mesures perqu\u00e8 aquesta participaci\u00f3 sigui efectiva, i tamb\u00e9 determinar el nombre i el procediment d&#8217;elecci\u00f3 dels membres del consell.<br \/>\nQui forma el consell escolar?<br \/>\nEl formen els&hellip;  <a href=\"https:\/\/agora.xtec.cat\/escolaelroquissar\/lescola\/consell-escolar\/\" title=\"Read Consell escolar\">Llegeix m\u00e9s\u00bb<\/a><\/p>\n","protected":false},"author":2,"featured_media":0,"parent":22,"menu_order":30,"comment_status":"closed","ping_status":"closed","template":"page-templates\/side-menu.php","meta":{"_bbp_topic_count":0,"_bbp_reply_count":0,"_bbp_total_topic_count":0,"_bbp_total_reply_count":0,"_bbp_voice_count":0,"_bbp_anonymous_reply_count":0,"_bbp_topic_count_hidden":0,"_bbp_reply_count_hidden":0,"_bbp_forum_subforum_count":0,"footnotes":""},"class_list":["post-28","page","type-page","status-publish","hentry"],"post_mailing_queue_ids":[],"_links":{"self":[{"href":"https:\/\/agora.xtec.cat\/escolaelroquissar\/wp-json\/wp\/v2\/pages\/28","targetHints":{"allow":["GET"]}}],"collection":[{"href":"https:\/\/agora.xtec.cat\/escolaelroquissar\/wp-json\/wp\/v2\/pages"}],"about":[{"href":"https:\/\/agora.xtec.cat\/escolaelroquissar\/wp-json\/wp\/v2\/types\/page"}],"author":[{"embeddable":true,"href":"https:\/\/agora.xtec.cat\/escolaelroquissar\/wp-json\/wp\/v2\/users\/2"}],"replies":[{"embeddable":true,"href":"https:\/\/agora.xtec.cat\/escolaelroquissar\/wp-json\/wp\/v2\/comments?post=28"}],"version-history":[{"count":6,"href":"https:\/\/agora.xtec.cat\/escolaelroquissar\/wp-json\/wp\/v2\/pages\/28\/revisions"}],"predecessor-version":[{"id":2479,"href":"https:\/\/agora.xtec.cat\/escolaelroquissar\/wp-json\/wp\/v2\/pages\/28\/revisions\/2479"}],"up":[{"embeddable":true,"href":"https:\/\/agora.xtec.cat\/escolaelroquissar\/wp-json\/wp\/v2\/pages\/22"}],"wp:attachment":[{"href":"https:\/\/agora.xtec.cat\/escolaelroquissar\/wp-json\/wp\/v2\/media?parent=28"}],"curies":[{"name":"wp","href":"https:\/\/api.w.org\/{rel}","templated":true}]}}