{"id":26,"date":"2014-09-18T12:24:32","date_gmt":"2014-09-18T12:24:32","guid":{"rendered":"http:\/\/agora.xtec.cat\/escolaelroquissar\/?page_id=26"},"modified":"2021-06-25T13:26:18","modified_gmt":"2021-06-25T11:26:18","slug":"historia","status":"publish","type":"page","link":"https:\/\/agora.xtec.cat\/escolaelroquissar\/lescola\/historia\/","title":{"rendered":"Breu hist\u00f2ria del centre"},"content":{"rendered":"<p>&nbsp;<\/p>\n<p><em>Degut a l\u2019augment constant de poblaci\u00f3 a Altafulla, l\u2019escola La Portalada (ja amb tres l\u00ednies per curs) no podia assumir m\u00e9s alumnat i el curs <strong>2006\/07<\/strong>, neix un nou centre al municipi, el CEIP Altafulla, segons el Decret 412- 2006, de 31 d\u2019octubre (DOGC n\u00ba 4753, de 31 de novembre de 2006).<\/em><\/p>\n<p><em>Durant el primer curs de vida, la nova escola ocupa un m\u00f2dul prefabricat al pati de La Portalada, compartint quelcom m\u00e9s que equipaments, espais i activitats. Tamb\u00e9 experi\u00e8ncies, emocions i sentiments.<\/em><\/p>\n<p><em>Al mateix temps, es construeix\u00a0 a la partida El Roquissar, del terme municipal d\u2019Altafulla, en el solar cedit per l\u2019Ajuntament , el nou edifici.<\/em><\/p>\n<p><em>El curs 2007\/08, amb el nom definitiu de CEIP El Roquissar (Resoluci\u00f3 EDU\/1823\/2007) comen\u00e7a al nou espai, ocupant al setembre l\u2019edifici d\u2019educaci\u00f3 infantil i ampliant a la planta baixa de l\u2019edifici de prim\u00e0ria al segon trimestre.<\/em><\/p>\n<p><em>El curs 2008\/09 ja s\u2019ocupa tot l\u2019edifici, encara que no totes les aules.<\/em><\/p>\n<p><em><strong>\u00a0Evoluci\u00f3:<\/strong><\/em><\/p>\n<p><em>Durant aquests anys l\u2019escola ha augmentat progressivament el nombre d\u2019alumnat i de mestres.<\/em><\/p>\n<p><em>Es crea un centre 3\/12 d\u2019una l\u00ednia.<\/em><\/p>\n<p><em>El curs 2006\/07 s\u2019ocupen dues aules, una d\u2019educaci\u00f3 infantil (amb alumnat de P3 i P4) i una aula d\u2019educaci\u00f3 prim\u00e0ria (amb alumnes de P5 i de 1er). Amb tres mestres i 15 alumnes.<\/em><\/p>\n<p><em>El curs 2007\/08 \u00a0tres aules d\u2019educaci\u00f3 infantil (P3, P4 i P5) i una aula de prim\u00e0ria (amb alumnes de 2n, 3er, 4rt, 5\u00e8 i 6\u00e8). Amb 6 mestres i 46 alumnes.<\/em><\/p>\n<p>Els \u00faltims 10 anys, el centre compta amb uns 215 alumnes i una dotaci\u00f3 de 17&#8217;5 mestres.<\/p>\n<p>&nbsp;<\/p>\n<p><a href=\"https:\/\/agora.xtec.cat\/escolaelroquissar\/wp-content\/uploads\/usu607\/2014\/09\/bona2.jpg\"><img loading=\"lazy\" decoding=\"async\" class=\"alignnone size-full wp-image-272\" src=\"https:\/\/agora.xtec.cat\/escolaelroquissar\/wp-content\/uploads\/usu607\/2014\/09\/bona2.jpg\" alt=\"bona2\" width=\"150\" height=\"77\" \/> \u00a0 \u00a0 \u00a0 \u00a0 \u00a0 \u00a0 \u00a0<\/a><a href=\"https:\/\/agora.xtec.cat\/escolaelroquissar\/wp-content\/uploads\/usu607\/2014\/09\/pati.jpg\"><img loading=\"lazy\" decoding=\"async\" class=\"alignnone size-full wp-image-273\" src=\"https:\/\/agora.xtec.cat\/escolaelroquissar\/wp-content\/uploads\/usu607\/2014\/09\/pati.jpg\" alt=\"pati\" width=\"150\" height=\"113\" \/>\u00a0\u00a0\u00a0\u00a0\u00a0\u00a0\u00a0\u00a0\u00a0\u00a0\u00a0\u00a0\u00a0\u00a0\u00a0\u00a0\u00a0\u00a0\u00a0\u00a0\u00a0\u00a0\u00a0\u00a0\u00a0\u00a0 <\/a><a href=\"https:\/\/agora.xtec.cat\/escolaelroquissar\/wp-content\/uploads\/usu607\/2014\/09\/menjador.jpg\"><img loading=\"lazy\" decoding=\"async\" class=\"alignnone size-full wp-image-274\" src=\"https:\/\/agora.xtec.cat\/escolaelroquissar\/wp-content\/uploads\/usu607\/2014\/09\/menjador.jpg\" alt=\"menjador\" width=\"175\" height=\"112\" \/><\/a><\/p>\n","protected":false},"excerpt":{"rendered":"<p>&nbsp;<br \/>\nDegut a l\u2019augment constant de poblaci\u00f3 a Altafulla, l\u2019escola La Portalada (ja amb tres l\u00ednies per curs) no podia assumir m\u00e9s alumnat i el curs 2006\/07, neix un nou centre al municipi, el CEIP Altafulla, segons el Decret 412- 2006, de 31 d\u2019octubre (DOGC n\u00ba&hellip;  <a href=\"https:\/\/agora.xtec.cat\/escolaelroquissar\/lescola\/historia\/\" title=\"Read Breu hist\u00f2ria del centre\">Llegeix m\u00e9s\u00bb<\/a><\/p>\n","protected":false},"author":2,"featured_media":0,"parent":22,"menu_order":20,"comment_status":"closed","ping_status":"closed","template":"page-templates\/side-menu.php","meta":{"_bbp_topic_count":0,"_bbp_reply_count":0,"_bbp_total_topic_count":0,"_bbp_total_reply_count":0,"_bbp_voice_count":0,"_bbp_anonymous_reply_count":0,"_bbp_topic_count_hidden":0,"_bbp_reply_count_hidden":0,"_bbp_forum_subforum_count":0,"footnotes":""},"class_list":["post-26","page","type-page","status-publish","hentry"],"post_mailing_queue_ids":[],"_links":{"self":[{"href":"https:\/\/agora.xtec.cat\/escolaelroquissar\/wp-json\/wp\/v2\/pages\/26","targetHints":{"allow":["GET"]}}],"collection":[{"href":"https:\/\/agora.xtec.cat\/escolaelroquissar\/wp-json\/wp\/v2\/pages"}],"about":[{"href":"https:\/\/agora.xtec.cat\/escolaelroquissar\/wp-json\/wp\/v2\/types\/page"}],"author":[{"embeddable":true,"href":"https:\/\/agora.xtec.cat\/escolaelroquissar\/wp-json\/wp\/v2\/users\/2"}],"replies":[{"embeddable":true,"href":"https:\/\/agora.xtec.cat\/escolaelroquissar\/wp-json\/wp\/v2\/comments?post=26"}],"version-history":[{"count":5,"href":"https:\/\/agora.xtec.cat\/escolaelroquissar\/wp-json\/wp\/v2\/pages\/26\/revisions"}],"predecessor-version":[{"id":901,"href":"https:\/\/agora.xtec.cat\/escolaelroquissar\/wp-json\/wp\/v2\/pages\/26\/revisions\/901"}],"up":[{"embeddable":true,"href":"https:\/\/agora.xtec.cat\/escolaelroquissar\/wp-json\/wp\/v2\/pages\/22"}],"wp:attachment":[{"href":"https:\/\/agora.xtec.cat\/escolaelroquissar\/wp-json\/wp\/v2\/media?parent=26"}],"curies":[{"name":"wp","href":"https:\/\/api.w.org\/{rel}","templated":true}]}}