{"id":22,"date":"2014-09-18T12:19:57","date_gmt":"2014-09-18T12:19:57","guid":{"rendered":"http:\/\/agora.xtec.cat\/escolaelroquissar\/?page_id=22"},"modified":"2021-03-11T10:38:36","modified_gmt":"2021-03-11T09:38:36","slug":"lescola","status":"publish","type":"page","link":"https:\/\/agora.xtec.cat\/escolaelroquissar\/lescola\/","title":{"rendered":"L&#8217;escola"},"content":{"rendered":"<p>En aquesta p\u00e0gina situem l&#8217;Escola El Roquissar i els seus trets m\u00e9s caracter\u00edstics i definidors.<\/p>\n<p>Una mica d&#8217;hist\u00f2ria, qui en forma part i alguns enlla\u00e7os que pensem, poden ser \u00fatils.<\/p>\n<p>&nbsp;<\/p>\n<p><a href=\"https:\/\/agora.xtec.cat\/escolaelroquissar\/wp-content\/uploads\/usu607\/2019\/09\/IMG_20190924_153024.jpg\"><img loading=\"lazy\" decoding=\"async\" class=\"wp-image-555 aligncenter\" src=\"https:\/\/agora.xtec.cat\/escolaelroquissar\/wp-content\/uploads\/usu607\/2019\/09\/IMG_20190924_153024-1024x577.jpg\" alt=\"\" width=\"523\" height=\"295\" srcset=\"https:\/\/agora.xtec.cat\/escolaelroquissar\/wp-content\/uploads\/usu607\/2019\/09\/IMG_20190924_153024-1024x577.jpg 1024w, https:\/\/agora.xtec.cat\/escolaelroquissar\/wp-content\/uploads\/usu607\/2019\/09\/IMG_20190924_153024-300x169.jpg 300w, https:\/\/agora.xtec.cat\/escolaelroquissar\/wp-content\/uploads\/usu607\/2019\/09\/IMG_20190924_153024-768x433.jpg 768w\" sizes=\"auto, (max-width: 523px) 100vw, 523px\" \/><\/a><\/p>\n<p><iframe loading=\"lazy\" src=\"https:\/\/www.kizoa.com\/embed-354141361-2774869o2l1\" width=\"640\" height=\"360\" frameborder=\"0\"><\/iframe><\/p>\n","protected":false},"excerpt":{"rendered":"<p>En aquesta p\u00e0gina situem l&#8217;Escola El Roquissar i els seus trets m\u00e9s caracter\u00edstics i definidors.<br \/>\nUna mica d&#8217;hist\u00f2ria, qui en forma part i alguns enlla\u00e7os que pensem, poden ser \u00fatils.<br \/>\n&nbsp;<br \/>\n<a href=\"https:\/\/agora.xtec.cat\/escolaelroquissar\/wp-content\/uploads\/usu607\/2019\/09\/IMG_20190924_153024.jpg\"><\/a><\/p>\n","protected":false},"author":2,"featured_media":0,"parent":0,"menu_order":0,"comment_status":"closed","ping_status":"closed","template":"page-templates\/side-menu.php","meta":{"_bbp_topic_count":0,"_bbp_reply_count":0,"_bbp_total_topic_count":0,"_bbp_total_reply_count":0,"_bbp_voice_count":0,"_bbp_anonymous_reply_count":0,"_bbp_topic_count_hidden":0,"_bbp_reply_count_hidden":0,"_bbp_forum_subforum_count":0,"footnotes":""},"class_list":["post-22","page","type-page","status-publish","hentry"],"post_mailing_queue_ids":[],"_links":{"self":[{"href":"https:\/\/agora.xtec.cat\/escolaelroquissar\/wp-json\/wp\/v2\/pages\/22","targetHints":{"allow":["GET"]}}],"collection":[{"href":"https:\/\/agora.xtec.cat\/escolaelroquissar\/wp-json\/wp\/v2\/pages"}],"about":[{"href":"https:\/\/agora.xtec.cat\/escolaelroquissar\/wp-json\/wp\/v2\/types\/page"}],"author":[{"embeddable":true,"href":"https:\/\/agora.xtec.cat\/escolaelroquissar\/wp-json\/wp\/v2\/users\/2"}],"replies":[{"embeddable":true,"href":"https:\/\/agora.xtec.cat\/escolaelroquissar\/wp-json\/wp\/v2\/comments?post=22"}],"version-history":[{"count":5,"href":"https:\/\/agora.xtec.cat\/escolaelroquissar\/wp-json\/wp\/v2\/pages\/22\/revisions"}],"predecessor-version":[{"id":865,"href":"https:\/\/agora.xtec.cat\/escolaelroquissar\/wp-json\/wp\/v2\/pages\/22\/revisions\/865"}],"wp:attachment":[{"href":"https:\/\/agora.xtec.cat\/escolaelroquissar\/wp-json\/wp\/v2\/media?parent=22"}],"curies":[{"name":"wp","href":"https:\/\/api.w.org\/{rel}","templated":true}]}}