{"id":1064,"date":"2022-07-07T11:11:03","date_gmt":"2022-07-07T09:11:03","guid":{"rendered":"https:\/\/agora.xtec.cat\/escolaelroquissar\/?page_id=1064"},"modified":"2023-02-11T20:01:50","modified_gmt":"2023-02-11T19:01:50","slug":"estrategia-digital-de-centre","status":"publish","type":"page","link":"https:\/\/agora.xtec.cat\/escolaelroquissar\/estrategia-digital-de-centre\/","title":{"rendered":"Estrat\u00e8gia Digital de centre"},"content":{"rendered":"<p><!--more-->L\u2019Estrat\u00e8gia Digital de Centre (EDC) \u00e9s un document que recull totes les accions que es realitzen al nostre centre, i les que es realitzaran a mitj\u00e0 termini, per aconseguir la m\u00e0xima compet\u00e8ncia digital de l\u2019alumnat, del professorat i del centre educatiu. Ha de tenir com a referent el Pla d\u2019educaci\u00f3 digital de Catalunya (PEDC), on s\u2019indica la necessitat d\u2019assolir la fita d\u2019una societat digitalment competent, fent \u00e8mfasi en l\u2019equitat i tenint en compte l\u2019evoluci\u00f3 del context social i tecnol\u00f2gic.<\/p>\n<p>Durant el curs 2021-2022 hem iniciat la primera fase del projecte que trobareu en l&#8217;enlla\u00e7 seg\u00fcent: <a href=\"https:\/\/sites.google.com\/xtec.cat\/edc-el-roquissar\/p%C3%A0gina-principal\" target=\"_blank\" rel=\"noopener\">Estrat\u00e8gia digital de centre<\/a><\/p>\n<p>&nbsp;<\/p>\n<p><a href=\"https:\/\/agora.xtec.cat\/escolaelroquissar\/wp-content\/uploads\/usu607\/2022\/07\/EDC-e1657185459259.jpg\"><img loading=\"lazy\" decoding=\"async\" class=\"aligncenter wp-image-1067 \" src=\"https:\/\/agora.xtec.cat\/escolaelroquissar\/wp-content\/uploads\/usu607\/2022\/07\/EDC-e1657185459259-1024x525.jpg\" alt=\"\" width=\"884\" height=\"453\" srcset=\"https:\/\/agora.xtec.cat\/escolaelroquissar\/wp-content\/uploads\/usu607\/2022\/07\/EDC-e1657185459259-1024x525.jpg 1024w, https:\/\/agora.xtec.cat\/escolaelroquissar\/wp-content\/uploads\/usu607\/2022\/07\/EDC-e1657185459259-300x154.jpg 300w, https:\/\/agora.xtec.cat\/escolaelroquissar\/wp-content\/uploads\/usu607\/2022\/07\/EDC-e1657185459259-768x394.jpg 768w, https:\/\/agora.xtec.cat\/escolaelroquissar\/wp-content\/uploads\/usu607\/2022\/07\/EDC-e1657185459259.jpg 1280w\" sizes=\"auto, (max-width: 884px) 100vw, 884px\" \/><\/a><\/p>\n<p>&nbsp;<\/p>\n<p>&nbsp;<\/p>\n","protected":false},"excerpt":{"rendered":"","protected":false},"author":1,"featured_media":0,"parent":0,"menu_order":0,"comment_status":"closed","ping_status":"closed","template":"","meta":{"_bbp_topic_count":0,"_bbp_reply_count":0,"_bbp_total_topic_count":0,"_bbp_total_reply_count":0,"_bbp_voice_count":0,"_bbp_anonymous_reply_count":0,"_bbp_topic_count_hidden":0,"_bbp_reply_count_hidden":0,"_bbp_forum_subforum_count":0,"footnotes":""},"class_list":["post-1064","page","type-page","status-publish","hentry"],"post_mailing_queue_ids":[],"_links":{"self":[{"href":"https:\/\/agora.xtec.cat\/escolaelroquissar\/wp-json\/wp\/v2\/pages\/1064","targetHints":{"allow":["GET"]}}],"collection":[{"href":"https:\/\/agora.xtec.cat\/escolaelroquissar\/wp-json\/wp\/v2\/pages"}],"about":[{"href":"https:\/\/agora.xtec.cat\/escolaelroquissar\/wp-json\/wp\/v2\/types\/page"}],"author":[{"embeddable":true,"href":"https:\/\/agora.xtec.cat\/escolaelroquissar\/wp-json\/wp\/v2\/users\/1"}],"replies":[{"embeddable":true,"href":"https:\/\/agora.xtec.cat\/escolaelroquissar\/wp-json\/wp\/v2\/comments?post=1064"}],"version-history":[{"count":4,"href":"https:\/\/agora.xtec.cat\/escolaelroquissar\/wp-json\/wp\/v2\/pages\/1064\/revisions"}],"predecessor-version":[{"id":1155,"href":"https:\/\/agora.xtec.cat\/escolaelroquissar\/wp-json\/wp\/v2\/pages\/1064\/revisions\/1155"}],"wp:attachment":[{"href":"https:\/\/agora.xtec.cat\/escolaelroquissar\/wp-json\/wp\/v2\/media?parent=1064"}],"curies":[{"name":"wp","href":"https:\/\/api.w.org\/{rel}","templated":true}]}}