{"id":82,"date":"2014-09-18T14:10:51","date_gmt":"2014-09-18T13:10:51","guid":{"rendered":"http:\/\/agora.xtec.cat\/escolaelpolvori\/?page_id=82"},"modified":"2023-09-28T16:48:37","modified_gmt":"2023-09-28T14:48:37","slug":"casal-destiu","status":"publish","type":"page","link":"https:\/\/agora.xtec.cat\/escolaelpolvori\/serveis\/casal-destiu\/","title":{"rendered":"Casal d&#8217;estiu"},"content":{"rendered":"<p class=\"font_7 wixui-rich-text__text\"><span class=\"wixui-rich-text__text\">Entenem les vacances com un moment de lleure educatiu important en la vida dels nens i nenes.<br class=\"wixui-rich-text__text\" \/>\u00c9s per aix\u00f2 que l&#8217;aprofitem per proposar experi\u00e8ncies que siguin font de diversi\u00f3, conviv\u00e8ncia, inclusi\u00f3 i d&#8217;aprenentatge.<br class=\"wixui-rich-text__text\" \/>Creant\u00a0casals amb identitat pr\u00f2pia dissenyats a partir de les seves inquietuds.<\/span><span class=\"wixui-rich-text__text\">Des d&#8217;\u00c0bac, oferim casals plens d&#8217;activitats, relacionades amb l&#8217;art, l&#8217;esport i el lleure. Els infants descobriran, experimentant amb diferents propostes, i gaudiran de mil aventures, desenvolupant activitats de lleure on viuran l&#8217;experi\u00e8ncia del proc\u00e9s de\u00a0creaci\u00f3 a partir del joc, d&#8217;activitats d&#8217;aigua, sortides tem\u00e0tiques i altres propostes l\u00fadiques.<br class=\"wixui-rich-text__text\" \/><br class=\"wixui-rich-text__text\" \/>Som\u00a0entitat homologada per l&#8217;Ajuntament de Barcelona\u00a0i gestionem els tr\u00e0mits per adherir-nos a la Campanya d&#8217;Estiu de l&#8217;ajuntament de Barcelona i les subvencions econ\u00f2miques per les fam\u00edlies.<\/span><\/p>\n<p>Aqu\u00ed us deixem la proposta del Casal d&#8217;estiu 2022\/2023<\/p>\n<p><a href=\"https:\/\/agora.xtec.cat\/escolaelpolvori\/wp-content\/uploads\/usu2089\/2023\/09\/CASAL-POLVORI-2023-A\u0300BAC-2.pdf\">CASAL POLVORI 2023 A\u0300BAC (2)<\/a><\/p>\n<p><a href=\"https:\/\/agora.xtec.cat\/escolaelpolvori\/wp-content\/uploads\/usu2089\/2023\/09\/abac-casal.jpg\"><img loading=\"lazy\" decoding=\"async\" class=\"alignnone size-full wp-image-2142\" src=\"https:\/\/agora.xtec.cat\/escolaelpolvori\/wp-content\/uploads\/usu2089\/2023\/09\/abac-casal.jpg\" alt=\"\" width=\"291\" height=\"268\" \/><\/a><\/p>\n","protected":false},"excerpt":{"rendered":"<p>Entenem les vacances com un moment de lleure educatiu important en la vida dels nens i nenes.\u00c9s per aix\u00f2 que l&#8217;aprofitem per proposar experi\u00e8ncies que siguin font de diversi\u00f3, conviv\u00e8ncia, inclusi\u00f3 i d&#8217;aprenentatge.Creant\u00a0casals amb identitat pr\u00f2pia dissenyats a partir de les seves inquietuds.Des d&#8217;\u00c0bac, oferim&hellip;  <a href=\"https:\/\/agora.xtec.cat\/escolaelpolvori\/serveis\/casal-destiu\/\" title=\"Read Casal d&#8217;estiu\">Llegeix m\u00e9s\u00bb<\/a><\/p>\n","protected":false},"author":1,"featured_media":0,"parent":66,"menu_order":50,"comment_status":"closed","ping_status":"closed","template":"page-templates\/side-menu.php","meta":{"_bbp_topic_count":0,"_bbp_reply_count":0,"_bbp_total_topic_count":0,"_bbp_total_reply_count":0,"_bbp_voice_count":0,"_bbp_anonymous_reply_count":0,"_bbp_topic_count_hidden":0,"_bbp_reply_count_hidden":0,"_bbp_forum_subforum_count":0,"footnotes":""},"class_list":["post-82","page","type-page","status-publish","hentry"],"post_mailing_queue_ids":[],"_links":{"self":[{"href":"https:\/\/agora.xtec.cat\/escolaelpolvori\/wp-json\/wp\/v2\/pages\/82","targetHints":{"allow":["GET"]}}],"collection":[{"href":"https:\/\/agora.xtec.cat\/escolaelpolvori\/wp-json\/wp\/v2\/pages"}],"about":[{"href":"https:\/\/agora.xtec.cat\/escolaelpolvori\/wp-json\/wp\/v2\/types\/page"}],"author":[{"embeddable":true,"href":"https:\/\/agora.xtec.cat\/escolaelpolvori\/wp-json\/wp\/v2\/users\/1"}],"replies":[{"embeddable":true,"href":"https:\/\/agora.xtec.cat\/escolaelpolvori\/wp-json\/wp\/v2\/comments?post=82"}],"version-history":[{"count":4,"href":"https:\/\/agora.xtec.cat\/escolaelpolvori\/wp-json\/wp\/v2\/pages\/82\/revisions"}],"predecessor-version":[{"id":2144,"href":"https:\/\/agora.xtec.cat\/escolaelpolvori\/wp-json\/wp\/v2\/pages\/82\/revisions\/2144"}],"up":[{"embeddable":true,"href":"https:\/\/agora.xtec.cat\/escolaelpolvori\/wp-json\/wp\/v2\/pages\/66"}],"wp:attachment":[{"href":"https:\/\/agora.xtec.cat\/escolaelpolvori\/wp-json\/wp\/v2\/media?parent=82"}],"curies":[{"name":"wp","href":"https:\/\/api.w.org\/{rel}","templated":true}]}}