{"id":806,"date":"2020-04-17T12:50:19","date_gmt":"2020-04-17T10:50:19","guid":{"rendered":"https:\/\/agora.xtec.cat\/escolaelpolvori\/?page_id=806"},"modified":"2023-09-21T13:32:15","modified_gmt":"2023-09-21T11:32:15","slug":"afa","status":"publish","type":"page","link":"https:\/\/agora.xtec.cat\/escolaelpolvori\/informacio-families\/afa\/","title":{"rendered":"AFA Polvor\u00ed"},"content":{"rendered":"<p>Som una entitat sense \u00e0nim de lucre formada per les fam\u00edlies de l&#8217;escola. La nostra finalitat principal \u00e9s col\u00b7laborar i participar activament en la vida escolar i en la comunitat educativa. Les funcions b\u00e0siques d&#8217;una AFA (Associaci\u00f3 de Fam\u00edlies d&#8217;Alumnes) inclouen:<\/p>\n<ol>\n<li><strong>Fomentar la participaci\u00f3:<\/strong> busquem implicar les fam\u00edlies en la vida de l&#8217;escola, animant-les a assistir a reunions, xerrades i esdeveniments escolars, i a formar part de comit\u00e8s o consells escolars.<\/li>\n<li><strong>Recaptar fons:<\/strong> Moltes AFA realitzen activitats de recaptaci\u00f3 de fons per finan\u00e7ar projectes i necessitats de l&#8217;escola, com ara la compra de material educatiu, millora d&#8217;instal\u00b7lacions o suport a activitats extracurriculars.<\/li>\n<li><strong>Organitzar esdeveniments i activitats:<\/strong> L&#8217;AFA pot ser responsable de planificar i executar diverses activitats a l&#8217;escola per tal de coneix\u00e8r-nos i passar-ho b\u00e9 tots plegats.<\/li>\n<li><strong>Facilitar la comunicaci\u00f3:<\/strong> Actua com a pont de comunicaci\u00f3 entre les fam\u00edlies i l&#8217;escola, ajudant a resoldre dubtes o preocupacions que puguin sorgir i promovent una comunicaci\u00f3 positiva i constructiva.<\/li>\n<li><strong>Promoci\u00f3 de valors educatius:<\/strong> Col\u00b7laborem amb l&#8217;escola en la promoci\u00f3 de valors i principis educatius importants, com la inclusi\u00f3, el respecte i la col\u00b7laboraci\u00f3. En ocasions, les AFA podem defensar els interessos educatius de les fam\u00edlies davant d&#8217;autoritats escolars o altres institucions, assegurant-se que les necessitats dels estudiants siguin tingudes en compte.<\/li>\n<\/ol>\n<p>En resum, l&#8217;AFA d&#8217;una escola \u00e9s una organitzaci\u00f3 formada per les fam\u00edlies dels estudiants que treballa de manera volunt\u00e0ria per millorar l&#8217;entorn educatiu i promoure la col\u00b7laboraci\u00f3 entre les fam\u00edlies, l&#8217;escola i la comunitat. Les seves funcions principals estan relacionades amb la participaci\u00f3 activa, el suport financer i l&#8217;enriquiment de l&#8217;experi\u00e8ncia educativa dels estudiants.<\/p>\n<p>Busquem fam\u00edlies que vulguin col\u00b7laborar amb nosaltres per ajudar-nos i aportar noves idees i suggeriments.<\/p>\n<p>Podeu posar-vos en contacte amb nosaltres a trav\u00e9s del nostre mail: <strong><em>afa@escolaelpovori.cat Ta<\/em><\/strong><\/p>\n<p>I tamb\u00e9 seguir-nos a l&#8217;Instagram @afapolvori<\/p>\n<p>US ESPEREM!!!<\/p>\n<p><a href=\"https:\/\/agora.xtec.cat\/escolaelpolvori\/wp-content\/uploads\/usu2089\/2014\/09\/AMPA.png\"><img loading=\"lazy\" decoding=\"async\" class=\"alignnone size-full wp-image-718\" src=\"https:\/\/agora.xtec.cat\/escolaelpolvori\/wp-content\/uploads\/usu2089\/2014\/09\/AMPA.png\" alt=\"\" width=\"899\" height=\"101\" srcset=\"https:\/\/agora.xtec.cat\/escolaelpolvori\/wp-content\/uploads\/usu2089\/2014\/09\/AMPA.png 899w, https:\/\/agora.xtec.cat\/escolaelpolvori\/wp-content\/uploads\/usu2089\/2014\/09\/AMPA-300x34.png 300w, https:\/\/agora.xtec.cat\/escolaelpolvori\/wp-content\/uploads\/usu2089\/2014\/09\/AMPA-768x86.png 768w\" sizes=\"auto, (max-width: 899px) 100vw, 899px\" \/><\/a><\/p>\n","protected":false},"excerpt":{"rendered":"<p>Som una entitat sense \u00e0nim de lucre formada per les fam\u00edlies de l&#8217;escola. La nostra finalitat principal \u00e9s col\u00b7laborar i participar activament en la vida escolar i en la comunitat educativa. Les funcions b\u00e0siques d&#8217;una AFA (Associaci\u00f3 de Fam\u00edlies d&#8217;Alumnes) inclouen:<\/p>\n<ol>\n<li>Fomentar la participaci\u00f3: busquem implicar&hellip;  <a href=\"https:\/\/agora.xtec.cat\/escolaelpolvori\/informacio-families\/afa\/\" title=\"Read AFA Polvor\u00ed\">Llegeix m\u00e9s\u00bb<\/a><br \/>\n","protected":false},"author":1,"featured_media":0,"parent":577,"menu_order":0,"comment_status":"closed","ping_status":"closed","template":"page-templates\/side-menu.php","meta":{"_bbp_topic_count":0,"_bbp_reply_count":0,"_bbp_total_topic_count":0,"_bbp_total_reply_count":0,"_bbp_voice_count":0,"_bbp_anonymous_reply_count":0,"_bbp_topic_count_hidden":0,"_bbp_reply_count_hidden":0,"_bbp_forum_subforum_count":0,"footnotes":""},"class_list":["post-806","page","type-page","status-publish","hentry"],"post_mailing_queue_ids":[],"_links":{"self":[{"href":"https:\/\/agora.xtec.cat\/escolaelpolvori\/wp-json\/wp\/v2\/pages\/806","targetHints":{"allow":["GET"]}}],"collection":[{"href":"https:\/\/agora.xtec.cat\/escolaelpolvori\/wp-json\/wp\/v2\/pages"}],"about":[{"href":"https:\/\/agora.xtec.cat\/escolaelpolvori\/wp-json\/wp\/v2\/types\/page"}],"author":[{"embeddable":true,"href":"https:\/\/agora.xtec.cat\/escolaelpolvori\/wp-json\/wp\/v2\/users\/1"}],"replies":[{"embeddable":true,"href":"https:\/\/agora.xtec.cat\/escolaelpolvori\/wp-json\/wp\/v2\/comments?post=806"}],"version-history":[{"count":3,"href":"https:\/\/agora.xtec.cat\/escolaelpolvori\/wp-json\/wp\/v2\/pages\/806\/revisions"}],"predecessor-version":[{"id":2071,"href":"https:\/\/agora.xtec.cat\/escolaelpolvori\/wp-json\/wp\/v2\/pages\/806\/revisions\/2071"}],"up":[{"embeddable":true,"href":"https:\/\/agora.xtec.cat\/escolaelpolvori\/wp-json\/wp\/v2\/pages\/577"}],"wp:attachment":[{"href":"https:\/\/agora.xtec.cat\/escolaelpolvori\/wp-json\/wp\/v2\/media?parent=806"}],"curies":[{"name":"wp","href":"https:\/\/api.w.org\/{rel}","templated":true}]}}