{"id":73,"date":"2014-09-18T14:01:51","date_gmt":"2014-09-18T13:01:51","guid":{"rendered":"http:\/\/agora.xtec.cat\/escolaelpolvori\/?page_id=73"},"modified":"2023-09-28T16:37:46","modified_gmt":"2023-09-28T14:37:46","slug":"menjador-escolar","status":"publish","type":"page","link":"https:\/\/agora.xtec.cat\/escolaelpolvori\/serveis\/menjador-escolar\/","title":{"rendered":"Espai migdia"},"content":{"rendered":"<div id=\"comp-ijwmgr2l\" class=\"KcpHeO tz5f0K comp-ijwmgr2l wixui-rich-text\" data-testid=\"richTextElement\">\n<p class=\"font_7 wixui-rich-text__text\"><span class=\"wixui-rich-text__text\">Des d\u2019\u00c0bac creiem que l\u2019Espai Migdia \u00e9s molt m\u00e9s que un servei alimentari, \u00e9s un temps de lleure educatiu. La nostra voluntat \u00e9s treballar transversalment amb l\u2019horari lectiu per donar coher\u00e8ncia a l&#8217;acci\u00f3 educativa del centre durant tot el seu horari, respectant, en tot moment, la subjectivitat i el ritme de cada nen i nena.<\/span><\/p>\n<p class=\"font_7 wixui-rich-text__text\"><span class=\"wixui-rich-text__text\">Projecte alimentari<\/span><\/p>\n<p class=\"font_7 wixui-rich-text__text\"><span class=\"wixui-rich-text__text\">Treballem els h\u00e0bits alimentaris estimulant l\u2019autonomia del nen\/a, i l\u2019inter\u00e8s per l\u2019alimentaci\u00f3 saludable, fent-los aix\u00ed m\u00e9s protagonistes de l\u2019acte social de menjar. Fomentem la vessant educativa per cultivar la curiositat per saber que hi ha al darrera dels diferents plats, el gust per menjar b\u00e9 en tots els sentits (sa, sostenible i just).<\/span><\/p>\n<p class=\"font_8 wixui-rich-text__text\"><span class=\"wixui-rich-text__text\">\u00c9s aix\u00ed com els nostres valors esdevenen els eixos sobre els quals fonamentar el projecte alimentari:<\/span><\/p>\n<\/div>\n<div id=\"comp-k71wi9fb\" class=\"MazNVa comp-k71wi9fb wixui-image\">\n<div class=\"j7pOnl\" data-testid=\"linkElement\"><img loading=\"lazy\" decoding=\"async\" src=\"https:\/\/static.wixstatic.com\/media\/d97709_5fcae1ff9fee4c379daa9af827e59e0e~mv2.png\/v1\/fill\/w_849,h_360,al_c,q_85,usm_0.66_1.00_0.01,enc_auto\/web-01.png\" srcset=\"https:\/\/static.wixstatic.com\/media\/d97709_5fcae1ff9fee4c379daa9af827e59e0e~mv2.png\/v1\/fill\/w_849,h_360,al_c,q_85,usm_0.66_1.00_0.01,enc_auto\/web-01.png 1x, https:\/\/static.wixstatic.com\/media\/d97709_5fcae1ff9fee4c379daa9af827e59e0e~mv2.png\/v1\/fill\/w_1698,h_720,al_c,q_90,usm_0.66_1.00_0.01,enc_auto\/web-01.png 2x\" alt=\"web-01.png\" width=\"849\" height=\"360\" \/><\/div>\n<\/div>\n<div id=\"comp-k738wz3p\" class=\"BaOVQ8 tz5f0K comp-k738wz3p wixui-rich-text\" data-testid=\"richTextElement\">\n<p class=\"font_8 wixui-rich-text__text\">\n<\/div>\n<h1><a href=\"https:\/\/drive.google.com\/file\/d\/1v3_ALq-oxqLto0FNtxbSdmppCz-27QyW\/view?usp=sharing\">Exemple men\u00fa_EL POLVOR\u00cd<\/a><\/h1>\n<p>&nbsp;<\/p>\n","protected":false},"excerpt":{"rendered":"<p>Des d\u2019\u00c0bac creiem que l\u2019Espai Migdia \u00e9s molt m\u00e9s que un servei alimentari, \u00e9s un temps de lleure educatiu. La nostra voluntat \u00e9s treballar transversalment amb l\u2019horari lectiu per donar coher\u00e8ncia a l&#8217;acci\u00f3 educativa del centre durant tot el seu horari, respectant, en tot moment,&hellip;  <a href=\"https:\/\/agora.xtec.cat\/escolaelpolvori\/serveis\/menjador-escolar\/\" title=\"Read Espai migdia\">Llegeix m\u00e9s\u00bb<\/a><\/p>\n","protected":false},"author":1,"featured_media":0,"parent":66,"menu_order":30,"comment_status":"closed","ping_status":"closed","template":"page-templates\/side-menu.php","meta":{"_bbp_topic_count":0,"_bbp_reply_count":0,"_bbp_total_topic_count":0,"_bbp_total_reply_count":0,"_bbp_voice_count":0,"_bbp_anonymous_reply_count":0,"_bbp_topic_count_hidden":0,"_bbp_reply_count_hidden":0,"_bbp_forum_subforum_count":0,"footnotes":""},"class_list":["post-73","page","type-page","status-publish","hentry"],"post_mailing_queue_ids":[],"_links":{"self":[{"href":"https:\/\/agora.xtec.cat\/escolaelpolvori\/wp-json\/wp\/v2\/pages\/73","targetHints":{"allow":["GET"]}}],"collection":[{"href":"https:\/\/agora.xtec.cat\/escolaelpolvori\/wp-json\/wp\/v2\/pages"}],"about":[{"href":"https:\/\/agora.xtec.cat\/escolaelpolvori\/wp-json\/wp\/v2\/types\/page"}],"author":[{"embeddable":true,"href":"https:\/\/agora.xtec.cat\/escolaelpolvori\/wp-json\/wp\/v2\/users\/1"}],"replies":[{"embeddable":true,"href":"https:\/\/agora.xtec.cat\/escolaelpolvori\/wp-json\/wp\/v2\/comments?post=73"}],"version-history":[{"count":6,"href":"https:\/\/agora.xtec.cat\/escolaelpolvori\/wp-json\/wp\/v2\/pages\/73\/revisions"}],"predecessor-version":[{"id":2139,"href":"https:\/\/agora.xtec.cat\/escolaelpolvori\/wp-json\/wp\/v2\/pages\/73\/revisions\/2139"}],"up":[{"embeddable":true,"href":"https:\/\/agora.xtec.cat\/escolaelpolvori\/wp-json\/wp\/v2\/pages\/66"}],"wp:attachment":[{"href":"https:\/\/agora.xtec.cat\/escolaelpolvori\/wp-json\/wp\/v2\/media?parent=73"}],"curies":[{"name":"wp","href":"https:\/\/api.w.org\/{rel}","templated":true}]}}