{"id":665,"date":"2020-03-30T17:00:14","date_gmt":"2020-03-30T15:00:14","guid":{"rendered":"https:\/\/agora.xtec.cat\/escolaelpolvori\/?page_id=665"},"modified":"2020-03-31T18:03:23","modified_gmt":"2020-03-31T16:03:23","slug":"educacio-emocional","status":"publish","type":"page","link":"https:\/\/agora.xtec.cat\/escolaelpolvori\/projectes\/educacio-emocional\/","title":{"rendered":"Educaci\u00f3 emocional"},"content":{"rendered":"<p>Es tracta d\u2019 ajudar a l\u2019alumnat a con\u00e8ixer i regular les seves emocions, sentiments i impulsos, aix\u00ed com millorar el seu autoconcepte i valorar positivament les pr\u00f2pies capacitats i limitacions.<\/p>\n<p>A m\u00e9s de les sessions d\u2019Ed. Emocional, col\u00b7laborem amb la FEEB en el programa <u>\u201cConvivim esportivament\u201d<\/u> fomentant la inclusi\u00f3 social i la resoluci\u00f3 positiva de conflictes a trav\u00e9s de l\u2019esport.<\/p>\n<p>Projecte <strong>6\u00c8SO<\/strong>( segon trimestre): L\u2019alumnat de 6\u00e8 treballa temes de cohesi\u00f3 grupal i gesti\u00f3 de conflictes, amb la col\u00b7laboraci\u00f3 de la coordinadora de S. Socials i educadors de carrer.<\/p>\n<p>Tamb\u00e9 treballem la \u00a0<strong>MEDIACI\u00d3 <\/strong>, adre\u00e7ada a l\u2019alumnat de 5\u00e8 i 6\u00e8: Ex-alumnes de la nostra escola que cursen l\u2019 ESO a l\u2019IES Montjuic ens visiten per explicar en qu\u00e8 consisteix.<\/p>\n<p><u>Decidim plegats<\/u>: Reunions de delegats d\u2019aula, acompanyats de l\u2019EMO (Gestor emocional), per proposar i debatre aspectes relacionats amb el funcionament del centre.<\/p>\n<p><strong>Decidim plegats:<\/strong><\/p>\n<p>Tots els grups de 1r a 6\u00e8 tenen un delegat d\u2019aula. Peri\u00f2dicament es programen reunions de tots els Delegats juntament amb el Gestor emocional de l\u2019escola (EMO), per debatre, formular propostes i valorar els suggeriments de les b\u00fasties ( tenim 2 b\u00fasties de suggeriments on pot participar tota la comunitat educativa).<\/p>\n<p><a href=\"https:\/\/agora.xtec.cat\/escolaelpolvori\/wp-content\/uploads\/usu2089\/2020\/03\/E.EMOCIONAL.jpg\"><img loading=\"lazy\" decoding=\"async\" class=\"alignnone size-full wp-image-727\" src=\"https:\/\/agora.xtec.cat\/escolaelpolvori\/wp-content\/uploads\/usu2089\/2020\/03\/E.EMOCIONAL.jpg\" alt=\"\" width=\"872\" height=\"654\" srcset=\"https:\/\/agora.xtec.cat\/escolaelpolvori\/wp-content\/uploads\/usu2089\/2020\/03\/E.EMOCIONAL.jpg 872w, https:\/\/agora.xtec.cat\/escolaelpolvori\/wp-content\/uploads\/usu2089\/2020\/03\/E.EMOCIONAL-300x225.jpg 300w, https:\/\/agora.xtec.cat\/escolaelpolvori\/wp-content\/uploads\/usu2089\/2020\/03\/E.EMOCIONAL-768x576.jpg 768w, https:\/\/agora.xtec.cat\/escolaelpolvori\/wp-content\/uploads\/usu2089\/2020\/03\/E.EMOCIONAL-200x150.jpg 200w\" sizes=\"auto, (max-width: 872px) 100vw, 872px\" \/><\/a><\/p>\n","protected":false},"excerpt":{"rendered":"<p>Es tracta d\u2019 ajudar a l\u2019alumnat a con\u00e8ixer i regular les seves emocions, sentiments i impulsos, aix\u00ed com millorar el seu autoconcepte i valorar positivament les pr\u00f2pies capacitats i limitacions.<br \/>\nA m\u00e9s de les sessions d\u2019Ed. Emocional, col\u00b7laborem amb la FEEB en el programa \u201cConvivim esportivament\u201d&hellip;  <a href=\"https:\/\/agora.xtec.cat\/escolaelpolvori\/projectes\/educacio-emocional\/\" title=\"Read Educaci\u00f3 emocional\">Llegeix m\u00e9s\u00bb<\/a><\/p>\n","protected":false},"author":1,"featured_media":0,"parent":656,"menu_order":0,"comment_status":"closed","ping_status":"closed","template":"page-templates\/side-menu.php","meta":{"_bbp_topic_count":0,"_bbp_reply_count":0,"_bbp_total_topic_count":0,"_bbp_total_reply_count":0,"_bbp_voice_count":0,"_bbp_anonymous_reply_count":0,"_bbp_topic_count_hidden":0,"_bbp_reply_count_hidden":0,"_bbp_forum_subforum_count":0,"footnotes":""},"class_list":["post-665","page","type-page","status-publish","hentry"],"post_mailing_queue_ids":[],"_links":{"self":[{"href":"https:\/\/agora.xtec.cat\/escolaelpolvori\/wp-json\/wp\/v2\/pages\/665","targetHints":{"allow":["GET"]}}],"collection":[{"href":"https:\/\/agora.xtec.cat\/escolaelpolvori\/wp-json\/wp\/v2\/pages"}],"about":[{"href":"https:\/\/agora.xtec.cat\/escolaelpolvori\/wp-json\/wp\/v2\/types\/page"}],"author":[{"embeddable":true,"href":"https:\/\/agora.xtec.cat\/escolaelpolvori\/wp-json\/wp\/v2\/users\/1"}],"replies":[{"embeddable":true,"href":"https:\/\/agora.xtec.cat\/escolaelpolvori\/wp-json\/wp\/v2\/comments?post=665"}],"version-history":[{"count":2,"href":"https:\/\/agora.xtec.cat\/escolaelpolvori\/wp-json\/wp\/v2\/pages\/665\/revisions"}],"predecessor-version":[{"id":728,"href":"https:\/\/agora.xtec.cat\/escolaelpolvori\/wp-json\/wp\/v2\/pages\/665\/revisions\/728"}],"up":[{"embeddable":true,"href":"https:\/\/agora.xtec.cat\/escolaelpolvori\/wp-json\/wp\/v2\/pages\/656"}],"wp:attachment":[{"href":"https:\/\/agora.xtec.cat\/escolaelpolvori\/wp-json\/wp\/v2\/media?parent=665"}],"curies":[{"name":"wp","href":"https:\/\/api.w.org\/{rel}","templated":true}]}}