{"id":662,"date":"2020-03-30T16:58:26","date_gmt":"2020-03-30T14:58:26","guid":{"rendered":"https:\/\/agora.xtec.cat\/escolaelpolvori\/?page_id=662"},"modified":"2023-09-29T15:53:17","modified_gmt":"2023-09-29T13:53:17","slug":"robotica-2","status":"publish","type":"page","link":"https:\/\/agora.xtec.cat\/escolaelpolvori\/projectes\/robotica-2\/","title":{"rendered":"Rob\u00f2tica"},"content":{"rendered":"<p style=\"text-align: justify;\">Aquest projecte t\u00e9 com a objectiu introduir als nostres alumnes al m\u00f3n de la rob\u00f2tica.<\/p>\n<p style=\"text-align: justify;\">Per aconseguir aquest objectiu, farem servir una varietat de recursos i materials, com ara el Bee Bot per als nivells d&#8217;Infantil i cicle inicial, els kits Engenio, els kits de rob\u00f2tica de Lego WeDo 2.0 per al cicle mitj\u00e0, aix\u00ed com altres eines com les M\u00e0quines Simples de Lego, MakeyMakey, Mindstorms i, de manera ocasional, treballarem amb el Pro Bot, Zowi, realitzarem impressi\u00f3 3D i utilitzarem tall l\u00e0ser.<\/p>\n<p style=\"text-align: justify;\">Una de les grans avantatges d&#8217;aquests robots \u00e9s que utilitzen un llenguatge ic\u00f2nic molt senzill, la qual cosa facilita el proc\u00e9s d&#8217;iniciaci\u00f3 dels alumnes. A m\u00e9s, aquests materials s\u00f3n resistent i adequats per a \u00fas educatiu, assegurant una experi\u00e8ncia d&#8217;aprenentatge de qualitat.<\/p>\n<table style=\"height: 247px;\">\n<tbody>\n<tr style=\"height: 59px;\">\n<td style=\"width: 202px; height: 48px; text-align: center;\"><strong>Educaci\u00f3 infantil:P4\/P5<\/strong><\/td>\n<td style=\"width: 203px; height: 48px; text-align: center;\"><strong>\u00a0\u00a0 Cicle Inicial<\/strong><\/td>\n<td style=\"width: 204px; height: 48px; text-align: center;\"><strong>\u00a0\u00a0\u00a0\u00a0 Cicle Mitj\u00e0<\/strong><\/td>\n<td style=\"width: 204px; height: 48px; text-align: center;\"><strong>\u00a0\u00a0\u00a0 Cicle Superior<\/strong><\/td>\n<\/tr>\n<tr style=\"height: 251px;\">\n<td style=\"width: 202px; height: 199px;\">\n<ul>\n<li>\u00das del Bee-bot i tauletes&#8230;per treballar continguts de matem\u00e0tiques, llengua, nocions espacials&#8230;<\/li>\n<li>Engenio.<\/li>\n<\/ul>\n<\/td>\n<td style=\"width: 203px; height: 199px;\">\n<ul>\n<li>Apadrinament amb 3r i 4rt amb Lego WeDo.<\/li>\n<li>Apps de programaci\u00f3 i realitat augmentada.<\/li>\n<li>Scratch junnior.<\/li>\n<li>Engenio<\/li>\n<\/ul>\n<\/td>\n<td style=\"width: 204px; height: 199px;\">\n<ul>\n<li>Lego We Do.<\/li>\n<li>Scratch 2.0.<\/li>\n<li>Makey Makey.<\/li>\n<li>M\u00e0quines simples.<\/li>\n<\/ul>\n<\/td>\n<td style=\"width: 204px; height: 199px;\">\n<ul>\n<li>Cinqu\u00e8: Lego We Do, Scratch 2.0, Mindstorns.<\/li>\n<li>Sis\u00e8: Codi QR.<\/li>\n<li>Makey Makey<\/li>\n<\/ul>\n<\/td>\n<\/tr>\n<\/tbody>\n<\/table>\n<p><img loading=\"lazy\" decoding=\"async\" class=\"\" src=\"https:\/\/maker-store.es\/media\/image\/da\/3d\/72\/A217455_01JU8JTo9ABkDKa.jpg\" alt=\"TTS Bee-Bot\u00ae Robot Programable | Kits completos | Rob\u00f3tica | Maker Store by ALLNET\" width=\"203\" height=\"203\" \/><img loading=\"lazy\" decoding=\"async\" class=\"\" src=\"https:\/\/assets.education.lego.com\/v3\/assets\/blt293eea581807678a\/blt2ca37a6a2d7f403b\/5ebea098634eab21cd0e181c\/milo.jpg?locale=es-es\" alt=\"WeDo 2.0 | Software Download | LEGO\u00ae Education\" width=\"232\" height=\"172\" \/><img loading=\"lazy\" decoding=\"async\" class=\"\" src=\"https:\/\/www.creatroninc.com\/download\/7773.jpg\" alt=\"Makey Makey Classic - Creatron Inc\" width=\"190\" height=\"190\" \/><img loading=\"lazy\" decoding=\"async\" class=\"\" src=\"https:\/\/www.prodel.es\/wp-content\/uploads\/2019\/12\/45544_3-scaled.jpg\" alt=\"LEGO\u00aeMindstorms EV3 Educaci\u00f3n (45544) - Prodel, S.A.\" width=\"162\" height=\"192\" \/><\/p>\n","protected":false},"excerpt":{"rendered":"<p>Aquest projecte t\u00e9 com a objectiu introduir als nostres alumnes al m\u00f3n de la rob\u00f2tica.<br \/>\nPer aconseguir aquest objectiu, farem servir una varietat de recursos i materials, com ara el Bee Bot per als nivells d&#8217;Infantil i cicle inicial, els kits Engenio, els kits de rob\u00f2tica&hellip;  <a href=\"https:\/\/agora.xtec.cat\/escolaelpolvori\/projectes\/robotica-2\/\" title=\"Read Rob\u00f2tica\">Llegeix m\u00e9s\u00bb<\/a><\/p>\n","protected":false},"author":1,"featured_media":0,"parent":656,"menu_order":0,"comment_status":"closed","ping_status":"closed","template":"page-templates\/side-menu.php","meta":{"_bbp_topic_count":0,"_bbp_reply_count":0,"_bbp_total_topic_count":0,"_bbp_total_reply_count":0,"_bbp_voice_count":0,"_bbp_anonymous_reply_count":0,"_bbp_topic_count_hidden":0,"_bbp_reply_count_hidden":0,"_bbp_forum_subforum_count":0,"footnotes":""},"class_list":["post-662","page","type-page","status-publish","hentry"],"post_mailing_queue_ids":[],"_links":{"self":[{"href":"https:\/\/agora.xtec.cat\/escolaelpolvori\/wp-json\/wp\/v2\/pages\/662","targetHints":{"allow":["GET"]}}],"collection":[{"href":"https:\/\/agora.xtec.cat\/escolaelpolvori\/wp-json\/wp\/v2\/pages"}],"about":[{"href":"https:\/\/agora.xtec.cat\/escolaelpolvori\/wp-json\/wp\/v2\/types\/page"}],"author":[{"embeddable":true,"href":"https:\/\/agora.xtec.cat\/escolaelpolvori\/wp-json\/wp\/v2\/users\/1"}],"replies":[{"embeddable":true,"href":"https:\/\/agora.xtec.cat\/escolaelpolvori\/wp-json\/wp\/v2\/comments?post=662"}],"version-history":[{"count":6,"href":"https:\/\/agora.xtec.cat\/escolaelpolvori\/wp-json\/wp\/v2\/pages\/662\/revisions"}],"predecessor-version":[{"id":2165,"href":"https:\/\/agora.xtec.cat\/escolaelpolvori\/wp-json\/wp\/v2\/pages\/662\/revisions\/2165"}],"up":[{"embeddable":true,"href":"https:\/\/agora.xtec.cat\/escolaelpolvori\/wp-json\/wp\/v2\/pages\/656"}],"wp:attachment":[{"href":"https:\/\/agora.xtec.cat\/escolaelpolvori\/wp-json\/wp\/v2\/media?parent=662"}],"curies":[{"name":"wp","href":"https:\/\/api.w.org\/{rel}","templated":true}]}}