{"id":583,"date":"2020-03-21T13:10:15","date_gmt":"2020-03-21T12:10:15","guid":{"rendered":"https:\/\/agora.xtec.cat\/escolaelpolvori\/?page_id=583"},"modified":"2023-09-29T11:34:25","modified_gmt":"2023-09-29T09:34:25","slug":"sortides","status":"publish","type":"page","link":"https:\/\/agora.xtec.cat\/escolaelpolvori\/informacio-families\/sortides\/","title":{"rendered":"Sortides"},"content":{"rendered":"<p>L&#8217;escola planifica amb cura sortides pedag\u00f2giques per a tots els nivells educatius, aprofitant els recursos naturals i les instal\u00b7lacions de l&#8217;entorn amb l&#8217;objectiu d&#8217;enriquir l&#8217;experi\u00e8ncia educativa dels nostres alumnes. A m\u00e9s, amb el suport de diferents programes de l&#8217;Ajuntament de Barcelona, tenim l&#8217;oportunitat de visitar molts llocs de la ciutat, gaudir d&#8217;experi\u00e8ncies esportives i anar de col\u00b7l\u00f2nies tots plegats.<\/p>\n<p>\u00c9s crucial recordar que, en cas que es requereixi realitzar un pagament per a aquestes sortides, \u00e9s fonamental adherir-se estrictament als terminis establerts. No es podran acceptar pagaments realitzats el mateix dia de la sortida, ja que aix\u00f2 pot afectar l&#8217;organitzaci\u00f3 i planificaci\u00f3 de l&#8217;activitat. Agra\u00efm la vostra col\u00b7laboraci\u00f3 i comprensi\u00f3 en aquesta q\u00fcesti\u00f3, ja que ens permet garantir una experi\u00e8ncia segura i efectiva per a tots els estudiants que participin en les nostres sortides pedag\u00f2giques.<\/p>\n<p><a href=\"https:\/\/agora.xtec.cat\/escolaelpolvori\/wp-content\/uploads\/usu2089\/2023\/09\/VELA.jpg\"><img loading=\"lazy\" decoding=\"async\" class=\"alignnone wp-image-2121\" src=\"https:\/\/agora.xtec.cat\/escolaelpolvori\/wp-content\/uploads\/usu2089\/2023\/09\/VELA.jpg\" alt=\"\" width=\"482\" height=\"362\" srcset=\"https:\/\/agora.xtec.cat\/escolaelpolvori\/wp-content\/uploads\/usu2089\/2023\/09\/VELA.jpg 768w, https:\/\/agora.xtec.cat\/escolaelpolvori\/wp-content\/uploads\/usu2089\/2023\/09\/VELA-300x225.jpg 300w, https:\/\/agora.xtec.cat\/escolaelpolvori\/wp-content\/uploads\/usu2089\/2023\/09\/VELA-200x150.jpg 200w\" sizes=\"auto, (max-width: 482px) 100vw, 482px\" \/><\/a><a href=\"https:\/\/agora.xtec.cat\/escolaelpolvori\/wp-content\/uploads\/usu2089\/2023\/09\/EXCURSIO-INF-2.jpg\"><img loading=\"lazy\" decoding=\"async\" class=\"alignnone wp-image-2093\" src=\"https:\/\/agora.xtec.cat\/escolaelpolvori\/wp-content\/uploads\/usu2089\/2023\/09\/EXCURSIO-INF-2-1024x1024.jpg\" alt=\"\" width=\"368\" height=\"368\" srcset=\"https:\/\/agora.xtec.cat\/escolaelpolvori\/wp-content\/uploads\/usu2089\/2023\/09\/EXCURSIO-INF-2-1024x1024.jpg 1024w, https:\/\/agora.xtec.cat\/escolaelpolvori\/wp-content\/uploads\/usu2089\/2023\/09\/EXCURSIO-INF-2-300x300.jpg 300w, https:\/\/agora.xtec.cat\/escolaelpolvori\/wp-content\/uploads\/usu2089\/2023\/09\/EXCURSIO-INF-2-150x150.jpg 150w, https:\/\/agora.xtec.cat\/escolaelpolvori\/wp-content\/uploads\/usu2089\/2023\/09\/EXCURSIO-INF-2-768x768.jpg 768w, https:\/\/agora.xtec.cat\/escolaelpolvori\/wp-content\/uploads\/usu2089\/2023\/09\/EXCURSIO-INF-2.jpg 1440w\" sizes=\"auto, (max-width: 368px) 100vw, 368px\" \/><\/a><a href=\"https:\/\/agora.xtec.cat\/escolaelpolvori\/wp-content\/uploads\/usu2089\/2022\/05\/7-min-scaled.jpg\"><img loading=\"lazy\" decoding=\"async\" class=\"alignnone wp-image-1863 \" src=\"https:\/\/agora.xtec.cat\/escolaelpolvori\/wp-content\/uploads\/usu2089\/2022\/05\/7-min-766x1024.jpg\" alt=\"\" width=\"350\" height=\"468\" srcset=\"https:\/\/agora.xtec.cat\/escolaelpolvori\/wp-content\/uploads\/usu2089\/2022\/05\/7-min-766x1024.jpg 766w, https:\/\/agora.xtec.cat\/escolaelpolvori\/wp-content\/uploads\/usu2089\/2022\/05\/7-min-224x300.jpg 224w, https:\/\/agora.xtec.cat\/escolaelpolvori\/wp-content\/uploads\/usu2089\/2022\/05\/7-min-768x1026.jpg 768w, https:\/\/agora.xtec.cat\/escolaelpolvori\/wp-content\/uploads\/usu2089\/2022\/05\/7-min-1149x1536.jpg 1149w, https:\/\/agora.xtec.cat\/escolaelpolvori\/wp-content\/uploads\/usu2089\/2022\/05\/7-min-1532x2048.jpg 1532w, https:\/\/agora.xtec.cat\/escolaelpolvori\/wp-content\/uploads\/usu2089\/2022\/05\/7-min-scaled.jpg 1916w\" sizes=\"auto, (max-width: 350px) 100vw, 350px\" \/><\/a><a href=\"https:\/\/agora.xtec.cat\/escolaelpolvori\/wp-content\/uploads\/usu2089\/2022\/06\/IMG_20220610_134719-01-min-scaled.jpeg\"><img loading=\"lazy\" decoding=\"async\" class=\"alignnone wp-image-1961\" src=\"https:\/\/agora.xtec.cat\/escolaelpolvori\/wp-content\/uploads\/usu2089\/2022\/06\/IMG_20220610_134719-01-min-845x1024.jpeg\" alt=\"\" width=\"385\" height=\"467\" srcset=\"https:\/\/agora.xtec.cat\/escolaelpolvori\/wp-content\/uploads\/usu2089\/2022\/06\/IMG_20220610_134719-01-min-845x1024.jpeg 845w, https:\/\/agora.xtec.cat\/escolaelpolvori\/wp-content\/uploads\/usu2089\/2022\/06\/IMG_20220610_134719-01-min-247x300.jpeg 247w, https:\/\/agora.xtec.cat\/escolaelpolvori\/wp-content\/uploads\/usu2089\/2022\/06\/IMG_20220610_134719-01-min-768x931.jpeg 768w, https:\/\/agora.xtec.cat\/escolaelpolvori\/wp-content\/uploads\/usu2089\/2022\/06\/IMG_20220610_134719-01-min-1267x1536.jpeg 1267w, https:\/\/agora.xtec.cat\/escolaelpolvori\/wp-content\/uploads\/usu2089\/2022\/06\/IMG_20220610_134719-01-min-1689x2048.jpeg 1689w\" sizes=\"auto, (max-width: 385px) 100vw, 385px\" \/><\/a><a href=\"https:\/\/agora.xtec.cat\/escolaelpolvori\/wp-content\/uploads\/usu2089\/2023\/09\/JOCS-COOP.jpg\"><img loading=\"lazy\" decoding=\"async\" class=\"alignnone  wp-image-2104\" src=\"https:\/\/agora.xtec.cat\/escolaelpolvori\/wp-content\/uploads\/usu2089\/2023\/09\/JOCS-COOP-1024x577.jpg\" alt=\"\" width=\"503\" height=\"283\" srcset=\"https:\/\/agora.xtec.cat\/escolaelpolvori\/wp-content\/uploads\/usu2089\/2023\/09\/JOCS-COOP-1024x577.jpg 1024w, https:\/\/agora.xtec.cat\/escolaelpolvori\/wp-content\/uploads\/usu2089\/2023\/09\/JOCS-COOP-300x169.jpg 300w, https:\/\/agora.xtec.cat\/escolaelpolvori\/wp-content\/uploads\/usu2089\/2023\/09\/JOCS-COOP-768x433.jpg 768w, https:\/\/agora.xtec.cat\/escolaelpolvori\/wp-content\/uploads\/usu2089\/2023\/09\/JOCS-COOP.jpg 1128w\" sizes=\"auto, (max-width: 503px) 100vw, 503px\" \/><\/a><a href=\"https:\/\/agora.xtec.cat\/escolaelpolvori\/wp-content\/uploads\/usu2089\/2022\/05\/20220523_104809.jpg\"><img loading=\"lazy\" decoding=\"async\" class=\"alignnone  wp-image-1940\" src=\"https:\/\/agora.xtec.cat\/escolaelpolvori\/wp-content\/uploads\/usu2089\/2022\/05\/20220523_104809-1024x752.jpg\" alt=\"\" width=\"384\" height=\"282\" srcset=\"https:\/\/agora.xtec.cat\/escolaelpolvori\/wp-content\/uploads\/usu2089\/2022\/05\/20220523_104809-1024x752.jpg 1024w, https:\/\/agora.xtec.cat\/escolaelpolvori\/wp-content\/uploads\/usu2089\/2022\/05\/20220523_104809-300x220.jpg 300w, https:\/\/agora.xtec.cat\/escolaelpolvori\/wp-content\/uploads\/usu2089\/2022\/05\/20220523_104809-768x564.jpg 768w, https:\/\/agora.xtec.cat\/escolaelpolvori\/wp-content\/uploads\/usu2089\/2022\/05\/20220523_104809-1536x1128.jpg 1536w, https:\/\/agora.xtec.cat\/escolaelpolvori\/wp-content\/uploads\/usu2089\/2022\/05\/20220523_104809-2048x1503.jpg 2048w\" sizes=\"auto, (max-width: 384px) 100vw, 384px\" \/><\/a><\/p>\n","protected":false},"excerpt":{"rendered":"<p>L&#8217;escola planifica amb cura sortides pedag\u00f2giques per a tots els nivells educatius, aprofitant els recursos naturals i les instal\u00b7lacions de l&#8217;entorn amb l&#8217;objectiu d&#8217;enriquir l&#8217;experi\u00e8ncia educativa dels nostres alumnes. A m\u00e9s, amb el suport de diferents programes de l&#8217;Ajuntament de Barcelona, tenim l&#8217;oportunitat de visitar&hellip;  <a href=\"https:\/\/agora.xtec.cat\/escolaelpolvori\/informacio-families\/sortides\/\" title=\"Read Sortides\">Llegeix m\u00e9s\u00bb<\/a><\/p>\n","protected":false},"author":1,"featured_media":0,"parent":577,"menu_order":0,"comment_status":"closed","ping_status":"closed","template":"page-templates\/side-menu.php","meta":{"_bbp_topic_count":0,"_bbp_reply_count":0,"_bbp_total_topic_count":0,"_bbp_total_reply_count":0,"_bbp_voice_count":0,"_bbp_anonymous_reply_count":0,"_bbp_topic_count_hidden":0,"_bbp_reply_count_hidden":0,"_bbp_forum_subforum_count":0,"footnotes":""},"class_list":["post-583","page","type-page","status-publish","hentry"],"post_mailing_queue_ids":[],"_links":{"self":[{"href":"https:\/\/agora.xtec.cat\/escolaelpolvori\/wp-json\/wp\/v2\/pages\/583","targetHints":{"allow":["GET"]}}],"collection":[{"href":"https:\/\/agora.xtec.cat\/escolaelpolvori\/wp-json\/wp\/v2\/pages"}],"about":[{"href":"https:\/\/agora.xtec.cat\/escolaelpolvori\/wp-json\/wp\/v2\/types\/page"}],"author":[{"embeddable":true,"href":"https:\/\/agora.xtec.cat\/escolaelpolvori\/wp-json\/wp\/v2\/users\/1"}],"replies":[{"embeddable":true,"href":"https:\/\/agora.xtec.cat\/escolaelpolvori\/wp-json\/wp\/v2\/comments?post=583"}],"version-history":[{"count":4,"href":"https:\/\/agora.xtec.cat\/escolaelpolvori\/wp-json\/wp\/v2\/pages\/583\/revisions"}],"predecessor-version":[{"id":2157,"href":"https:\/\/agora.xtec.cat\/escolaelpolvori\/wp-json\/wp\/v2\/pages\/583\/revisions\/2157"}],"up":[{"embeddable":true,"href":"https:\/\/agora.xtec.cat\/escolaelpolvori\/wp-json\/wp\/v2\/pages\/577"}],"wp:attachment":[{"href":"https:\/\/agora.xtec.cat\/escolaelpolvori\/wp-json\/wp\/v2\/media?parent=583"}],"curies":[{"name":"wp","href":"https:\/\/api.w.org\/{rel}","templated":true}]}}