{"id":580,"date":"2020-03-21T13:05:04","date_gmt":"2020-03-21T12:05:04","guid":{"rendered":"https:\/\/agora.xtec.cat\/escolaelpolvori\/?page_id=580"},"modified":"2020-03-30T16:23:02","modified_gmt":"2020-03-30T14:23:02","slug":"documents","status":"publish","type":"page","link":"https:\/\/agora.xtec.cat\/escolaelpolvori\/documents\/","title":{"rendered":"Documents"},"content":{"rendered":"<p>Us deixem, perqu\u00e8 ho pogueu consultar en tot moment, un seguit de\u00a0<strong>documents normatius de gesti\u00f3<\/strong> de l&#8217;Escola El Polvor\u00ed.<br \/>\nD&#8217;aquesta manera podreu con\u00e8ixer molt millor qu\u00e8 \u00e9s el que fa el centre, com ho gestionem tot plegat, el nostre projecte educatiu, etc.<\/p>\n<p>I, com sempre, si teniu qualsevol mena de dubte podeu contactar amb l&#8217;escola.<\/p>\n","protected":false},"excerpt":{"rendered":"<p>Us deixem, perqu\u00e8 ho pogueu consultar en tot moment, un seguit de\u00a0documents normatius de gesti\u00f3 de l&#8217;Escola El Polvor\u00ed.<br \/>\nD&#8217;aquesta manera podreu con\u00e8ixer molt millor qu\u00e8 \u00e9s el que fa el centre, com ho gestionem tot plegat, el nostre projecte educatiu, etc.<br \/>\nI, com sempre, si teniu&hellip;  <a href=\"https:\/\/agora.xtec.cat\/escolaelpolvori\/documents\/\" title=\"Read Documents\">Llegeix m\u00e9s\u00bb<\/a><\/p>\n","protected":false},"author":1,"featured_media":0,"parent":0,"menu_order":0,"comment_status":"closed","ping_status":"closed","template":"page-templates\/side-menu.php","meta":{"_bbp_topic_count":0,"_bbp_reply_count":0,"_bbp_total_topic_count":0,"_bbp_total_reply_count":0,"_bbp_voice_count":0,"_bbp_anonymous_reply_count":0,"_bbp_topic_count_hidden":0,"_bbp_reply_count_hidden":0,"_bbp_forum_subforum_count":0,"footnotes":""},"class_list":["post-580","page","type-page","status-publish","hentry"],"post_mailing_queue_ids":[],"_links":{"self":[{"href":"https:\/\/agora.xtec.cat\/escolaelpolvori\/wp-json\/wp\/v2\/pages\/580","targetHints":{"allow":["GET"]}}],"collection":[{"href":"https:\/\/agora.xtec.cat\/escolaelpolvori\/wp-json\/wp\/v2\/pages"}],"about":[{"href":"https:\/\/agora.xtec.cat\/escolaelpolvori\/wp-json\/wp\/v2\/types\/page"}],"author":[{"embeddable":true,"href":"https:\/\/agora.xtec.cat\/escolaelpolvori\/wp-json\/wp\/v2\/users\/1"}],"replies":[{"embeddable":true,"href":"https:\/\/agora.xtec.cat\/escolaelpolvori\/wp-json\/wp\/v2\/comments?post=580"}],"version-history":[{"count":2,"href":"https:\/\/agora.xtec.cat\/escolaelpolvori\/wp-json\/wp\/v2\/pages\/580\/revisions"}],"predecessor-version":[{"id":649,"href":"https:\/\/agora.xtec.cat\/escolaelpolvori\/wp-json\/wp\/v2\/pages\/580\/revisions\/649"}],"wp:attachment":[{"href":"https:\/\/agora.xtec.cat\/escolaelpolvori\/wp-json\/wp\/v2\/media?parent=580"}],"curies":[{"name":"wp","href":"https:\/\/api.w.org\/{rel}","templated":true}]}}