{"id":529,"date":"2020-03-17T19:33:29","date_gmt":"2020-03-17T18:33:29","guid":{"rendered":"https:\/\/agora.xtec.cat\/escolaelpolvori\/?page_id=529"},"modified":"2025-11-17T11:43:22","modified_gmt":"2025-11-17T10:43:22","slug":"equip-educatiu","status":"publish","type":"page","link":"https:\/\/agora.xtec.cat\/escolaelpolvori\/lescola\/equip-educatiu\/","title":{"rendered":"Equip educatiu"},"content":{"rendered":"<p><strong>L&#8217;Equip Docent de la nostra escola\u00a0<\/strong><\/p>\n<p>En la nostra escola la qualitat educativa \u00e9s la nostra prioritat. Comptem amb un grup de mestres apassionats per la seva tasca i dedicats al \u00e8xit acad\u00e8mic dels nostres alumnes.<\/p>\n<p>Els nostres mestres s\u00f3n guies i models a seguir que inspiren als nostres alumnes a assolir el seu m\u00e0xim potencial. Cadascun d&#8217;ells aporta coneixements i experi\u00e8ncia \u00fanics.<\/p>\n<p>Al Polvor\u00ed, valorem la diversitat i la inclusi\u00f3, creant un entorn d&#8217;aprenentatge acollidor per a tothom.<\/p>\n<p>Descobreix qui forma el nostre equip docent:<\/p>\n<p><strong>Equip directiu<\/strong><\/p>\n<ul>\n<li>Marta T.<br \/>\n<em>Directora<\/em><\/li>\n<li>Marta S.<br \/>\n<em>Cap d&#8217;estudis <\/em><\/li>\n<li>Marc<br \/>\n<i>Secretari<\/i><\/li>\n<\/ul>\n<p><strong>Equip de mestres d&#8217;Infantil<\/strong><\/p>\n<ul>\n<li>Ghizlan<br \/>\n<em>Tutora de I3 i I4<\/em><\/li>\n<li>Gemma<br \/>\n<em>Tutora de I5<\/em><\/li>\n<\/ul>\n<p><strong>Equip de mestres de Prim\u00e0ria<\/strong><\/p>\n<ul>\n<li>Gemma<br \/>\n<em>Tutor de Primer<\/em><\/li>\n<li>Carla<br \/>\n<em>Tutor de Segon<\/em><\/li>\n<li>Marina<br \/>\n<em>Tutora de Tercer<\/em><\/li>\n<li>Carme<br \/>\n<em>Tutora de Quart<\/em><\/li>\n<li>Marta P.<br \/>\n<em>Tutora de Cinqu\u00e8<\/em><\/li>\n<li>Cristina<br \/>\n<em>Tutora de Sis\u00e8<\/em><\/li>\n<li>Benet<br \/>\n<em>Religi\u00f3\/Valors<\/em><\/li>\n<li>Patri<br \/>\n<em>Educaci\u00f3 Especial<\/em><\/li>\n<li>Marina<br \/>\n<em>Angl\u00e8s<\/em><\/li>\n<li>Ana<br \/>\n<em>M\u00fasica<\/em><\/li>\n<li>Patri<br \/>\n<em>Aula d&#8217;acollida<\/em><\/li>\n<\/ul>\n<p><strong>Nous perfils<\/strong><\/p>\n<p>Marc<\/p>\n<p><em>Especialista en suport emocional<\/em><\/p>\n<p><strong>Personal no docent<\/strong><\/p>\n<ul>\n<li>Ismael<br \/>\n<em>Conserge<\/em><\/li>\n<li>Pedro<br \/>\n<em>Administrador<\/em><\/li>\n<\/ul>\n<p><strong>Espai migdia<\/strong><\/p>\n<ul>\n<li>Anna i Eduardo<br \/>\n<em>Cuinera<\/em><\/li>\n<li>Joana<br \/>\n<em>Coordinador Monitors i monitores<\/em><\/li>\n<\/ul>\n<p>&nbsp;<\/p>\n","protected":false},"excerpt":{"rendered":"<p>L&#8217;Equip Docent de la nostra escola\u00a0<br \/>\nEn la nostra escola la qualitat educativa \u00e9s la nostra prioritat. Comptem amb un grup de mestres apassionats per la seva tasca i dedicats al \u00e8xit acad\u00e8mic dels nostres alumnes.<br \/>\nEls nostres mestres s\u00f3n guies i models a seguir que inspiren&hellip;  <a href=\"https:\/\/agora.xtec.cat\/escolaelpolvori\/lescola\/equip-educatiu\/\" title=\"Read Equip educatiu\">Llegeix m\u00e9s\u00bb<\/a><\/p>\n","protected":false},"author":1,"featured_media":0,"parent":22,"menu_order":0,"comment_status":"closed","ping_status":"closed","template":"page-templates\/side-menu.php","meta":{"_bbp_topic_count":0,"_bbp_reply_count":0,"_bbp_total_topic_count":0,"_bbp_total_reply_count":0,"_bbp_voice_count":0,"_bbp_anonymous_reply_count":0,"_bbp_topic_count_hidden":0,"_bbp_reply_count_hidden":0,"_bbp_forum_subforum_count":0,"footnotes":""},"class_list":["post-529","page","type-page","status-publish","hentry"],"post_mailing_queue_ids":[],"_links":{"self":[{"href":"https:\/\/agora.xtec.cat\/escolaelpolvori\/wp-json\/wp\/v2\/pages\/529","targetHints":{"allow":["GET"]}}],"collection":[{"href":"https:\/\/agora.xtec.cat\/escolaelpolvori\/wp-json\/wp\/v2\/pages"}],"about":[{"href":"https:\/\/agora.xtec.cat\/escolaelpolvori\/wp-json\/wp\/v2\/types\/page"}],"author":[{"embeddable":true,"href":"https:\/\/agora.xtec.cat\/escolaelpolvori\/wp-json\/wp\/v2\/users\/1"}],"replies":[{"embeddable":true,"href":"https:\/\/agora.xtec.cat\/escolaelpolvori\/wp-json\/wp\/v2\/comments?post=529"}],"version-history":[{"count":5,"href":"https:\/\/agora.xtec.cat\/escolaelpolvori\/wp-json\/wp\/v2\/pages\/529\/revisions"}],"predecessor-version":[{"id":2450,"href":"https:\/\/agora.xtec.cat\/escolaelpolvori\/wp-json\/wp\/v2\/pages\/529\/revisions\/2450"}],"up":[{"embeddable":true,"href":"https:\/\/agora.xtec.cat\/escolaelpolvori\/wp-json\/wp\/v2\/pages\/22"}],"wp:attachment":[{"href":"https:\/\/agora.xtec.cat\/escolaelpolvori\/wp-json\/wp\/v2\/media?parent=529"}],"curies":[{"name":"wp","href":"https:\/\/api.w.org\/{rel}","templated":true}]}}