{"id":24,"date":"2014-09-18T12:23:15","date_gmt":"2014-09-18T11:23:15","guid":{"rendered":"http:\/\/agora.xtec.cat\/escolaelpolvori\/?page_id=24"},"modified":"2025-09-08T13:00:03","modified_gmt":"2025-09-08T11:00:03","slug":"on-som","status":"publish","type":"page","link":"https:\/\/agora.xtec.cat\/escolaelpolvori\/lescola\/on-som\/","title":{"rendered":"On som"},"content":{"rendered":"<p>Cam\u00ed del Polvor\u00ed 8-10<\/p>\n<p>08038 Barcelona<\/p>\n<p>Tel\u00e8fon: 933327496<\/p>\n<p>e-mail: a8001650<span class=\"atwho-query\">@xtec.cat<\/span><\/p>\n<p><iframe loading=\"lazy\" src=\"https:\/\/www.google.com\/maps\/embed?pb=!1m18!1m12!1m3!1d11978.001048004706!2d2.1428379999999945!3d41.36321469999999!2m3!1f0!2f0!3f0!3m2!1i1024!2i768!4f13.1!3m3!1m2!1s0x0%3A0x6964fec9d078d131!2sEscola%20El%20Polvor%C3%AD!5e0!3m2!1ses!2ses!4v1582704850554!5m2!1ses!2ses\" width=\"600\" height=\"450\" frameborder=\"0\"><\/iframe><\/p>\n<p><strong>Com arribar?<\/strong><\/p>\n<p><strong><a href=\"https:\/\/agora.xtec.cat\/escolaelpolvori\/wp-content\/uploads\/usu2089\/2020\/03\/unnamed.jpg\"><img loading=\"lazy\" decoding=\"async\" class=\"alignnone wp-image-699\" src=\"https:\/\/agora.xtec.cat\/escolaelpolvori\/wp-content\/uploads\/usu2089\/2020\/03\/unnamed.jpg\" alt=\"\" width=\"68\" height=\"50\" srcset=\"https:\/\/agora.xtec.cat\/escolaelpolvori\/wp-content\/uploads\/usu2089\/2020\/03\/unnamed.jpg 512w, https:\/\/agora.xtec.cat\/escolaelpolvori\/wp-content\/uploads\/usu2089\/2020\/03\/unnamed-300x219.jpg 300w, https:\/\/agora.xtec.cat\/escolaelpolvori\/wp-content\/uploads\/usu2089\/2020\/03\/unnamed-200x150.jpg 200w\" sizes=\"auto, (max-width: 68px) 100vw, 68px\" \/><\/a> Bus:<\/strong> L\u00ednia 13 i 125 (Parada Segura\/Barri del Polvor\u00ed) ;\u00a0 L\u00ednia V5 (Parada Mare de D\u00e9u del Port \/Anoia)<\/p>\n<p><a href=\"https:\/\/agora.xtec.cat\/escolaelpolvori\/wp-content\/uploads\/usu2089\/2020\/03\/1200px-Bicing_logo.svg_.png\"><img loading=\"lazy\" decoding=\"async\" class=\"alignnone wp-image-702\" src=\"https:\/\/agora.xtec.cat\/escolaelpolvori\/wp-content\/uploads\/usu2089\/2020\/03\/1200px-Bicing_logo.svg_-1024x355.png\" alt=\"\" width=\"69\" height=\"24\" srcset=\"https:\/\/agora.xtec.cat\/escolaelpolvori\/wp-content\/uploads\/usu2089\/2020\/03\/1200px-Bicing_logo.svg_-1024x355.png 1024w, https:\/\/agora.xtec.cat\/escolaelpolvori\/wp-content\/uploads\/usu2089\/2020\/03\/1200px-Bicing_logo.svg_-300x104.png 300w, https:\/\/agora.xtec.cat\/escolaelpolvori\/wp-content\/uploads\/usu2089\/2020\/03\/1200px-Bicing_logo.svg_-768x266.png 768w, https:\/\/agora.xtec.cat\/escolaelpolvori\/wp-content\/uploads\/usu2089\/2020\/03\/1200px-Bicing_logo.svg_.png 1200w\" sizes=\"auto, (max-width: 69px) 100vw, 69px\" \/><\/a> Estaci\u00f3 m\u00e9s propera: Pla\u00e7a Teresa Claramunt<\/p>\n<p><a href=\"https:\/\/agora.xtec.cat\/escolaelpolvori\/wp-content\/uploads\/usu2089\/2020\/03\/logo_metro.gif\"><img loading=\"lazy\" decoding=\"async\" class=\"alignnone wp-image-705\" src=\"https:\/\/agora.xtec.cat\/escolaelpolvori\/wp-content\/uploads\/usu2089\/2020\/03\/logo_metro.gif\" alt=\"\" width=\"70\" height=\"42\" \/><\/a> Metro L10s &#8211; Foc\/Collblanc. Parada Mercat de la Marina\/Foneria<\/p>\n<p>&nbsp;<\/p>\n<p>&nbsp;<\/p>\n","protected":false},"excerpt":{"rendered":"<p>Cam\u00ed del Polvor\u00ed 8-10<br \/>\n08038 Barcelona<br \/>\nTel\u00e8fon: 933327496<br \/>\ne-mail: a8001650@xtec.cat<\/p>\n<p>Com arribar?<br \/>\n<a href=\"https:\/\/agora.xtec.cat\/escolaelpolvori\/wp-content\/uploads\/usu2089\/2020\/03\/unnamed.jpg\"><\/a> Bus: L\u00ednia 13 i 125 (Parada Segura\/Barri del Polvor\u00ed) ;\u00a0 L\u00ednia V5 (Parada Mare de D\u00e9u del Port \/Anoia)<br \/>\n<a href=\"https:\/\/agora.xtec.cat\/escolaelpolvori\/wp-content\/uploads\/usu2089\/2020\/03\/1200px-Bicing_logo.svg_.png\"><\/a> Estaci\u00f3 m\u00e9s propera: Pla\u00e7a Teresa Claramunt<br \/>\n<a href=\"https:\/\/agora.xtec.cat\/escolaelpolvori\/wp-content\/uploads\/usu2089\/2020\/03\/logo_metro.gif\"><\/a> Metro L10s &#8211; Foc\/Collblanc. Parada Mercat de la Marina\/Foneria<br \/>\n&nbsp;<br \/>\n&nbsp;<\/p>\n","protected":false},"author":1,"featured_media":0,"parent":22,"menu_order":10,"comment_status":"closed","ping_status":"closed","template":"page-templates\/side-menu.php","meta":{"_bbp_topic_count":0,"_bbp_reply_count":0,"_bbp_total_topic_count":0,"_bbp_total_reply_count":0,"_bbp_voice_count":0,"_bbp_anonymous_reply_count":0,"_bbp_topic_count_hidden":0,"_bbp_reply_count_hidden":0,"_bbp_forum_subforum_count":0,"footnotes":""},"class_list":["post-24","page","type-page","status-publish","hentry"],"post_mailing_queue_ids":[],"_links":{"self":[{"href":"https:\/\/agora.xtec.cat\/escolaelpolvori\/wp-json\/wp\/v2\/pages\/24","targetHints":{"allow":["GET"]}}],"collection":[{"href":"https:\/\/agora.xtec.cat\/escolaelpolvori\/wp-json\/wp\/v2\/pages"}],"about":[{"href":"https:\/\/agora.xtec.cat\/escolaelpolvori\/wp-json\/wp\/v2\/types\/page"}],"author":[{"embeddable":true,"href":"https:\/\/agora.xtec.cat\/escolaelpolvori\/wp-json\/wp\/v2\/users\/1"}],"replies":[{"embeddable":true,"href":"https:\/\/agora.xtec.cat\/escolaelpolvori\/wp-json\/wp\/v2\/comments?post=24"}],"version-history":[{"count":6,"href":"https:\/\/agora.xtec.cat\/escolaelpolvori\/wp-json\/wp\/v2\/pages\/24\/revisions"}],"predecessor-version":[{"id":2440,"href":"https:\/\/agora.xtec.cat\/escolaelpolvori\/wp-json\/wp\/v2\/pages\/24\/revisions\/2440"}],"up":[{"embeddable":true,"href":"https:\/\/agora.xtec.cat\/escolaelpolvori\/wp-json\/wp\/v2\/pages\/22"}],"wp:attachment":[{"href":"https:\/\/agora.xtec.cat\/escolaelpolvori\/wp-json\/wp\/v2\/media?parent=24"}],"curies":[{"name":"wp","href":"https:\/\/api.w.org\/{rel}","templated":true}]}}