{"id":2153,"date":"2023-09-29T10:53:59","date_gmt":"2023-09-29T08:53:59","guid":{"rendered":"https:\/\/agora.xtec.cat\/escolaelpolvori\/?page_id=2153"},"modified":"2023-09-29T10:53:59","modified_gmt":"2023-09-29T08:53:59","slug":"fundacio-joan-miro","status":"publish","type":"page","link":"https:\/\/agora.xtec.cat\/escolaelpolvori\/projectes\/fundacio-joan-miro\/","title":{"rendered":"Fundaci\u00f3 Joan Mir\u00f3"},"content":{"rendered":"<p>Des de fa uns anys, la Fundaci\u00f3 col\u00b7labora amb les escoles del districte de Sants-Montju\u00efc, integrant pr\u00e0ctiques d&#8217;innovaci\u00f3 educativa que fomenten el treball transversal i la import\u00e0ncia del proc\u00e9s art\u00edstic en qualsevol \u00e0mbit de l&#8217;aprenentatge. Els projectes es conceben i consensuen de manera col\u00b7laborativa entre el claustre docent i el Departament Educatiu de la Fundaci\u00f3, buscant la implicaci\u00f3 directa de les fam\u00edlies i la idea de pertinen\u00e7a a un territori.<\/p>\n<p><a href=\"https:\/\/agora.xtec.cat\/escolaelpolvori\/wp-content\/uploads\/usu2089\/2023\/09\/FUNDACIO-MIRO.jpg\"><img loading=\"lazy\" decoding=\"async\" class=\"alignnone size-full wp-image-2100\" src=\"https:\/\/agora.xtec.cat\/escolaelpolvori\/wp-content\/uploads\/usu2089\/2023\/09\/FUNDACIO-MIRO.jpg\" alt=\"\" width=\"837\" height=\"438\" srcset=\"https:\/\/agora.xtec.cat\/escolaelpolvori\/wp-content\/uploads\/usu2089\/2023\/09\/FUNDACIO-MIRO.jpg 837w, https:\/\/agora.xtec.cat\/escolaelpolvori\/wp-content\/uploads\/usu2089\/2023\/09\/FUNDACIO-MIRO-300x157.jpg 300w, https:\/\/agora.xtec.cat\/escolaelpolvori\/wp-content\/uploads\/usu2089\/2023\/09\/FUNDACIO-MIRO-768x402.jpg 768w\" sizes=\"auto, (max-width: 837px) 100vw, 837px\" \/><\/a><\/p>\n","protected":false},"excerpt":{"rendered":"<p>Des de fa uns anys, la Fundaci\u00f3 col\u00b7labora amb les escoles del districte de Sants-Montju\u00efc, integrant pr\u00e0ctiques d&#8217;innovaci\u00f3 educativa que fomenten el treball transversal i la import\u00e0ncia del proc\u00e9s art\u00edstic en qualsevol \u00e0mbit de l&#8217;aprenentatge. Els projectes es conceben i consensuen de manera col\u00b7laborativa entre&hellip;  <a href=\"https:\/\/agora.xtec.cat\/escolaelpolvori\/projectes\/fundacio-joan-miro\/\" title=\"Read Fundaci\u00f3 Joan Mir\u00f3\">Llegeix m\u00e9s\u00bb<\/a><\/p>\n","protected":false},"author":1,"featured_media":0,"parent":656,"menu_order":0,"comment_status":"closed","ping_status":"closed","template":"page-templates\/side-menu.php","meta":{"_bbp_topic_count":0,"_bbp_reply_count":0,"_bbp_total_topic_count":0,"_bbp_total_reply_count":0,"_bbp_voice_count":0,"_bbp_anonymous_reply_count":0,"_bbp_topic_count_hidden":0,"_bbp_reply_count_hidden":0,"_bbp_forum_subforum_count":0,"footnotes":""},"class_list":["post-2153","page","type-page","status-publish","hentry"],"post_mailing_queue_ids":[],"_links":{"self":[{"href":"https:\/\/agora.xtec.cat\/escolaelpolvori\/wp-json\/wp\/v2\/pages\/2153","targetHints":{"allow":["GET"]}}],"collection":[{"href":"https:\/\/agora.xtec.cat\/escolaelpolvori\/wp-json\/wp\/v2\/pages"}],"about":[{"href":"https:\/\/agora.xtec.cat\/escolaelpolvori\/wp-json\/wp\/v2\/types\/page"}],"author":[{"embeddable":true,"href":"https:\/\/agora.xtec.cat\/escolaelpolvori\/wp-json\/wp\/v2\/users\/1"}],"replies":[{"embeddable":true,"href":"https:\/\/agora.xtec.cat\/escolaelpolvori\/wp-json\/wp\/v2\/comments?post=2153"}],"version-history":[{"count":1,"href":"https:\/\/agora.xtec.cat\/escolaelpolvori\/wp-json\/wp\/v2\/pages\/2153\/revisions"}],"predecessor-version":[{"id":2154,"href":"https:\/\/agora.xtec.cat\/escolaelpolvori\/wp-json\/wp\/v2\/pages\/2153\/revisions\/2154"}],"up":[{"embeddable":true,"href":"https:\/\/agora.xtec.cat\/escolaelpolvori\/wp-json\/wp\/v2\/pages\/656"}],"wp:attachment":[{"href":"https:\/\/agora.xtec.cat\/escolaelpolvori\/wp-json\/wp\/v2\/media?parent=2153"}],"curies":[{"name":"wp","href":"https:\/\/api.w.org\/{rel}","templated":true}]}}