{"id":2135,"date":"2023-09-28T13:55:56","date_gmt":"2023-09-28T11:55:56","guid":{"rendered":"https:\/\/agora.xtec.cat\/escolaelpolvori\/?page_id=2135"},"modified":"2023-09-29T11:39:10","modified_gmt":"2023-09-29T09:39:10","slug":"hoquei","status":"publish","type":"page","link":"https:\/\/agora.xtec.cat\/escolaelpolvori\/projectes\/hoquei\/","title":{"rendered":"Hoquei"},"content":{"rendered":"<p>L&#8217;hoquei a l&#8217;escola no nom\u00e9s \u00e9s una activitat esportiva, sin\u00f3 una oportunitat d&#8217;aprendre valors fonamentals com el treball en equip, la determinaci\u00f3 i la superaci\u00f3 personal. El practiquem durant les hores d&#8217;Educaci\u00f3 F\u00edsica i tamb\u00e9 com a extraescolar i ajuda als i les nostres jugadores a mesurar-se amb ells mateixos, superar reptes i celebrar \u00e8xits.<\/p>\n<p>L&#8217;alumnat desenvolupa les seves habilitats t\u00e8cniques i t\u00e0ctiques, aix\u00ed com forja amistats duradores. A m\u00e9s, l&#8217;hoquei \u00e9s una forma excepcional d&#8217;inculcar valors com la disciplina, la perseveran\u00e7a i el respecte, tot mentre es gaudeix de la bellesa de l&#8217;activitat f\u00edsica i l&#8217;aire lliure.<\/p>\n<p><a href=\"https:\/\/agora.xtec.cat\/escolaelpolvori\/wp-content\/uploads\/usu2089\/2022\/03\/MG_0205-min-scaled.jpg\"><img loading=\"lazy\" decoding=\"async\" class=\"alignnone  wp-image-1631\" src=\"https:\/\/agora.xtec.cat\/escolaelpolvori\/wp-content\/uploads\/usu2089\/2022\/03\/MG_0205-min-1024x683.jpg\" alt=\"\" width=\"566\" height=\"377\" srcset=\"https:\/\/agora.xtec.cat\/escolaelpolvori\/wp-content\/uploads\/usu2089\/2022\/03\/MG_0205-min-1024x683.jpg 1024w, https:\/\/agora.xtec.cat\/escolaelpolvori\/wp-content\/uploads\/usu2089\/2022\/03\/MG_0205-min-300x200.jpg 300w, https:\/\/agora.xtec.cat\/escolaelpolvori\/wp-content\/uploads\/usu2089\/2022\/03\/MG_0205-min-768x512.jpg 768w, https:\/\/agora.xtec.cat\/escolaelpolvori\/wp-content\/uploads\/usu2089\/2022\/03\/MG_0205-min-1536x1024.jpg 1536w, https:\/\/agora.xtec.cat\/escolaelpolvori\/wp-content\/uploads\/usu2089\/2022\/03\/MG_0205-min-2048x1365.jpg 2048w\" sizes=\"auto, (max-width: 566px) 100vw, 566px\" \/><\/a><a href=\"https:\/\/agora.xtec.cat\/escolaelpolvori\/wp-content\/uploads\/usu2089\/2022\/03\/MG_0211-min-scaled.jpg\"><img loading=\"lazy\" decoding=\"async\" class=\"alignnone  wp-image-1630\" src=\"https:\/\/agora.xtec.cat\/escolaelpolvori\/wp-content\/uploads\/usu2089\/2022\/03\/MG_0211-min-683x1024.jpg\" alt=\"\" width=\"252\" height=\"378\" srcset=\"https:\/\/agora.xtec.cat\/escolaelpolvori\/wp-content\/uploads\/usu2089\/2022\/03\/MG_0211-min-683x1024.jpg 683w, https:\/\/agora.xtec.cat\/escolaelpolvori\/wp-content\/uploads\/usu2089\/2022\/03\/MG_0211-min-200x300.jpg 200w, https:\/\/agora.xtec.cat\/escolaelpolvori\/wp-content\/uploads\/usu2089\/2022\/03\/MG_0211-min-768x1152.jpg 768w, https:\/\/agora.xtec.cat\/escolaelpolvori\/wp-content\/uploads\/usu2089\/2022\/03\/MG_0211-min-1024x1536.jpg 1024w, https:\/\/agora.xtec.cat\/escolaelpolvori\/wp-content\/uploads\/usu2089\/2022\/03\/MG_0211-min-1365x2048.jpg 1365w, https:\/\/agora.xtec.cat\/escolaelpolvori\/wp-content\/uploads\/usu2089\/2022\/03\/MG_0211-min-scaled.jpg 1707w\" sizes=\"auto, (max-width: 252px) 100vw, 252px\" \/><\/a><\/p>\n","protected":false},"excerpt":{"rendered":"<p>L&#8217;hoquei a l&#8217;escola no nom\u00e9s \u00e9s una activitat esportiva, sin\u00f3 una oportunitat d&#8217;aprendre valors fonamentals com el treball en equip, la determinaci\u00f3 i la superaci\u00f3 personal. El practiquem durant les hores d&#8217;Educaci\u00f3 F\u00edsica i tamb\u00e9 com a extraescolar i ajuda als i les nostres jugadores&hellip;  <a href=\"https:\/\/agora.xtec.cat\/escolaelpolvori\/projectes\/hoquei\/\" title=\"Read Hoquei\">Llegeix m\u00e9s\u00bb<\/a><\/p>\n","protected":false},"author":1,"featured_media":0,"parent":656,"menu_order":0,"comment_status":"closed","ping_status":"closed","template":"page-templates\/side-menu.php","meta":{"_bbp_topic_count":0,"_bbp_reply_count":0,"_bbp_total_topic_count":0,"_bbp_total_reply_count":0,"_bbp_voice_count":0,"_bbp_anonymous_reply_count":0,"_bbp_topic_count_hidden":0,"_bbp_reply_count_hidden":0,"_bbp_forum_subforum_count":0,"footnotes":""},"class_list":["post-2135","page","type-page","status-publish","hentry"],"post_mailing_queue_ids":[],"_links":{"self":[{"href":"https:\/\/agora.xtec.cat\/escolaelpolvori\/wp-json\/wp\/v2\/pages\/2135","targetHints":{"allow":["GET"]}}],"collection":[{"href":"https:\/\/agora.xtec.cat\/escolaelpolvori\/wp-json\/wp\/v2\/pages"}],"about":[{"href":"https:\/\/agora.xtec.cat\/escolaelpolvori\/wp-json\/wp\/v2\/types\/page"}],"author":[{"embeddable":true,"href":"https:\/\/agora.xtec.cat\/escolaelpolvori\/wp-json\/wp\/v2\/users\/1"}],"replies":[{"embeddable":true,"href":"https:\/\/agora.xtec.cat\/escolaelpolvori\/wp-json\/wp\/v2\/comments?post=2135"}],"version-history":[{"count":4,"href":"https:\/\/agora.xtec.cat\/escolaelpolvori\/wp-json\/wp\/v2\/pages\/2135\/revisions"}],"predecessor-version":[{"id":2160,"href":"https:\/\/agora.xtec.cat\/escolaelpolvori\/wp-json\/wp\/v2\/pages\/2135\/revisions\/2160"}],"up":[{"embeddable":true,"href":"https:\/\/agora.xtec.cat\/escolaelpolvori\/wp-json\/wp\/v2\/pages\/656"}],"wp:attachment":[{"href":"https:\/\/agora.xtec.cat\/escolaelpolvori\/wp-json\/wp\/v2\/media?parent=2135"}],"curies":[{"name":"wp","href":"https:\/\/api.w.org\/{rel}","templated":true}]}}