{"id":2126,"date":"2023-09-28T13:25:13","date_gmt":"2023-09-28T11:25:13","guid":{"rendered":"https:\/\/agora.xtec.cat\/escolaelpolvori\/?page_id=2126"},"modified":"2023-09-29T14:40:30","modified_gmt":"2023-09-29T12:40:30","slug":"projecte-mopa","status":"publish","type":"page","link":"https:\/\/agora.xtec.cat\/escolaelpolvori\/projectes\/projecte-mopa\/","title":{"rendered":"Projecte MoPA"},"content":{"rendered":"<p class=\"rtejustify\">La MoPA Barcelona es va gestar durant el 2017 i pren com a model la Mostra de Produccions Audiovisuals de Sant Andreu, que va arrencar fa 17 anys. La intenci\u00f3 \u00e9s que, de mica en mica, acabi arribant a tota la ciutat. \u00c9s una activitat d&#8217;immersi\u00f3 en la cultura audiovisual protagonitzada per infants d&#8217;entre 10 i 12 anys que fan una primera incursi\u00f3 en la producci\u00f3 des de l&#8217;aprendre fent i la reflexi\u00f3, la dinamitzaci\u00f3 comunit\u00e0ria i l&#8217;enfortiment dels vincles del teixit d&#8217;escoles de prim\u00e0ria envers el territori. A partir de tallers de creaci\u00f3 audiovisual participativa i col\u00b7laborativa entre els equips de mestres, l&#8217;alumnat i l&#8217;equip educomunicatiu de Teleduca.<\/p>\n<p class=\"rtejustify\">Els i les mestres s&#8217;ocupen d&#8217;acompanyar l&#8217;alumnat durant la fase de preproducci\u00f3, des de la pluja d&#8217;idees fins al gui\u00f3 t\u00e8cnic. La gravaci\u00f3 es fa amb l&#8217;alumnat com a protagonista al davant i darrere de les c\u00e0meres. Cada rodatge dura tot un mat\u00ed i al cap d&#8217;una setmana editen\u00a0 el contingut. La cloenda del programa es concreta amb una Mostra de les produccions audiovisuals resultants i una an\u00e0lisi cr\u00edtica tant del proc\u00e9s viscut com dels continguts treballats.<\/p>\n<p class=\"rtejustify\">M\u00e9s tard, s&#8217;estrena de forma presencial els curtmetratges en un cinema de la ciutat, i tamb\u00e9 en el canal de YouTube de l&#8217;Escola.<\/p>\n<p>&nbsp;<\/p>\n<p>Aqu\u00ed us deixem els curts del nostre alumnat del curs 2022-2023:<\/p>\n<p><iframe loading=\"lazy\" title=\"L&#039;alien que va salvar Montju\u00efc - Projecte MoPA 2022\/2023\" width=\"500\" height=\"281\" src=\"https:\/\/www.youtube.com\/embed\/H9LXRvOw5a8?feature=oembed\" frameborder=\"0\" allow=\"accelerometer; autoplay; clipboard-write; encrypted-media; gyroscope; picture-in-picture; web-share\" referrerpolicy=\"strict-origin-when-cross-origin\" allowfullscreen><\/iframe><\/p>\n<p><iframe loading=\"lazy\" title=\"Els \u00e9ssers fant\u00e0stics del bosc - Projecte MoPA 2022\/2023\" width=\"500\" height=\"281\" src=\"https:\/\/www.youtube.com\/embed\/ckrWDevLd98?feature=oembed\" frameborder=\"0\" allow=\"accelerometer; autoplay; clipboard-write; encrypted-media; gyroscope; picture-in-picture; web-share\" referrerpolicy=\"strict-origin-when-cross-origin\" allowfullscreen><\/iframe><\/p>\n<p><iframe loading=\"lazy\" title=\"Alerta! Extinci\u00f3 al Pirineu!\" width=\"500\" height=\"281\" src=\"https:\/\/www.youtube.com\/embed\/4hYy_cAINe8?feature=oembed\" frameborder=\"0\" allow=\"accelerometer; autoplay; clipboard-write; encrypted-media; gyroscope; picture-in-picture; web-share\" referrerpolicy=\"strict-origin-when-cross-origin\" allowfullscreen><\/iframe><\/p>\n","protected":false},"excerpt":{"rendered":"<p>La MoPA Barcelona es va gestar durant el 2017 i pren com a model la Mostra de Produccions Audiovisuals de Sant Andreu, que va arrencar fa 17 anys. La intenci\u00f3 \u00e9s que, de mica en mica, acabi arribant a tota la ciutat. \u00c9s una activitat&hellip;  <a href=\"https:\/\/agora.xtec.cat\/escolaelpolvori\/projectes\/projecte-mopa\/\" title=\"Read Projecte MoPA\">Llegeix m\u00e9s\u00bb<\/a><\/p>\n","protected":false},"author":1,"featured_media":0,"parent":656,"menu_order":0,"comment_status":"closed","ping_status":"closed","template":"page-templates\/side-menu.php","meta":{"_bbp_topic_count":0,"_bbp_reply_count":0,"_bbp_total_topic_count":0,"_bbp_total_reply_count":0,"_bbp_voice_count":0,"_bbp_anonymous_reply_count":0,"_bbp_topic_count_hidden":0,"_bbp_reply_count_hidden":0,"_bbp_forum_subforum_count":0,"footnotes":""},"class_list":["post-2126","page","type-page","status-publish","hentry"],"post_mailing_queue_ids":[],"_links":{"self":[{"href":"https:\/\/agora.xtec.cat\/escolaelpolvori\/wp-json\/wp\/v2\/pages\/2126","targetHints":{"allow":["GET"]}}],"collection":[{"href":"https:\/\/agora.xtec.cat\/escolaelpolvori\/wp-json\/wp\/v2\/pages"}],"about":[{"href":"https:\/\/agora.xtec.cat\/escolaelpolvori\/wp-json\/wp\/v2\/types\/page"}],"author":[{"embeddable":true,"href":"https:\/\/agora.xtec.cat\/escolaelpolvori\/wp-json\/wp\/v2\/users\/1"}],"replies":[{"embeddable":true,"href":"https:\/\/agora.xtec.cat\/escolaelpolvori\/wp-json\/wp\/v2\/comments?post=2126"}],"version-history":[{"count":3,"href":"https:\/\/agora.xtec.cat\/escolaelpolvori\/wp-json\/wp\/v2\/pages\/2126\/revisions"}],"predecessor-version":[{"id":2162,"href":"https:\/\/agora.xtec.cat\/escolaelpolvori\/wp-json\/wp\/v2\/pages\/2126\/revisions\/2162"}],"up":[{"embeddable":true,"href":"https:\/\/agora.xtec.cat\/escolaelpolvori\/wp-json\/wp\/v2\/pages\/656"}],"wp:attachment":[{"href":"https:\/\/agora.xtec.cat\/escolaelpolvori\/wp-json\/wp\/v2\/media?parent=2126"}],"curies":[{"name":"wp","href":"https:\/\/api.w.org\/{rel}","templated":true}]}}