{"id":15785,"date":"2024-03-09T13:54:29","date_gmt":"2024-03-09T12:54:29","guid":{"rendered":"https:\/\/agora.xtec.cat\/escolaelpla\/?page_id=15785"},"modified":"2024-03-09T14:35:52","modified_gmt":"2024-03-09T13:35:52","slug":"puntuacio","status":"publish","type":"page","link":"https:\/\/agora.xtec.cat\/escolaelpla\/puntuacio\/","title":{"rendered":"Puntuaci\u00f3"},"content":{"rendered":"<p><strong>-Puntuaci\u00f3 a tenir en compte de cares a la Preinscripci\u00f3 pel proper Curs 24-25:<\/strong><\/p>\n<p><iframe loading=\"lazy\" src=\"https:\/\/agora.xtec.cat\/escolaelpla\/wp-content\/uploads\/usu713\/2024\/03\/puntuacio.pdf\" width=\"100%\" height=\"680px\"><span data-mce-type=\"bookmark\" style=\"display: inline-block; width: 0px; overflow: hidden; line-height: 0;\" class=\"mce_SELRES_start\">\ufeff<\/span><span data-mce-type=\"bookmark\" style=\"display: inline-block; width: 0px; overflow: hidden; line-height: 0;\" class=\"mce_SELRES_start\">\ufeff<\/span><span data-mce-type=\"bookmark\" style=\"display: inline-block; width: 0px; overflow: hidden; line-height: 0;\" class=\"mce_SELRES_start\">\ufeff<\/span><span data-mce-type=\"bookmark\" style=\"display: inline-block; width: 0px; overflow: hidden; line-height: 0;\" class=\"mce_SELRES_start\">\ufeff<\/span><span data-mce-type=\"bookmark\" style=\"display: inline-block; width: 0px; overflow: hidden; line-height: 0;\" class=\"mce_SELRES_start\"><\/span><span data-mce-type=\"bookmark\" style=\"display: inline-block; width: 0px; overflow: hidden; line-height: 0;\" class=\"mce_SELRES_start\"><span data-mce-type=\"bookmark\" style=\"display: inline-block; width: 0px; overflow: hidden; line-height: 0;\" class=\"mce_SELRES_start\"><\/span><\/span><\/iframe><\/p>\n<p>&nbsp;<\/p>\n","protected":false},"excerpt":{"rendered":"<p>-Puntuaci\u00f3 a tenir en compte de cares a la Preinscripci\u00f3 pel proper Curs 24-25:<br \/>\n\ufeff\ufeff\ufeff\ufeff<br \/>\n&nbsp;<\/p>\n","protected":false},"author":15,"featured_media":0,"parent":0,"menu_order":0,"comment_status":"closed","ping_status":"closed","template":"","meta":{"_bbp_topic_count":0,"_bbp_reply_count":0,"_bbp_total_topic_count":0,"_bbp_total_reply_count":0,"_bbp_voice_count":0,"_bbp_anonymous_reply_count":0,"_bbp_topic_count_hidden":0,"_bbp_reply_count_hidden":0,"_bbp_forum_subforum_count":0,"footnotes":""},"class_list":["post-15785","page","type-page","status-publish","hentry"],"post_mailing_queue_ids":[],"_links":{"self":[{"href":"https:\/\/agora.xtec.cat\/escolaelpla\/wp-json\/wp\/v2\/pages\/15785","targetHints":{"allow":["GET"]}}],"collection":[{"href":"https:\/\/agora.xtec.cat\/escolaelpla\/wp-json\/wp\/v2\/pages"}],"about":[{"href":"https:\/\/agora.xtec.cat\/escolaelpla\/wp-json\/wp\/v2\/types\/page"}],"author":[{"embeddable":true,"href":"https:\/\/agora.xtec.cat\/escolaelpla\/wp-json\/wp\/v2\/users\/15"}],"replies":[{"embeddable":true,"href":"https:\/\/agora.xtec.cat\/escolaelpla\/wp-json\/wp\/v2\/comments?post=15785"}],"version-history":[{"count":2,"href":"https:\/\/agora.xtec.cat\/escolaelpla\/wp-json\/wp\/v2\/pages\/15785\/revisions"}],"predecessor-version":[{"id":15792,"href":"https:\/\/agora.xtec.cat\/escolaelpla\/wp-json\/wp\/v2\/pages\/15785\/revisions\/15792"}],"wp:attachment":[{"href":"https:\/\/agora.xtec.cat\/escolaelpla\/wp-json\/wp\/v2\/media?parent=15785"}],"curies":[{"name":"wp","href":"https:\/\/api.w.org\/{rel}","templated":true}]}}