{"id":15771,"date":"2024-03-09T01:07:21","date_gmt":"2024-03-09T00:07:21","guid":{"rendered":"https:\/\/agora.xtec.cat\/escolaelpla\/?page_id=15771"},"modified":"2024-03-09T14:49:40","modified_gmt":"2024-03-09T13:49:40","slug":"informacio-necessaria","status":"publish","type":"page","link":"https:\/\/agora.xtec.cat\/escolaelpla\/informacio-necessaria\/","title":{"rendered":"Informaci\u00f3 necess\u00e0ria Preinscripci\u00f3 24-25"},"content":{"rendered":"<p><strong>-Documentaci\u00f3 necess\u00e0ria que cal aportar per fer la Preinscripci\u00f3 pel proper Curs 24-25:<\/strong><\/p>\n<p><iframe loading=\"lazy\" src=\"https:\/\/agora.xtec.cat\/escolaelpla\/wp-content\/uploads\/usu713\/2024\/03\/Documents-que-cal-aportar-PREINSCRIPCIO-curs-24-25.pdf\" width=\"100%\" height=\"680px\"><span data-mce-type=\"bookmark\" style=\"display: inline-block; width: 0px; overflow: hidden; line-height: 0;\" class=\"mce_SELRES_start\">\ufeff<\/span><span data-mce-type=\"bookmark\" style=\"display: inline-block; width: 0px; overflow: hidden; line-height: 0;\" class=\"mce_SELRES_start\">\ufeff<\/span><span data-mce-type=\"bookmark\" style=\"display: inline-block; width: 0px; overflow: hidden; line-height: 0;\" class=\"mce_SELRES_start\">\ufeff<\/span><span data-mce-type=\"bookmark\" style=\"display: inline-block; width: 0px; overflow: hidden; line-height: 0;\" class=\"mce_SELRES_start\">\ufeff<\/span><span data-mce-type=\"bookmark\" style=\"display: inline-block; width: 0px; overflow: hidden; line-height: 0;\" class=\"mce_SELRES_start\"><\/span><span data-mce-type=\"bookmark\" style=\"display: inline-block; width: 0px; overflow: hidden; line-height: 0;\" class=\"mce_SELRES_start\"><span data-mce-type=\"bookmark\" style=\"display: inline-block; width: 0px; overflow: hidden; line-height: 0;\" class=\"mce_SELRES_start\"><\/span><\/span><\/iframe><\/p>\n<p>&nbsp;<\/p>\n","protected":false},"excerpt":{"rendered":"<p>-Documentaci\u00f3 necess\u00e0ria que cal aportar per fer la Preinscripci\u00f3 pel proper Curs 24-25:<br \/>\n\ufeff\ufeff\ufeff\ufeff<br \/>\n&nbsp;<\/p>\n","protected":false},"author":15,"featured_media":0,"parent":0,"menu_order":0,"comment_status":"closed","ping_status":"closed","template":"","meta":{"_bbp_topic_count":0,"_bbp_reply_count":0,"_bbp_total_topic_count":0,"_bbp_total_reply_count":0,"_bbp_voice_count":0,"_bbp_anonymous_reply_count":0,"_bbp_topic_count_hidden":0,"_bbp_reply_count_hidden":0,"_bbp_forum_subforum_count":0,"footnotes":""},"class_list":["post-15771","page","type-page","status-publish","hentry"],"post_mailing_queue_ids":[],"_links":{"self":[{"href":"https:\/\/agora.xtec.cat\/escolaelpla\/wp-json\/wp\/v2\/pages\/15771","targetHints":{"allow":["GET"]}}],"collection":[{"href":"https:\/\/agora.xtec.cat\/escolaelpla\/wp-json\/wp\/v2\/pages"}],"about":[{"href":"https:\/\/agora.xtec.cat\/escolaelpla\/wp-json\/wp\/v2\/types\/page"}],"author":[{"embeddable":true,"href":"https:\/\/agora.xtec.cat\/escolaelpla\/wp-json\/wp\/v2\/users\/15"}],"replies":[{"embeddable":true,"href":"https:\/\/agora.xtec.cat\/escolaelpla\/wp-json\/wp\/v2\/comments?post=15771"}],"version-history":[{"count":3,"href":"https:\/\/agora.xtec.cat\/escolaelpla\/wp-json\/wp\/v2\/pages\/15771\/revisions"}],"predecessor-version":[{"id":15796,"href":"https:\/\/agora.xtec.cat\/escolaelpla\/wp-json\/wp\/v2\/pages\/15771\/revisions\/15796"}],"wp:attachment":[{"href":"https:\/\/agora.xtec.cat\/escolaelpla\/wp-json\/wp\/v2\/media?parent=15771"}],"curies":[{"name":"wp","href":"https:\/\/api.w.org\/{rel}","templated":true}]}}