{"id":1084,"date":"2017-12-15T16:44:25","date_gmt":"2017-12-15T15:44:25","guid":{"rendered":"http:\/\/agora.xtec.cat\/escolaelpla\/?page_id=1084"},"modified":"2023-10-04T21:24:21","modified_gmt":"2023-10-04T19:24:21","slug":"places-saltem","status":"publish","type":"page","link":"https:\/\/agora.xtec.cat\/escolaelpla\/serveis\/extraescolar\/places-saltem\/","title":{"rendered":"Juguem?"},"content":{"rendered":"<p>Ja tornen les activitats del JUGUEM pel curs 2023-24! Aqu\u00ed us passem tota la informaci\u00f3 perqu\u00e8 pogueu apuntar els vostres fills i filles. I ja sabeu que les places s\u00f3n limitades.<\/p>\n<p>Atenci\u00f3 perqu\u00e8 les pre-inscripcions comencen dilluns 18 fins el 27 de setembre, el sorteig el 29 de setembre i les inscripcions del 2 a l&#8217;11 d&#8217;octubre.<\/p>\n<p>Podeu fer tots els tr\u00e0mits a <a href=\"http:\/\/inscripcions2.salt.cat\">inscripcions2.salt.cat<\/a> o al punt de suport de l&#8217;ajuntament tal com s&#8217;indica a continuaci\u00f3:<\/p>\n<p><a href=\"https:\/\/agora.xtec.cat\/escolaelpla\/wp-content\/uploads\/usu713\/2023\/10\/Dates-inscripcions.jpg\"><img loading=\"lazy\" decoding=\"async\" class=\"alignnone size-large wp-image-15571\" src=\"https:\/\/agora.xtec.cat\/escolaelpla\/wp-content\/uploads\/usu713\/2023\/10\/Dates-inscripcions-724x1024.jpg\" alt=\"\" width=\"724\" height=\"1024\" srcset=\"https:\/\/agora.xtec.cat\/escolaelpla\/wp-content\/uploads\/usu713\/2023\/10\/Dates-inscripcions-724x1024.jpg 724w, https:\/\/agora.xtec.cat\/escolaelpla\/wp-content\/uploads\/usu713\/2023\/10\/Dates-inscripcions-212x300.jpg 212w, https:\/\/agora.xtec.cat\/escolaelpla\/wp-content\/uploads\/usu713\/2023\/10\/Dates-inscripcions-768x1086.jpg 768w, https:\/\/agora.xtec.cat\/escolaelpla\/wp-content\/uploads\/usu713\/2023\/10\/Dates-inscripcions-1086x1536.jpg 1086w, https:\/\/agora.xtec.cat\/escolaelpla\/wp-content\/uploads\/usu713\/2023\/10\/Dates-inscripcions.jpg 1414w\" sizes=\"auto, (max-width: 724px) 100vw, 724px\" \/><\/a><\/p>\n<p><strong>OFERTA ACTIVITATS JUGUEM- CURS 23-24:<\/strong><\/p>\n<p><iframe loading=\"lazy\" src=\"https:\/\/agora.xtec.cat\/escolaelpla\/wp-content\/uploads\/usu713\/2023\/10\/JUGUEM_Extraescolars-23-24_primaria.pdf\" width=\"100%\" height=\"680px\"><span data-mce-type=\"bookmark\" style=\"display: inline-block; width: 0px; overflow: hidden; line-height: 0;\" class=\"mce_SELRES_start\">\ufeff<\/span><span data-mce-type=\"bookmark\" style=\"display: inline-block; width: 0px; overflow: hidden; line-height: 0;\" class=\"mce_SELRES_start\">\ufeff<\/span><span data-mce-type=\"bookmark\" style=\"display: inline-block; width: 0px; overflow: hidden; line-height: 0;\" class=\"mce_SELRES_start\">\ufeff<\/span><span data-mce-type=\"bookmark\" style=\"display: inline-block; width: 0px; overflow: hidden; line-height: 0;\" class=\"mce_SELRES_start\">\ufeff<\/span><\/iframe><\/p>\n<p><iframe loading=\"lazy\" src=\"https:\/\/agora.xtec.cat\/escolaelpla\/wp-content\/uploads\/usu713\/bp-attachments\/9631\/Manual-JUGUEM-preinscripcio.pdf\" width=\"100%\" height=\"680px\"><\/iframe><\/p>\n<p>&nbsp;<\/p>\n","protected":false},"excerpt":{"rendered":"<p>Ja tornen les activitats del JUGUEM pel curs 2023-24! Aqu\u00ed us passem tota la informaci\u00f3 perqu\u00e8 pogueu apuntar els vostres fills i filles. I ja sabeu que les places s\u00f3n limitades.<br \/>\nAtenci\u00f3 perqu\u00e8 les pre-inscripcions comencen dilluns 18 fins el 27 de setembre, el sorteig el&hellip;  <a href=\"https:\/\/agora.xtec.cat\/escolaelpla\/serveis\/extraescolar\/places-saltem\/\" title=\"Read Juguem?\">Llegeix m\u00e9s\u00bb<\/a><\/p>\n","protected":false},"author":1,"featured_media":0,"parent":1082,"menu_order":2,"comment_status":"closed","ping_status":"closed","template":"page-templates\/side-menu.php","meta":{"_bbp_topic_count":0,"_bbp_reply_count":0,"_bbp_total_topic_count":0,"_bbp_total_reply_count":0,"_bbp_voice_count":0,"_bbp_anonymous_reply_count":0,"_bbp_topic_count_hidden":0,"_bbp_reply_count_hidden":0,"_bbp_forum_subforum_count":0,"footnotes":""},"class_list":["post-1084","page","type-page","status-publish","hentry"],"post_mailing_queue_ids":[],"_links":{"self":[{"href":"https:\/\/agora.xtec.cat\/escolaelpla\/wp-json\/wp\/v2\/pages\/1084","targetHints":{"allow":["GET"]}}],"collection":[{"href":"https:\/\/agora.xtec.cat\/escolaelpla\/wp-json\/wp\/v2\/pages"}],"about":[{"href":"https:\/\/agora.xtec.cat\/escolaelpla\/wp-json\/wp\/v2\/types\/page"}],"author":[{"embeddable":true,"href":"https:\/\/agora.xtec.cat\/escolaelpla\/wp-json\/wp\/v2\/users\/1"}],"replies":[{"embeddable":true,"href":"https:\/\/agora.xtec.cat\/escolaelpla\/wp-json\/wp\/v2\/comments?post=1084"}],"version-history":[{"count":6,"href":"https:\/\/agora.xtec.cat\/escolaelpla\/wp-json\/wp\/v2\/pages\/1084\/revisions"}],"predecessor-version":[{"id":15573,"href":"https:\/\/agora.xtec.cat\/escolaelpla\/wp-json\/wp\/v2\/pages\/1084\/revisions\/15573"}],"up":[{"embeddable":true,"href":"https:\/\/agora.xtec.cat\/escolaelpla\/wp-json\/wp\/v2\/pages\/1082"}],"wp:attachment":[{"href":"https:\/\/agora.xtec.cat\/escolaelpla\/wp-json\/wp\/v2\/media?parent=1084"}],"curies":[{"name":"wp","href":"https:\/\/api.w.org\/{rel}","templated":true}]}}