{"id":82,"date":"2014-09-18T14:10:51","date_gmt":"2014-09-18T13:10:51","guid":{"rendered":"http:\/\/agora.xtec.cat\/escolaelisenda\/?page_id=82"},"modified":"2024-04-17T13:27:59","modified_gmt":"2024-04-17T11:27:59","slug":"casal-destiu","status":"publish","type":"page","link":"https:\/\/agora.xtec.cat\/escolaelisenda\/serveis\/casal-destiu\/","title":{"rendered":"Casal d&#8217;estiu"},"content":{"rendered":"<p style=\"color: #444444;\"><a href=\"https:\/\/agora.xtec.cat\/escolaelisenda\/wp-content\/uploads\/usu2074\/2024\/04\/Info-beques-TEstius-Molt-2024-4.pdf\">Info beques T&#8217;Estius Molt 2024<\/a><\/p>\n<p><strong>L&#8217;\u00faltim dia per demanar la beca i fer la preinscripci\u00f3 \u00e9s el 3 de maig<\/strong><\/p>\n<p><a href=\"https:\/\/agora.xtec.cat\/escolaelisenda\/wp-content\/uploads\/usu2074\/2024\/04\/Info-beques-TEstius-Molt-2024-4_page-0001.jpg\"><img loading=\"lazy\" decoding=\"async\" class=\"alignnone size-large wp-image-879\" src=\"https:\/\/agora.xtec.cat\/escolaelisenda\/wp-content\/uploads\/usu2074\/2024\/04\/Info-beques-TEstius-Molt-2024-4_page-0001-724x1024.jpg\" alt=\"\" width=\"724\" height=\"1024\" srcset=\"https:\/\/agora.xtec.cat\/escolaelisenda\/wp-content\/uploads\/usu2074\/2024\/04\/Info-beques-TEstius-Molt-2024-4_page-0001-724x1024.jpg 724w, https:\/\/agora.xtec.cat\/escolaelisenda\/wp-content\/uploads\/usu2074\/2024\/04\/Info-beques-TEstius-Molt-2024-4_page-0001-212x300.jpg 212w, https:\/\/agora.xtec.cat\/escolaelisenda\/wp-content\/uploads\/usu2074\/2024\/04\/Info-beques-TEstius-Molt-2024-4_page-0001-768x1086.jpg 768w, https:\/\/agora.xtec.cat\/escolaelisenda\/wp-content\/uploads\/usu2074\/2024\/04\/Info-beques-TEstius-Molt-2024-4_page-0001-1086x1536.jpg 1086w, https:\/\/agora.xtec.cat\/escolaelisenda\/wp-content\/uploads\/usu2074\/2024\/04\/Info-beques-TEstius-Molt-2024-4_page-0001.jpg 1241w\" sizes=\"auto, (max-width: 724px) 100vw, 724px\" \/><\/a> <a href=\"https:\/\/agora.xtec.cat\/escolaelisenda\/wp-content\/uploads\/usu2074\/2024\/04\/Info-beques-TEstius-Molt-2024-4_page-0002.jpg\"><img loading=\"lazy\" decoding=\"async\" class=\"alignnone size-large wp-image-880\" src=\"https:\/\/agora.xtec.cat\/escolaelisenda\/wp-content\/uploads\/usu2074\/2024\/04\/Info-beques-TEstius-Molt-2024-4_page-0002-724x1024.jpg\" alt=\"\" width=\"724\" height=\"1024\" srcset=\"https:\/\/agora.xtec.cat\/escolaelisenda\/wp-content\/uploads\/usu2074\/2024\/04\/Info-beques-TEstius-Molt-2024-4_page-0002-724x1024.jpg 724w, https:\/\/agora.xtec.cat\/escolaelisenda\/wp-content\/uploads\/usu2074\/2024\/04\/Info-beques-TEstius-Molt-2024-4_page-0002-212x300.jpg 212w, https:\/\/agora.xtec.cat\/escolaelisenda\/wp-content\/uploads\/usu2074\/2024\/04\/Info-beques-TEstius-Molt-2024-4_page-0002-768x1086.jpg 768w, https:\/\/agora.xtec.cat\/escolaelisenda\/wp-content\/uploads\/usu2074\/2024\/04\/Info-beques-TEstius-Molt-2024-4_page-0002-1086x1536.jpg 1086w, https:\/\/agora.xtec.cat\/escolaelisenda\/wp-content\/uploads\/usu2074\/2024\/04\/Info-beques-TEstius-Molt-2024-4_page-0002.jpg 1241w\" sizes=\"auto, (max-width: 724px) 100vw, 724px\" \/><\/a> <a href=\"https:\/\/agora.xtec.cat\/escolaelisenda\/wp-content\/uploads\/usu2074\/2024\/04\/Info-beques-TEstius-Molt-2024-4_page-0003.jpg\"><img loading=\"lazy\" decoding=\"async\" class=\"alignnone size-large wp-image-881\" src=\"https:\/\/agora.xtec.cat\/escolaelisenda\/wp-content\/uploads\/usu2074\/2024\/04\/Info-beques-TEstius-Molt-2024-4_page-0003-724x1024.jpg\" alt=\"\" width=\"724\" height=\"1024\" srcset=\"https:\/\/agora.xtec.cat\/escolaelisenda\/wp-content\/uploads\/usu2074\/2024\/04\/Info-beques-TEstius-Molt-2024-4_page-0003-724x1024.jpg 724w, https:\/\/agora.xtec.cat\/escolaelisenda\/wp-content\/uploads\/usu2074\/2024\/04\/Info-beques-TEstius-Molt-2024-4_page-0003-212x300.jpg 212w, https:\/\/agora.xtec.cat\/escolaelisenda\/wp-content\/uploads\/usu2074\/2024\/04\/Info-beques-TEstius-Molt-2024-4_page-0003-768x1086.jpg 768w, https:\/\/agora.xtec.cat\/escolaelisenda\/wp-content\/uploads\/usu2074\/2024\/04\/Info-beques-TEstius-Molt-2024-4_page-0003-1086x1536.jpg 1086w, https:\/\/agora.xtec.cat\/escolaelisenda\/wp-content\/uploads\/usu2074\/2024\/04\/Info-beques-TEstius-Molt-2024-4_page-0003.jpg 1241w\" sizes=\"auto, (max-width: 724px) 100vw, 724px\" \/><\/a> <a href=\"https:\/\/agora.xtec.cat\/escolaelisenda\/wp-content\/uploads\/usu2074\/2024\/04\/Info-beques-TEstius-Molt-2024-4_page-0004.jpg\"><img loading=\"lazy\" decoding=\"async\" class=\"alignnone size-large wp-image-882\" src=\"https:\/\/agora.xtec.cat\/escolaelisenda\/wp-content\/uploads\/usu2074\/2024\/04\/Info-beques-TEstius-Molt-2024-4_page-0004-724x1024.jpg\" alt=\"\" width=\"724\" height=\"1024\" srcset=\"https:\/\/agora.xtec.cat\/escolaelisenda\/wp-content\/uploads\/usu2074\/2024\/04\/Info-beques-TEstius-Molt-2024-4_page-0004-724x1024.jpg 724w, https:\/\/agora.xtec.cat\/escolaelisenda\/wp-content\/uploads\/usu2074\/2024\/04\/Info-beques-TEstius-Molt-2024-4_page-0004-212x300.jpg 212w, https:\/\/agora.xtec.cat\/escolaelisenda\/wp-content\/uploads\/usu2074\/2024\/04\/Info-beques-TEstius-Molt-2024-4_page-0004-768x1086.jpg 768w, https:\/\/agora.xtec.cat\/escolaelisenda\/wp-content\/uploads\/usu2074\/2024\/04\/Info-beques-TEstius-Molt-2024-4_page-0004-1086x1536.jpg 1086w, https:\/\/agora.xtec.cat\/escolaelisenda\/wp-content\/uploads\/usu2074\/2024\/04\/Info-beques-TEstius-Molt-2024-4_page-0004.jpg 1241w\" sizes=\"auto, (max-width: 724px) 100vw, 724px\" \/><\/a><\/p>\n","protected":false},"excerpt":{"rendered":"<p>Info beques T&#8217;Estius Molt 2024 L&#8217;\u00faltim dia per demanar la beca i fer la preinscripci\u00f3 \u00e9s el 3 de maig<\/p>\n","protected":false},"author":1,"featured_media":0,"parent":66,"menu_order":50,"comment_status":"closed","ping_status":"closed","template":"page-templates\/side-menu.php","meta":{"_bbp_topic_count":0,"_bbp_reply_count":0,"_bbp_total_topic_count":0,"_bbp_total_reply_count":0,"_bbp_voice_count":0,"_bbp_anonymous_reply_count":0,"_bbp_topic_count_hidden":0,"_bbp_reply_count_hidden":0,"_bbp_forum_subforum_count":0,"site-sidebar-layout":"default","site-content-layout":"","ast-site-content-layout":"","site-content-style":"default","site-sidebar-style":"default","ast-global-header-display":"","ast-banner-title-visibility":"","ast-main-header-display":"","ast-hfb-above-header-display":"","ast-hfb-below-header-display":"","ast-hfb-mobile-header-display":"","site-post-title":"","ast-breadcrumbs-content":"","ast-featured-img":"","footer-sml-layout":"","theme-transparent-header-meta":"","adv-header-id-meta":"","stick-header-meta":"","header-above-stick-meta":"","header-main-stick-meta":"","header-below-stick-meta":"","astra-migrate-meta-layouts":"default","ast-page-background-enabled":"default","ast-page-background-meta":{"desktop":{"background-color":"var(--ast-global-color-4)","background-image":"","background-repeat":"repeat","background-position":"center center","background-size":"auto","background-attachment":"scroll","background-type":"","background-media":"","overlay-type":"","overlay-color":"","overlay-opacity":"","overlay-gradient":""},"tablet":{"background-color":"","background-image":"","background-repeat":"repeat","background-position":"center center","background-size":"auto","background-attachment":"scroll","background-type":"","background-media":"","overlay-type":"","overlay-color":"","overlay-opacity":"","overlay-gradient":""},"mobile":{"background-color":"","background-image":"","background-repeat":"repeat","background-position":"center center","background-size":"auto","background-attachment":"scroll","background-type":"","background-media":"","overlay-type":"","overlay-color":"","overlay-opacity":"","overlay-gradient":""}},"ast-content-background-meta":{"desktop":{"background-color":"var(--ast-global-color-5)","background-image":"","background-repeat":"repeat","background-position":"center center","background-size":"auto","background-attachment":"scroll","background-type":"","background-media":"","overlay-type":"","overlay-color":"","overlay-opacity":"","overlay-gradient":""},"tablet":{"background-color":"var(--ast-global-color-5)","background-image":"","background-repeat":"repeat","background-position":"center center","background-size":"auto","background-attachment":"scroll","background-type":"","background-media":"","overlay-type":"","overlay-color":"","overlay-opacity":"","overlay-gradient":""},"mobile":{"background-color":"var(--ast-global-color-5)","background-image":"","background-repeat":"repeat","background-position":"center center","background-size":"auto","background-attachment":"scroll","background-type":"","background-media":"","overlay-type":"","overlay-color":"","overlay-opacity":"","overlay-gradient":""}},"footnotes":""},"class_list":["post-82","page","type-page","status-publish","hentry"],"post_mailing_queue_ids":[],"_links":{"self":[{"href":"https:\/\/agora.xtec.cat\/escolaelisenda\/wp-json\/wp\/v2\/pages\/82","targetHints":{"allow":["GET"]}}],"collection":[{"href":"https:\/\/agora.xtec.cat\/escolaelisenda\/wp-json\/wp\/v2\/pages"}],"about":[{"href":"https:\/\/agora.xtec.cat\/escolaelisenda\/wp-json\/wp\/v2\/types\/page"}],"author":[{"embeddable":true,"href":"https:\/\/agora.xtec.cat\/escolaelisenda\/wp-json\/wp\/v2\/users\/1"}],"replies":[{"embeddable":true,"href":"https:\/\/agora.xtec.cat\/escolaelisenda\/wp-json\/wp\/v2\/comments?post=82"}],"version-history":[{"count":3,"href":"https:\/\/agora.xtec.cat\/escolaelisenda\/wp-json\/wp\/v2\/pages\/82\/revisions"}],"predecessor-version":[{"id":884,"href":"https:\/\/agora.xtec.cat\/escolaelisenda\/wp-json\/wp\/v2\/pages\/82\/revisions\/884"}],"up":[{"embeddable":true,"href":"https:\/\/agora.xtec.cat\/escolaelisenda\/wp-json\/wp\/v2\/pages\/66"}],"wp:attachment":[{"href":"https:\/\/agora.xtec.cat\/escolaelisenda\/wp-json\/wp\/v2\/media?parent=82"}],"curies":[{"name":"wp","href":"https:\/\/api.w.org\/{rel}","templated":true}]}}