{"id":71,"date":"2014-09-18T12:44:56","date_gmt":"2014-09-18T11:44:56","guid":{"rendered":"http:\/\/agora.xtec.cat\/escolaelisenda\/?page_id=71"},"modified":"2024-10-28T13:42:45","modified_gmt":"2024-10-28T12:42:45","slug":"serveis-digitals","status":"publish","type":"page","link":"https:\/\/agora.xtec.cat\/escolaelisenda\/serveis\/serveis-digitals\/","title":{"rendered":"Serveis digitals"},"content":{"rendered":"<p>L&#8217;escola t\u00e9 diferents canals de comunicaci\u00f3.<\/p>\n<p>El correu de l&#8217;escola \u00e9s: a8008774<span class=\"\"><span class=\"\">@<\/span>xtec.cat<\/span><\/p>\n<p>El tel\u00e8fon \u00e9s: 933 592 941<\/p>\n<p>Amb les fam\u00edlies ens comuniquem a trav\u00e9s de grups de T\u00e8legram, cada curs t\u00e9 un grup amb les tutores i mestres de refer\u00e8ncia, a part, tamb\u00e9 hi ha la T\u00e8cnica d&#8217;Integraci\u00f3 Social (TIS). L&#8217;objectiu dels grups de T\u00e8legram \u00e9s donar informacions importants, tant de l&#8217;escola com del curs on estan les fam\u00edlies.<\/p>\n<p>Peri\u00f2dicament, podreu visitar els blogs de cada curs per veure les novetats m\u00e9s destacades de l&#8217;alumnat de l&#8217;escola.<\/p>\n<p>Cada membre de l&#8217;equip docent t\u00e9 un correu personal amb el domini de l&#8217;escola (escolaelisenda.cat) on les fam\u00edlies es poden adre\u00e7ar si tenen qualsevol dubte o neguit.<\/p>\n","protected":false},"excerpt":{"rendered":"<p>L&#8217;escola t\u00e9 diferents canals de comunicaci\u00f3. El correu de l&#8217;escola \u00e9s: a8008774@xtec.cat El tel\u00e8fon \u00e9s: 933 592 941 Amb les [&hellip;]<\/p>\n","protected":false},"author":1,"featured_media":0,"parent":66,"menu_order":10,"comment_status":"closed","ping_status":"closed","template":"page-templates\/side-menu.php","meta":{"_bbp_topic_count":0,"_bbp_reply_count":0,"_bbp_total_topic_count":0,"_bbp_total_reply_count":0,"_bbp_voice_count":0,"_bbp_anonymous_reply_count":0,"_bbp_topic_count_hidden":0,"_bbp_reply_count_hidden":0,"_bbp_forum_subforum_count":0,"site-sidebar-layout":"default","site-content-layout":"","ast-site-content-layout":"","site-content-style":"default","site-sidebar-style":"default","ast-global-header-display":"","ast-banner-title-visibility":"","ast-main-header-display":"","ast-hfb-above-header-display":"","ast-hfb-below-header-display":"","ast-hfb-mobile-header-display":"","site-post-title":"","ast-breadcrumbs-content":"","ast-featured-img":"","footer-sml-layout":"","theme-transparent-header-meta":"","adv-header-id-meta":"","stick-header-meta":"","header-above-stick-meta":"","header-main-stick-meta":"","header-below-stick-meta":"","astra-migrate-meta-layouts":"default","ast-page-background-enabled":"default","ast-page-background-meta":{"desktop":{"background-color":"var(--ast-global-color-4)","background-image":"","background-repeat":"repeat","background-position":"center center","background-size":"auto","background-attachment":"scroll","background-type":"","background-media":"","overlay-type":"","overlay-color":"","overlay-opacity":"","overlay-gradient":""},"tablet":{"background-color":"","background-image":"","background-repeat":"repeat","background-position":"center center","background-size":"auto","background-attachment":"scroll","background-type":"","background-media":"","overlay-type":"","overlay-color":"","overlay-opacity":"","overlay-gradient":""},"mobile":{"background-color":"","background-image":"","background-repeat":"repeat","background-position":"center center","background-size":"auto","background-attachment":"scroll","background-type":"","background-media":"","overlay-type":"","overlay-color":"","overlay-opacity":"","overlay-gradient":""}},"ast-content-background-meta":{"desktop":{"background-color":"var(--ast-global-color-5)","background-image":"","background-repeat":"repeat","background-position":"center center","background-size":"auto","background-attachment":"scroll","background-type":"","background-media":"","overlay-type":"","overlay-color":"","overlay-opacity":"","overlay-gradient":""},"tablet":{"background-color":"var(--ast-global-color-5)","background-image":"","background-repeat":"repeat","background-position":"center center","background-size":"auto","background-attachment":"scroll","background-type":"","background-media":"","overlay-type":"","overlay-color":"","overlay-opacity":"","overlay-gradient":""},"mobile":{"background-color":"var(--ast-global-color-5)","background-image":"","background-repeat":"repeat","background-position":"center center","background-size":"auto","background-attachment":"scroll","background-type":"","background-media":"","overlay-type":"","overlay-color":"","overlay-opacity":"","overlay-gradient":""}},"footnotes":""},"class_list":["post-71","page","type-page","status-publish","hentry"],"post_mailing_queue_ids":[],"_links":{"self":[{"href":"https:\/\/agora.xtec.cat\/escolaelisenda\/wp-json\/wp\/v2\/pages\/71","targetHints":{"allow":["GET"]}}],"collection":[{"href":"https:\/\/agora.xtec.cat\/escolaelisenda\/wp-json\/wp\/v2\/pages"}],"about":[{"href":"https:\/\/agora.xtec.cat\/escolaelisenda\/wp-json\/wp\/v2\/types\/page"}],"author":[{"embeddable":true,"href":"https:\/\/agora.xtec.cat\/escolaelisenda\/wp-json\/wp\/v2\/users\/1"}],"replies":[{"embeddable":true,"href":"https:\/\/agora.xtec.cat\/escolaelisenda\/wp-json\/wp\/v2\/comments?post=71"}],"version-history":[{"count":4,"href":"https:\/\/agora.xtec.cat\/escolaelisenda\/wp-json\/wp\/v2\/pages\/71\/revisions"}],"predecessor-version":[{"id":1331,"href":"https:\/\/agora.xtec.cat\/escolaelisenda\/wp-json\/wp\/v2\/pages\/71\/revisions\/1331"}],"up":[{"embeddable":true,"href":"https:\/\/agora.xtec.cat\/escolaelisenda\/wp-json\/wp\/v2\/pages\/66"}],"wp:attachment":[{"href":"https:\/\/agora.xtec.cat\/escolaelisenda\/wp-json\/wp\/v2\/media?parent=71"}],"curies":[{"name":"wp","href":"https:\/\/api.w.org\/{rel}","templated":true}]}}