{"id":26,"date":"2014-09-18T12:24:32","date_gmt":"2014-09-18T11:24:32","guid":{"rendered":"http:\/\/agora.xtec.cat\/escolaelisenda\/?page_id=26"},"modified":"2024-05-07T13:26:38","modified_gmt":"2024-05-07T11:26:38","slug":"historia","status":"publish","type":"page","link":"https:\/\/agora.xtec.cat\/escolaelisenda\/lescola\/historia\/","title":{"rendered":"Hist\u00f2ria"},"content":{"rendered":"<p id=\"h.p_ID_32\" class=\"CDt4Ke zfr3Q\">El barri de Ciutat Meridiana va n\u00e9ixer l\u2019any 1965 per acollir la continua immigraci\u00f3 d\u2019arreu de l\u2019estat espanyol que aleshores arribava a Barcelona. A la mateix a \u00e8poca , el ve\u00ed barri de Torre bar\u00f3 creixia de forma accelerada com a resposta del mateix fenomen migratori.<\/p>\n<p id=\"h.p_Er3TwgLXfrp4\" class=\"CDt4Ke zfr3Q\">Els primer anys de vida de Ciutat Meridiana, els alumnes del barri anaven a classe a uns barracons de fusta, ubicats al costat de l\u2019aq\u00fceducte de l\u2019actual urbanitzaci\u00f3 de santa Elvira. Els nens de Torre Bar\u00f3 feien classe en uns vagons de tramvia instal\u00b7lats en els terrenys que despr\u00e9s va ocupar l\u2019escola la Font dels Eucaliptus. Ben aviat els escassos serveis educatius del barri van resultar insuficients per atendre la poblaci\u00f3.<\/p>\n<p id=\"h.p_pkeVvi6Efr-Z\" class=\"CDt4Ke zfr3Q\">Al mes de desembre de 1968, amb les obres inacabades, va obrir les seves portes l\u2019escola Elisenda de Montcada.<\/p>\n<p id=\"h.p_NaquSeIBpuIA\" class=\"CDt4Ke zfr3Q\">Des d\u2019aleshores, l\u2019escola ha anat millorant la seva estructura i les seves instal\u00b7lacions: menjador, biblioteca, laboratori, sala audiovisuals, aula d\u2019inform\u00e0tica, taller de pl\u00e0stica,&#8230; Tot aix\u00f2 s\u2019ha aconseguit en bona mida gr\u00e0cies a l\u2019esfor\u00e7 reivindicatiu i empenta del professorat, la direcci\u00f3 i l\u2019AMPA.<\/p>\n<p id=\"h.p_PxbaIwO6fr-b\" class=\"CDt4Ke zfr3Q\">Al principi, l\u2019escola comptava amb 1200 alumnes en tres l\u00ednies. En aquests moments, l\u2019escola ha disminu\u00eft el nombre d\u2019alumnes fins a una xifra entre 200 i 250, encara que est\u00e0 rebent un gran nombre d\u2019alumnes immigrants d\u2019arreu del m\u00f3n. Per aquest motiu esmercem molts esfor\u00e7os en atendre aquest alumnat i aconseguir una integraci\u00f3 i un bon nivell de domini de la llengua i aprenentatges en acabar la prim\u00e0ria.<\/p>\n<p><a href=\"https:\/\/agora.xtec.cat\/escolaelisenda\/wp-content\/uploads\/usu2074\/2023\/11\/foto.png\"><img loading=\"lazy\" decoding=\"async\" class=\"aligncenter size-medium wp-image-536\" src=\"https:\/\/agora.xtec.cat\/escolaelisenda\/wp-content\/uploads\/usu2074\/2023\/11\/foto-300x100.png\" alt=\"\" width=\"300\" height=\"100\" srcset=\"https:\/\/agora.xtec.cat\/escolaelisenda\/wp-content\/uploads\/usu2074\/2023\/11\/foto-300x100.png 300w, https:\/\/agora.xtec.cat\/escolaelisenda\/wp-content\/uploads\/usu2074\/2023\/11\/foto-1024x342.png 1024w, https:\/\/agora.xtec.cat\/escolaelisenda\/wp-content\/uploads\/usu2074\/2023\/11\/foto-768x256.png 768w, https:\/\/agora.xtec.cat\/escolaelisenda\/wp-content\/uploads\/usu2074\/2023\/11\/foto.png 1279w\" sizes=\"auto, (max-width: 300px) 100vw, 300px\" \/><\/a><a href=\"https:\/\/agora.xtec.cat\/escolaelisenda\/wp-content\/uploads\/usu2074\/2023\/11\/foto2.png\"><img loading=\"lazy\" decoding=\"async\" class=\"aligncenter size-medium wp-image-537\" src=\"https:\/\/agora.xtec.cat\/escolaelisenda\/wp-content\/uploads\/usu2074\/2023\/11\/foto2-300x95.png\" alt=\"\" width=\"300\" height=\"95\" srcset=\"https:\/\/agora.xtec.cat\/escolaelisenda\/wp-content\/uploads\/usu2074\/2023\/11\/foto2-300x95.png 300w, https:\/\/agora.xtec.cat\/escolaelisenda\/wp-content\/uploads\/usu2074\/2023\/11\/foto2-1024x325.png 1024w, https:\/\/agora.xtec.cat\/escolaelisenda\/wp-content\/uploads\/usu2074\/2023\/11\/foto2-768x244.png 768w, https:\/\/agora.xtec.cat\/escolaelisenda\/wp-content\/uploads\/usu2074\/2023\/11\/foto2.png 1263w\" sizes=\"auto, (max-width: 300px) 100vw, 300px\" \/><\/a><\/p>\n<p class=\"CDt4Ke zfr3Q\">\n<p>&nbsp;<\/p>\n","protected":false},"excerpt":{"rendered":"<p>El barri de Ciutat Meridiana va n\u00e9ixer l\u2019any 1965 per acollir la continua immigraci\u00f3 d\u2019arreu de l\u2019estat espanyol que aleshores [&hellip;]<\/p>\n","protected":false},"author":1,"featured_media":0,"parent":22,"menu_order":20,"comment_status":"closed","ping_status":"closed","template":"page-templates\/side-menu.php","meta":{"_bbp_topic_count":0,"_bbp_reply_count":0,"_bbp_total_topic_count":0,"_bbp_total_reply_count":0,"_bbp_voice_count":0,"_bbp_anonymous_reply_count":0,"_bbp_topic_count_hidden":0,"_bbp_reply_count_hidden":0,"_bbp_forum_subforum_count":0,"site-sidebar-layout":"default","site-content-layout":"","ast-site-content-layout":"","site-content-style":"default","site-sidebar-style":"default","ast-global-header-display":"","ast-banner-title-visibility":"","ast-main-header-display":"","ast-hfb-above-header-display":"","ast-hfb-below-header-display":"","ast-hfb-mobile-header-display":"","site-post-title":"","ast-breadcrumbs-content":"","ast-featured-img":"","footer-sml-layout":"","theme-transparent-header-meta":"","adv-header-id-meta":"","stick-header-meta":"","header-above-stick-meta":"","header-main-stick-meta":"","header-below-stick-meta":"","astra-migrate-meta-layouts":"default","ast-page-background-enabled":"default","ast-page-background-meta":{"desktop":{"background-color":"var(--ast-global-color-4)","background-image":"","background-repeat":"repeat","background-position":"center center","background-size":"auto","background-attachment":"scroll","background-type":"","background-media":"","overlay-type":"","overlay-color":"","overlay-opacity":"","overlay-gradient":""},"tablet":{"background-color":"","background-image":"","background-repeat":"repeat","background-position":"center center","background-size":"auto","background-attachment":"scroll","background-type":"","background-media":"","overlay-type":"","overlay-color":"","overlay-opacity":"","overlay-gradient":""},"mobile":{"background-color":"","background-image":"","background-repeat":"repeat","background-position":"center center","background-size":"auto","background-attachment":"scroll","background-type":"","background-media":"","overlay-type":"","overlay-color":"","overlay-opacity":"","overlay-gradient":""}},"ast-content-background-meta":{"desktop":{"background-color":"var(--ast-global-color-5)","background-image":"","background-repeat":"repeat","background-position":"center center","background-size":"auto","background-attachment":"scroll","background-type":"","background-media":"","overlay-type":"","overlay-color":"","overlay-opacity":"","overlay-gradient":""},"tablet":{"background-color":"var(--ast-global-color-5)","background-image":"","background-repeat":"repeat","background-position":"center center","background-size":"auto","background-attachment":"scroll","background-type":"","background-media":"","overlay-type":"","overlay-color":"","overlay-opacity":"","overlay-gradient":""},"mobile":{"background-color":"var(--ast-global-color-5)","background-image":"","background-repeat":"repeat","background-position":"center center","background-size":"auto","background-attachment":"scroll","background-type":"","background-media":"","overlay-type":"","overlay-color":"","overlay-opacity":"","overlay-gradient":""}},"footnotes":""},"class_list":["post-26","page","type-page","status-publish","hentry"],"post_mailing_queue_ids":[],"_links":{"self":[{"href":"https:\/\/agora.xtec.cat\/escolaelisenda\/wp-json\/wp\/v2\/pages\/26","targetHints":{"allow":["GET"]}}],"collection":[{"href":"https:\/\/agora.xtec.cat\/escolaelisenda\/wp-json\/wp\/v2\/pages"}],"about":[{"href":"https:\/\/agora.xtec.cat\/escolaelisenda\/wp-json\/wp\/v2\/types\/page"}],"author":[{"embeddable":true,"href":"https:\/\/agora.xtec.cat\/escolaelisenda\/wp-json\/wp\/v2\/users\/1"}],"replies":[{"embeddable":true,"href":"https:\/\/agora.xtec.cat\/escolaelisenda\/wp-json\/wp\/v2\/comments?post=26"}],"version-history":[{"count":3,"href":"https:\/\/agora.xtec.cat\/escolaelisenda\/wp-json\/wp\/v2\/pages\/26\/revisions"}],"predecessor-version":[{"id":1209,"href":"https:\/\/agora.xtec.cat\/escolaelisenda\/wp-json\/wp\/v2\/pages\/26\/revisions\/1209"}],"up":[{"embeddable":true,"href":"https:\/\/agora.xtec.cat\/escolaelisenda\/wp-json\/wp\/v2\/pages\/22"}],"wp:attachment":[{"href":"https:\/\/agora.xtec.cat\/escolaelisenda\/wp-json\/wp\/v2\/media?parent=26"}],"curies":[{"name":"wp","href":"https:\/\/api.w.org\/{rel}","templated":true}]}}