{"id":1219,"date":"2024-05-08T09:47:55","date_gmt":"2024-05-08T07:47:55","guid":{"rendered":"https:\/\/agora.xtec.cat\/escolaelisenda\/?page_id=1219"},"modified":"2024-06-10T12:03:31","modified_gmt":"2024-06-10T10:03:31","slug":"educacio-emocional","status":"publish","type":"page","link":"https:\/\/agora.xtec.cat\/escolaelisenda\/projecte-educatiu\/educacio-emocional\/","title":{"rendered":"Educaci\u00f3 emocional"},"content":{"rendered":"<h1><\/h1>\n<h1 class=\"western\" lang=\"ca-ES\"><span style=\"font-family: Arial, sans-serif;\"><span style=\"font-size: small;\">Des del 2019 l&#8217;Institut Escola Elisenda de Montcada apostem pel programa d&#8217;innovaci\u00f3 pedag\u00f2gica Enfocament Restauratiu Global (ERG) del Departament amb el suport del S.S.A.E (Servei de Suport i Acompanyament Emocional).<\/span><\/span><\/h1>\n<p class=\"western\" lang=\"ca-ES\" align=\"justify\"><span style=\"font-family: Arial, sans-serif;\"><span style=\"font-size: small;\"><b>En qu\u00e8 consisteix l\u2019Enfocament Restauratiu <\/b><b>Global?<\/b><\/span><\/span><\/p>\n<p class=\"western\" lang=\"ca-ES\" align=\"justify\"><span style=\"font-family: Arial, sans-serif;\"><span style=\"font-size: small;\">L\u2019<b>Enfocament Restauratiu Global <\/b>aporta una nova mirada respecte a l&#8217;acompanyament emocional i la millora de les relacions, ens ofereix una s\u00e8rie de processos i pr\u00e0ctiques espec\u00edfiques per crear comunitat i gestionar els incidents i conflictes a l\u2019\u00e0mbit escolar, <b>superant el model permissiu i punitiu.<\/b><\/span><\/span><\/p>\n<p class=\"western\" lang=\"ca-ES\" align=\"justify\"><span style=\"font-family: Arial, sans-serif;\"><span style=\"font-size: small;\">\u00c9s un <b>enfocament humanitzador<\/b>, perqu\u00e8 els altres (companys d\u2019equip, alumnat, fam\u00edlies; en l\u2019esfera personal: parelles, fills, amics i amigues, familiars, etc.) deixen de ser objectes a controlar per ser persones amb les quals ens relacionem.<\/span><\/span><\/p>\n<p class=\"western\" lang=\"ca-ES\" align=\"justify\"><span style=\"font-family: Arial, sans-serif;\"><span style=\"font-size: small;\">La restaurativa ent\u00e9n el conflicte, igual que la Cultura de Pau, com quelcom <b>consubstancial i inherent a la naturalesa humana <\/b>i, a la vegada, com una <b>oportunitat<\/b>, un <b>motor de canvi, no el volem evitar<\/b>, no podem fer que no aparegui, per tant, no el podem prevenir. La EGR, en conseq\u00fc\u00e8ncia, promou la <b>Provenci\u00f3<\/b>, \u00e9s a dir, preparar el grup amb eines per abordar els conflictes quan es presenten.<\/span><\/span><\/p>\n<p class=\"western\" lang=\"ca-ES\" align=\"justify\"><span style=\"font-family: Arial, sans-serif;\"><span style=\"font-size: small;\">Ara b\u00e9, aquesta concepci\u00f3 del conflicte ha d\u2019anar obligat\u00f2riament lligada a poder <b>diferenciar conflicte i viol\u00e8ncia<\/b>. Per exemple, els crits, les baralles, els insults i les faltes de respecte no s\u00f3n conflictes, no s\u00f3n inherents a la naturalesa humana, s\u00f3n viol\u00e8ncia, i la viol\u00e8ncia s\u00ed que pot ser erradicada, el conflicte i les necessitats subjacents no.<\/span><\/span><\/p>\n<h1 class=\"western\" lang=\"ca-ES\"><span style=\"font-family: Arial, sans-serif;\"><span style=\"font-size: small;\">Per qu\u00e8 som un Centre educatiu restauratiu?<\/span><\/span><\/h1>\n<ol>\n<li>\n<p lang=\"ca-ES\" align=\"left\"><span style=\"font-family: Arial, sans-serif;\"><span style=\"font-size: small;\">Per donar veu a tothom i escolta des del respecte i el no judici fet servir la CNV (Comunicaci\u00f3 no violenta)<\/span><\/span><\/p>\n<\/li>\n<li>\n<p lang=\"ca-ES\" align=\"left\"><span style=\"font-family: Arial, sans-serif;\"><span style=\"font-size: small;\">Per fomentar l\u2019alfabetitzaci\u00f3 emocional i l\u2019expressi\u00f3 de sentiments<\/span><\/span><\/p>\n<\/li>\n<li>\n<p lang=\"ca-ES\" align=\"left\"><span style=\"font-family: Arial, sans-serif;\"><span style=\"font-size: small;\">Per promoure la capacitat de recon\u00e8ixer l\u2019afectaci\u00f3 que es deriva de les accions i paraules de cadasc\u00fa.<\/span><\/span><\/p>\n<\/li>\n<li>\n<p lang=\"ca-ES\" align=\"left\"><span style=\"font-family: Arial, sans-serif;\"><span style=\"font-size: small;\">Per desenvolupar la autoempatia, l\u2019empatia, l\u2019amabilitat, la cura i la reflexi\u00f3 pr\u00e8via a l\u2019acci\u00f3.<\/span><\/span><\/p>\n<\/li>\n<li>\n<p lang=\"ca-ES\" align=\"left\"><span style=\"font-family: Arial, sans-serif;\"><span style=\"font-size: small;\">Per promoure l\u2019alfabetitzaci\u00f3 pel que fa a les necessitats i atorgar import\u00e0ncia al fet que tothom les tingui cobertes per donar el millor de si mateix\/a i facilitar el benestar personal i grupal.<\/span><\/span><\/p>\n<\/li>\n<li>\n<p lang=\"ca-ES\" align=\"left\"><span style=\"font-family: Arial, sans-serif;\"><span style=\"font-size: small;\">Per fomentar la corresponsabilitzaci\u00f3 individual i col\u00b7lectiva pel que fa a donar respostes a les necessitats no cobertes, als conflictes i, si n\u2019hi ha, als danys que es puguin donar, des de la reparaci\u00f3, la participaci\u00f3, el respecte, la cura, el bon tracte i la no-viol\u00e8ncia.<\/span><\/span><\/p>\n<\/li>\n<\/ol>\n<p><a href=\"https:\/\/agora.xtec.cat\/escolaelisenda\/wp-content\/uploads\/usu2074\/2024\/06\/emo1.jpg\"><img loading=\"lazy\" decoding=\"async\" class=\"size-full wp-image-1297 aligncenter\" src=\"https:\/\/agora.xtec.cat\/escolaelisenda\/wp-content\/uploads\/usu2074\/2024\/06\/emo1.jpg\" alt=\"\" width=\"404\" height=\"110\" srcset=\"https:\/\/agora.xtec.cat\/escolaelisenda\/wp-content\/uploads\/usu2074\/2024\/06\/emo1.jpg 404w, https:\/\/agora.xtec.cat\/escolaelisenda\/wp-content\/uploads\/usu2074\/2024\/06\/emo1-300x82.jpg 300w\" sizes=\"auto, (max-width: 404px) 100vw, 404px\" \/><\/a><\/p>\n<h1 class=\"western\" lang=\"ca-ES\" align=\"left\"><span style=\"font-family: Arial, sans-serif;\"><span style=\"font-size: small;\">Quins s\u00f3n els principis de l\u2019ERG i com els posem en pr\u00e0ctica quan tenim un conflicte?<\/span><\/span><\/h1>\n<ol>\n<li>\n<h2 class=\"western\" lang=\"ca-ES\" align=\"left\"><span style=\"font-family: Arial, sans-serif;\"><span style=\"font-size: small;\">Tothom t\u00e9 una perspectiva \u00fanica i valuosa.<\/span><\/span><\/h2>\n<\/li>\n<\/ol>\n<p class=\"western\" lang=\"ca-ES\"><span style=\"font-family: Arial, sans-serif;\"><span style=\"font-size: small;\">Ens preguntem: Qu\u00e8 ha passat? Explica\u2019ns el teu punt de vista.<\/span><\/span><\/p>\n<ol start=\"2\">\n<li>\n<h2 class=\"western\" lang=\"ca-ES\" align=\"left\"><span style=\"font-family: Arial, sans-serif;\"><span style=\"font-size: small;\">Els pensaments influencien les emocions i ambd\u00f3s influencien les nostres accions.<\/span><\/span><\/h2>\n<\/li>\n<\/ol>\n<p class=\"western\" lang=\"ca-ES\"><span style=\"font-family: Arial, sans-serif;\"><span style=\"font-size: small;\">Ens preguntem: Qu\u00e8 pensaves i, per tant, qu\u00e8 senties?<\/span><\/span><\/p>\n<ol start=\"3\">\n<li>\n<h2 class=\"western\" lang=\"ca-ES\" align=\"left\"><span style=\"font-family: Arial, sans-serif;\"><span style=\"font-size: small;\">Tot all\u00f2 que fem o diem t\u00e9 un impacte en nosaltres mateixos i en el nostre voltant.<\/span><\/span><\/h2>\n<\/li>\n<\/ol>\n<p class=\"western\" lang=\"ca-ES\"><span style=\"font-family: Arial, sans-serif;\"><span style=\"font-size: small;\">Ens preguntem: Qui ha estat afectat i com? Com t\u2019ha afectat la situaci\u00f3? Qu\u00e8 ha estat el m\u00e9s dif\u00edcil per a tu?<\/span><\/span><\/p>\n<ol start=\"4\">\n<li>\n<h2 class=\"western\" lang=\"ca-ES\" align=\"left\"><span style=\"font-family: Arial, sans-serif;\"><span style=\"font-size: small;\">Quan tenim les necessitats cobertes podem donar el millor de nosaltres. Identificar les necessitats \u00e9s clau per decidir quines accions poden ser m\u00e9s \u00fatils per donar resposta a qualsevol situaci\u00f3 donada.<\/span><\/span><\/h2>\n<\/li>\n<\/ol>\n<p class=\"western\" lang=\"ca-ES\"><span style=\"font-family: Arial, sans-serif;\"><span style=\"font-size: small;\">Ens preguntem: Qu\u00e8 necessites per poder resoldre? Qu\u00e8 necessites per tirar endavant? Qu\u00e8 necessites per sentir-te b\u00e9? Qu\u00e8 necessites per sentir-te reparat\/a? Qu\u00e8 necessites per reparar?<\/span><\/span><\/p>\n<ol start=\"5\">\n<li>\n<h2 class=\"western\" lang=\"ca-ES\" align=\"left\"><span style=\"font-family: Arial, sans-serif;\"><span style=\"font-size: small;\">Les persones afectades per una situaci\u00f3 s\u00f3n les millor situades per resoldre-la (amb ajuda)<\/span><\/span><\/h2>\n<\/li>\n<\/ol>\n<p class=\"western\" lang=\"ca-ES\"><span style=\"font-family: Arial, sans-serif;\"><span style=\"font-size: small;\">Ens preguntem: Qu\u00e8 pots\/podem fer per donar resposta a aquestes necessitats?<\/span><\/span><\/p>\n<p lang=\"ca-ES\"><a href=\"https:\/\/agora.xtec.cat\/escolaelisenda\/wp-content\/uploads\/usu2074\/2024\/06\/emo.png\"><img loading=\"lazy\" decoding=\"async\" class=\"size-full wp-image-1296 aligncenter\" src=\"https:\/\/agora.xtec.cat\/escolaelisenda\/wp-content\/uploads\/usu2074\/2024\/06\/emo.png\" alt=\"\" width=\"383\" height=\"211\" srcset=\"https:\/\/agora.xtec.cat\/escolaelisenda\/wp-content\/uploads\/usu2074\/2024\/06\/emo.png 383w, https:\/\/agora.xtec.cat\/escolaelisenda\/wp-content\/uploads\/usu2074\/2024\/06\/emo-300x165.png 300w\" sizes=\"auto, (max-width: 383px) 100vw, 383px\" \/><\/a><\/p>\n<p lang=\"ca-ES\"><strong><span style=\"font-family: Arial, sans-serif;\"><span style=\"font-size: small;\">Cercle i Temps de Cercle.<\/span><\/span><\/strong><\/p>\n<h2 class=\"western\" lang=\"ca-ES\" align=\"justify\"><span style=\"font-family: Arial, sans-serif;\"><span style=\"font-size: small;\">El Cercle restauratiu \u00e9s la metodologia de grup que fem servir a l\u2019aula per trobar-nos. Els cercles cerquen generar un espai de confian\u00e7a on tots i totes puguem dir la seva, ser escoltats i escoltades i sentir-nos b\u00e9, atesos, engrescats amb el projecte individual i com\u00fa.<\/span><\/span><\/h2>\n<p class=\"western\" lang=\"ca-ES\" align=\"justify\"><span style=\"font-family: Arial, sans-serif;\"><span style=\"font-size: small;\">A l\u2019escola, el cercle restauratiu \u00e9s una metodologia que vol posar l\u2019accent en la comunitat, en la reconstrucci\u00f3 de relacions, en la responsabilitat i en la confian\u00e7a. Sovint l\u2019alumnat no preveu ni compr\u00e8n <b>l\u2019impacte <\/b>real dels seus actes en les altres persones,\u00a0 sigui un conflicte de relaci\u00f3 o no fer les tasques en un grup cooperatiu. Els docents poden facilitar que entenguin les conseq\u00fc\u00e8ncies del seu comportament i aix\u00f2, junt amb l\u2019oportunitat de reparar els danys i les relacions malmeses de manera cooperativa, pot afavorir un canvi positiu en la seva conducta i en les seves relacions.<\/span><\/span><\/p>\n<p class=\"western\" lang=\"ca-ES\" align=\"justify\"><span style=\"font-family: Arial, sans-serif;\"><span style=\"font-size: small;\">Els alumnes que estan afectats per un conflicte, quan participen en el cercle, tenen la possibilitat d\u2019expressar els seus sentiments sentint-se segurs, poden ser reconeguts pels altres i sentir com qui ha com\u00e8s l\u2019ofensa assumeix la responsabilitat i li proposa la reparaci\u00f3.<\/span><\/span><\/p>\n<p class=\"western\" lang=\"ca-ES\" align=\"justify\"><span style=\"font-family: Arial, sans-serif;\"><span style=\"font-size: small;\">El fet d\u2019implicar tant a les persones que han estat protagonistes del conflicte com a aquelles que s\u2019han vist afectades per la situaci\u00f3 proporciona un escenari nou en el qual es dialoga en pla d\u2019igualtat, es comparteixen els punts de vista dels altres, s\u2019expressen motius i necessitats i cadasc\u00fa pot assumir la seva responsabilitat i fer propostes de millora que contribueixin al fet que es restableixin les relacions i que tothom se senti millor.<\/span><\/span><\/p>\n<h1 class=\"western\" lang=\"ca-ES\"><span style=\"font-family: Arial, sans-serif;\"><span style=\"font-size: small;\">VOLS SABER M\u00c9S??? Enlla\u00e7os d\u2019inter\u00e8s:<\/span><\/span><\/h1>\n<p class=\"western\" lang=\"ca-ES\"><span style=\"font-family: Arial, sans-serif;\"><span style=\"font-size: small;\"><b>CERERE <\/b><\/span><\/span><span style=\"font-family: Arial, sans-serif;\"><span style=\"font-size: small;\">(Una Comunitat restaurativa i resilient) <\/span><\/span><a href=\"https:\/\/xtec.gencat.cat\/ca\/centres\/projeducatiu\/convivencia\/una-comunitat-educativa-restaurativa-i-resilient\/\"><span style=\"color: #1154cc;\"><span style=\"font-family: Arial, sans-serif;\"><span style=\"font-size: small;\"><u>https:\/\/xtec.gencat.cat\/ca\/centres\/projeducatiu\/convivencia\/una-comunitat-educativa-restaur<\/u><\/span><\/span><\/span><\/a> <a href=\"https:\/\/xtec.gencat.cat\/ca\/centres\/projeducatiu\/convivencia\/una-comunitat-educativa-restaurativa-i-resilient\/\"><span style=\"color: #1154cc;\"><span style=\"font-family: Arial, sans-serif;\"><span style=\"font-size: small;\"><u>ativa-i-resilient\/<\/u><\/span><\/span><\/span><\/a><\/p>\n<h2 class=\"western\" lang=\"ca-ES\" align=\"justify\"><span style=\"font-family: Arial, sans-serif;\"><span style=\"font-size: small;\">LA RESTAURATIVA A CASA<\/span><\/span><\/h2>\n<p class=\"western\" lang=\"ca-ES\"><a href=\"https:\/\/xtec.gencat.cat\/ca\/centres\/projeducatiu\/convivencia\/una-comunitat-educativa-restaurativa-i-resilient\/la-restaurativa-a-casa\/\"><span style=\"color: #1154cc;\"><span style=\"font-family: Arial, sans-serif;\"><span style=\"font-size: small;\"><u>https:\/\/xtec.gencat.cat\/ca\/centres\/projeducatiu\/convivencia\/una-comunitat-educativa-restaur<\/u><\/span><\/span><\/span><\/a> <a href=\"https:\/\/xtec.gencat.cat\/ca\/centres\/projeducatiu\/convivencia\/una-comunitat-educativa-restaurativa-i-resilient\/la-restaurativa-a-casa\/\"><span style=\"color: #1154cc;\"><span style=\"font-family: Arial, sans-serif;\"><span style=\"font-size: small;\"><u>ativa-i-resilient\/la-restaurativa-a-casa\/<\/u><\/span><\/span><\/span><\/a><\/p>\n<p lang=\"ca-ES\">\n<p lang=\"ca-ES\">Informaci\u00f3 extreta dels seg\u00fcents enlla\u00e7os:<\/p>\n<ul>\n<li lang=\"ca-ES\"><a href=\"https:\/\/www.encercle.cat\/wordpress\/\">https:\/\/www.encercle.cat\/wordpress\/<\/a><\/li>\n<li lang=\"ca-ES\"><a href=\"https:\/\/politecnics.barcelona\/es\/el-enfoque-restaurativo-global\/\">https:\/\/politecnics.barcelona\/es\/el-enfoque-restaurativo-global\/<\/a><\/li>\n<\/ul>\n","protected":false},"excerpt":{"rendered":"<p>Des del 2019 l&#8217;Institut Escola Elisenda de Montcada apostem pel programa d&#8217;innovaci\u00f3 pedag\u00f2gica Enfocament Restauratiu Global (ERG) del Departament amb [&hellip;]<\/p>\n","protected":false},"author":1,"featured_media":0,"parent":64,"menu_order":30,"comment_status":"closed","ping_status":"closed","template":"","meta":{"_bbp_topic_count":0,"_bbp_reply_count":0,"_bbp_total_topic_count":0,"_bbp_total_reply_count":0,"_bbp_voice_count":0,"_bbp_anonymous_reply_count":0,"_bbp_topic_count_hidden":0,"_bbp_reply_count_hidden":0,"_bbp_forum_subforum_count":0,"site-sidebar-layout":"default","site-content-layout":"","ast-site-content-layout":"","site-content-style":"default","site-sidebar-style":"default","ast-global-header-display":"","ast-banner-title-visibility":"","ast-main-header-display":"","ast-hfb-above-header-display":"","ast-hfb-below-header-display":"","ast-hfb-mobile-header-display":"","site-post-title":"","ast-breadcrumbs-content":"","ast-featured-img":"","footer-sml-layout":"","theme-transparent-header-meta":"","adv-header-id-meta":"","stick-header-meta":"","header-above-stick-meta":"","header-main-stick-meta":"","header-below-stick-meta":"","astra-migrate-meta-layouts":"default","ast-page-background-enabled":"default","ast-page-background-meta":{"desktop":{"background-color":"var(--ast-global-color-4)","background-image":"","background-repeat":"repeat","background-position":"center center","background-size":"auto","background-attachment":"scroll","background-type":"","background-media":"","overlay-type":"","overlay-color":"","overlay-opacity":"","overlay-gradient":""},"tablet":{"background-color":"","background-image":"","background-repeat":"repeat","background-position":"center center","background-size":"auto","background-attachment":"scroll","background-type":"","background-media":"","overlay-type":"","overlay-color":"","overlay-opacity":"","overlay-gradient":""},"mobile":{"background-color":"","background-image":"","background-repeat":"repeat","background-position":"center center","background-size":"auto","background-attachment":"scroll","background-type":"","background-media":"","overlay-type":"","overlay-color":"","overlay-opacity":"","overlay-gradient":""}},"ast-content-background-meta":{"desktop":{"background-color":"var(--ast-global-color-5)","background-image":"","background-repeat":"repeat","background-position":"center center","background-size":"auto","background-attachment":"scroll","background-type":"","background-media":"","overlay-type":"","overlay-color":"","overlay-opacity":"","overlay-gradient":""},"tablet":{"background-color":"var(--ast-global-color-5)","background-image":"","background-repeat":"repeat","background-position":"center center","background-size":"auto","background-attachment":"scroll","background-type":"","background-media":"","overlay-type":"","overlay-color":"","overlay-opacity":"","overlay-gradient":""},"mobile":{"background-color":"var(--ast-global-color-5)","background-image":"","background-repeat":"repeat","background-position":"center center","background-size":"auto","background-attachment":"scroll","background-type":"","background-media":"","overlay-type":"","overlay-color":"","overlay-opacity":"","overlay-gradient":""}},"footnotes":""},"class_list":["post-1219","page","type-page","status-publish","hentry"],"post_mailing_queue_ids":[],"_links":{"self":[{"href":"https:\/\/agora.xtec.cat\/escolaelisenda\/wp-json\/wp\/v2\/pages\/1219","targetHints":{"allow":["GET"]}}],"collection":[{"href":"https:\/\/agora.xtec.cat\/escolaelisenda\/wp-json\/wp\/v2\/pages"}],"about":[{"href":"https:\/\/agora.xtec.cat\/escolaelisenda\/wp-json\/wp\/v2\/types\/page"}],"author":[{"embeddable":true,"href":"https:\/\/agora.xtec.cat\/escolaelisenda\/wp-json\/wp\/v2\/users\/1"}],"replies":[{"embeddable":true,"href":"https:\/\/agora.xtec.cat\/escolaelisenda\/wp-json\/wp\/v2\/comments?post=1219"}],"version-history":[{"count":6,"href":"https:\/\/agora.xtec.cat\/escolaelisenda\/wp-json\/wp\/v2\/pages\/1219\/revisions"}],"predecessor-version":[{"id":1303,"href":"https:\/\/agora.xtec.cat\/escolaelisenda\/wp-json\/wp\/v2\/pages\/1219\/revisions\/1303"}],"up":[{"embeddable":true,"href":"https:\/\/agora.xtec.cat\/escolaelisenda\/wp-json\/wp\/v2\/pages\/64"}],"wp:attachment":[{"href":"https:\/\/agora.xtec.cat\/escolaelisenda\/wp-json\/wp\/v2\/media?parent=1219"}],"curies":[{"name":"wp","href":"https:\/\/api.w.org\/{rel}","templated":true}]}}