{"id":1194,"date":"2024-05-07T11:11:12","date_gmt":"2024-05-07T09:11:12","guid":{"rendered":"https:\/\/agora.xtec.cat\/escolaelisenda\/?page_id=1194"},"modified":"2024-05-07T11:13:15","modified_gmt":"2024-05-07T09:13:15","slug":"pla-de-barris","status":"publish","type":"page","link":"https:\/\/agora.xtec.cat\/escolaelisenda\/projecte-educatiu\/pla-de-barris\/","title":{"rendered":"Pla de barris"},"content":{"rendered":"<div class=\"field field-name-field-lead field-type-text-long field-label-hidden\">\n<div class=\"field-items\">\n<div class=\"field-item even\">\n<p><a href=\"https:\/\/www.pladebarris.barcelona\/ca\/plans-de-barri\/zona-nord\/inici\" target=\"_blank\" rel=\"noopener\">Pla de barris<\/a><\/p>\n<p>El <a href=\"https:\/\/www.pladebarris.barcelona\/ca\/plans-de-barri\/zona-nord\/inici\" target=\"_blank\" rel=\"noopener\">Pla dels Barris<\/a> de Barcelona no t\u00e9 un \u00fanic fi, sin\u00f3 que t\u00e9 objectius m\u00faltiples que aspiren a transformar q\u00fcestions clau en els \u00e0mbits de l&#8217;educaci\u00f3 i la salut p\u00fablica,\u00a0els drets socials, l&#8217;equitat de g\u00e8nere i l&#8217;acci\u00f3 comunit\u00e0ria, l&#8217;habitatge, l&#8217;ocupaci\u00f3,\u00a0l&#8217;impuls econ\u00f2mic i l&#8217;economia social, l&#8217;espai p\u00fablic i l&#8217;accessibilitat i la sostenibilitat ambiental i l&#8217;emerg\u00e8ncia clim\u00e0tica.<\/p>\n<\/div>\n<\/div>\n<\/div>\n<div class=\"field field-name-body field-type-text-with-summary field-label-hidden\">\n<div class=\"field-items\">\n<div class=\"field-item even\">\n<p>L&#8217;objectiu principal del Pla de Barris \u00e9s empoderar els ve\u00efns i les ve\u00efnes perqu\u00e8 s\u2019organitzin i estableixin objectius i actuacions de millora de la vida col\u00b7lectiva al barri, tot impulsant les pr\u00e0ctiques d\u2019innovaci\u00f3 social i l\u2019acci\u00f3 ciutadana amb un objectiu clar de millorar i enfortir el capital social dels barris. Per a cadascun dels \u00e0mbits abordats (drets socials, educaci\u00f3, activitat econ\u00f2mica, ecologia urbana i sostenibilitat ambiental) es concreten en una s\u00e8rie d\u2019objectius espec\u00edfics.<\/p>\n<\/div>\n<\/div>\n<\/div>\n","protected":false},"excerpt":{"rendered":"<p>Pla de barris El Pla dels Barris de Barcelona no t\u00e9 un \u00fanic fi, sin\u00f3 que t\u00e9 objectius m\u00faltiples que [&hellip;]<\/p>\n","protected":false},"author":1,"featured_media":0,"parent":64,"menu_order":50,"comment_status":"closed","ping_status":"closed","template":"","meta":{"_bbp_topic_count":0,"_bbp_reply_count":0,"_bbp_total_topic_count":0,"_bbp_total_reply_count":0,"_bbp_voice_count":0,"_bbp_anonymous_reply_count":0,"_bbp_topic_count_hidden":0,"_bbp_reply_count_hidden":0,"_bbp_forum_subforum_count":0,"site-sidebar-layout":"default","site-content-layout":"","ast-site-content-layout":"","site-content-style":"default","site-sidebar-style":"default","ast-global-header-display":"","ast-banner-title-visibility":"","ast-main-header-display":"","ast-hfb-above-header-display":"","ast-hfb-below-header-display":"","ast-hfb-mobile-header-display":"","site-post-title":"","ast-breadcrumbs-content":"","ast-featured-img":"","footer-sml-layout":"","theme-transparent-header-meta":"","adv-header-id-meta":"","stick-header-meta":"","header-above-stick-meta":"","header-main-stick-meta":"","header-below-stick-meta":"","astra-migrate-meta-layouts":"default","ast-page-background-enabled":"default","ast-page-background-meta":{"desktop":{"background-color":"var(--ast-global-color-4)","background-image":"","background-repeat":"repeat","background-position":"center center","background-size":"auto","background-attachment":"scroll","background-type":"","background-media":"","overlay-type":"","overlay-color":"","overlay-opacity":"","overlay-gradient":""},"tablet":{"background-color":"","background-image":"","background-repeat":"repeat","background-position":"center center","background-size":"auto","background-attachment":"scroll","background-type":"","background-media":"","overlay-type":"","overlay-color":"","overlay-opacity":"","overlay-gradient":""},"mobile":{"background-color":"","background-image":"","background-repeat":"repeat","background-position":"center center","background-size":"auto","background-attachment":"scroll","background-type":"","background-media":"","overlay-type":"","overlay-color":"","overlay-opacity":"","overlay-gradient":""}},"ast-content-background-meta":{"desktop":{"background-color":"var(--ast-global-color-5)","background-image":"","background-repeat":"repeat","background-position":"center center","background-size":"auto","background-attachment":"scroll","background-type":"","background-media":"","overlay-type":"","overlay-color":"","overlay-opacity":"","overlay-gradient":""},"tablet":{"background-color":"var(--ast-global-color-5)","background-image":"","background-repeat":"repeat","background-position":"center center","background-size":"auto","background-attachment":"scroll","background-type":"","background-media":"","overlay-type":"","overlay-color":"","overlay-opacity":"","overlay-gradient":""},"mobile":{"background-color":"var(--ast-global-color-5)","background-image":"","background-repeat":"repeat","background-position":"center center","background-size":"auto","background-attachment":"scroll","background-type":"","background-media":"","overlay-type":"","overlay-color":"","overlay-opacity":"","overlay-gradient":""}},"footnotes":""},"class_list":["post-1194","page","type-page","status-publish","hentry"],"post_mailing_queue_ids":[],"_links":{"self":[{"href":"https:\/\/agora.xtec.cat\/escolaelisenda\/wp-json\/wp\/v2\/pages\/1194","targetHints":{"allow":["GET"]}}],"collection":[{"href":"https:\/\/agora.xtec.cat\/escolaelisenda\/wp-json\/wp\/v2\/pages"}],"about":[{"href":"https:\/\/agora.xtec.cat\/escolaelisenda\/wp-json\/wp\/v2\/types\/page"}],"author":[{"embeddable":true,"href":"https:\/\/agora.xtec.cat\/escolaelisenda\/wp-json\/wp\/v2\/users\/1"}],"replies":[{"embeddable":true,"href":"https:\/\/agora.xtec.cat\/escolaelisenda\/wp-json\/wp\/v2\/comments?post=1194"}],"version-history":[{"count":2,"href":"https:\/\/agora.xtec.cat\/escolaelisenda\/wp-json\/wp\/v2\/pages\/1194\/revisions"}],"predecessor-version":[{"id":1197,"href":"https:\/\/agora.xtec.cat\/escolaelisenda\/wp-json\/wp\/v2\/pages\/1194\/revisions\/1197"}],"up":[{"embeddable":true,"href":"https:\/\/agora.xtec.cat\/escolaelisenda\/wp-json\/wp\/v2\/pages\/64"}],"wp:attachment":[{"href":"https:\/\/agora.xtec.cat\/escolaelisenda\/wp-json\/wp\/v2\/media?parent=1194"}],"curies":[{"name":"wp","href":"https:\/\/api.w.org\/{rel}","templated":true}]}}