{"id":71,"date":"2014-09-18T12:44:56","date_gmt":"2014-09-18T11:44:56","guid":{"rendered":"http:\/\/agora.xtec.cat\/escolaelisabadia\/?page_id=71"},"modified":"2022-12-19T17:36:12","modified_gmt":"2022-12-19T16:36:12","slug":"serveis-digitals","status":"publish","type":"page","link":"https:\/\/agora.xtec.cat\/escolaelisabadia\/serveis\/serveis-digitals\/","title":{"rendered":"Serveis digitals"},"content":{"rendered":"<p><strong>Quins recursos digitals fem servir a l&#8217;escola?\u00a0<\/strong><\/p>\n<p><strong>GSUITE<\/strong>: Eina de treball a partir de 4t de prim\u00e0ria.<\/p>\n<p><strong>CORREU ELECTR\u00d2NIC:<\/strong> notificacions a les fam\u00edlies a trav\u00e9s del correu electr\u00f2nic.<\/p>\n<p><strong>NODES<\/strong>: Publicaci\u00f3 d&#8217;articles per cicle i per curs.<\/p>\n<p><strong>ESFERA<\/strong>: Eina per publicar els informes dels infants.<\/p>\n<p>&nbsp;<\/p>\n<p>&nbsp;<\/p>\n<p>&nbsp;<\/p>\n","protected":false},"excerpt":{"rendered":"<p>Quins recursos digitals fem servir a l&#8217;escola?\u00a0<br \/>\nGSUITE: Eina de treball a partir de 4t de prim\u00e0ria.<br \/>\nCORREU ELECTR\u00d2NIC: notificacions a les fam\u00edlies a trav\u00e9s del correu electr\u00f2nic.<br \/>\nNODES: Publicaci\u00f3 d&#8217;articles per cicle i per curs.<br \/>\nESFERA: Eina per publicar els informes dels infants.<br \/>\n&nbsp;<br \/>\n&nbsp;<br \/>\n&nbsp;<\/p>\n","protected":false},"author":1,"featured_media":0,"parent":66,"menu_order":10,"comment_status":"closed","ping_status":"closed","template":"page-templates\/side-menu.php","meta":{"_bbp_topic_count":0,"_bbp_reply_count":0,"_bbp_total_topic_count":0,"_bbp_total_reply_count":0,"_bbp_voice_count":0,"_bbp_anonymous_reply_count":0,"_bbp_topic_count_hidden":0,"_bbp_reply_count_hidden":0,"_bbp_forum_subforum_count":0,"footnotes":""},"class_list":["post-71","page","type-page","status-publish","hentry"],"post_mailing_queue_ids":[],"_links":{"self":[{"href":"https:\/\/agora.xtec.cat\/escolaelisabadia\/wp-json\/wp\/v2\/pages\/71","targetHints":{"allow":["GET"]}}],"collection":[{"href":"https:\/\/agora.xtec.cat\/escolaelisabadia\/wp-json\/wp\/v2\/pages"}],"about":[{"href":"https:\/\/agora.xtec.cat\/escolaelisabadia\/wp-json\/wp\/v2\/types\/page"}],"author":[{"embeddable":true,"href":"https:\/\/agora.xtec.cat\/escolaelisabadia\/wp-json\/wp\/v2\/users\/1"}],"replies":[{"embeddable":true,"href":"https:\/\/agora.xtec.cat\/escolaelisabadia\/wp-json\/wp\/v2\/comments?post=71"}],"version-history":[{"count":2,"href":"https:\/\/agora.xtec.cat\/escolaelisabadia\/wp-json\/wp\/v2\/pages\/71\/revisions"}],"predecessor-version":[{"id":830,"href":"https:\/\/agora.xtec.cat\/escolaelisabadia\/wp-json\/wp\/v2\/pages\/71\/revisions\/830"}],"up":[{"embeddable":true,"href":"https:\/\/agora.xtec.cat\/escolaelisabadia\/wp-json\/wp\/v2\/pages\/66"}],"wp:attachment":[{"href":"https:\/\/agora.xtec.cat\/escolaelisabadia\/wp-json\/wp\/v2\/media?parent=71"}],"curies":[{"name":"wp","href":"https:\/\/api.w.org\/{rel}","templated":true}]}}