{"id":64,"date":"2014-09-18T12:39:08","date_gmt":"2014-09-18T11:39:08","guid":{"rendered":"http:\/\/agora.xtec.cat\/escolaelisabadia\/?page_id=64"},"modified":"2024-10-31T13:31:04","modified_gmt":"2024-10-31T12:31:04","slug":"projecte-educatiu","status":"publish","type":"page","link":"https:\/\/agora.xtec.cat\/escolaelisabadia\/projecte-educatiu\/","title":{"rendered":"Projecte educatiu"},"content":{"rendered":"<p><strong>ASPECTES SINGULARS DE L\u2019ESCOLA<\/strong><\/p>\n<ul>\n<li>Projecte d&#8217;agermanament<\/li>\n<li>Projecte de m\u00fasica i dansa: MoDa<\/li>\n<li>Festes: Cultura i tradici\u00f3<\/li>\n<li>Tallers art\u00edstics: Som d&#8217;ART<\/li>\n<li>Descobertes a Infantil<\/li>\n<li>STEAMcat<\/li>\n<li>Espai Global<\/li>\n<li>Pla de treball a prim\u00e0ria<\/li>\n<li>Playing, singing\u00a0 and dancing I3 &#8211; I4 &#8211; I5<\/li>\n<li>Grup Experimental pel Pluriling\u00fc\u00edsme: Science (3r-6\u00e8) and artistic workshops (1r-6\u00e8).<\/li>\n<li>Rob\u00f2tica<\/li>\n<li>ECO- CO- Pati<\/li>\n<li>Projecte de menjador, acollida matinal i extraescolars.<\/li>\n<li>&#8230;<\/li>\n<\/ul>\n<p>Per m\u00e9s informaci\u00f3 no dubteu en consultar el nostre <a href=\"https:\/\/www.calameo.com\/read\/0072590768bae659d1316\">PROJECTE EDUCATIU DE CENTRE<\/a>.<\/p>\n","protected":false},"excerpt":{"rendered":"<p>ASPECTES SINGULARS DE L\u2019ESCOLA<\/p>\n<ul>\n<li>Projecte d&#8217;agermanament<\/li>\n<li>Projecte de m\u00fasica i dansa: MoDa<\/li>\n<li>Festes: Cultura i tradici\u00f3<\/li>\n<li>Tallers art\u00edstics: Som d&#8217;ART<\/li>\n<li>Descobertes a Infantil<\/li>\n<li>STEAMcat<\/li>\n<li>Espai Global<\/li>\n<li>Pla de treball a prim\u00e0ria<\/li>\n<li>Playing, singing\u00a0 and dancing I3 &#8211; I4 &#8211; I5<\/li>\n<li>Grup Experimental pel Pluriling\u00fc\u00edsme: Science (3r-6\u00e8) and artistic workshops (1r-6\u00e8).<\/li>\n<li>Rob\u00f2tica<\/li>\n<li>ECO- CO- Pati<\/li>\n<li>Projecte de menjador, acollida&hellip;  <a href=\"https:\/\/agora.xtec.cat\/escolaelisabadia\/projecte-educatiu\/\" title=\"Read Projecte educatiu\">Llegeix m\u00e9s\u00bb<\/a><br \/>\n","protected":false},"author":1,"featured_media":0,"parent":0,"menu_order":0,"comment_status":"closed","ping_status":"closed","template":"page-templates\/side-menu.php","meta":{"_bbp_topic_count":0,"_bbp_reply_count":0,"_bbp_total_topic_count":0,"_bbp_total_reply_count":0,"_bbp_voice_count":0,"_bbp_anonymous_reply_count":0,"_bbp_topic_count_hidden":0,"_bbp_reply_count_hidden":0,"_bbp_forum_subforum_count":0,"footnotes":""},"class_list":["post-64","page","type-page","status-publish","hentry"],"post_mailing_queue_ids":[],"_links":{"self":[{"href":"https:\/\/agora.xtec.cat\/escolaelisabadia\/wp-json\/wp\/v2\/pages\/64","targetHints":{"allow":["GET"]}}],"collection":[{"href":"https:\/\/agora.xtec.cat\/escolaelisabadia\/wp-json\/wp\/v2\/pages"}],"about":[{"href":"https:\/\/agora.xtec.cat\/escolaelisabadia\/wp-json\/wp\/v2\/types\/page"}],"author":[{"embeddable":true,"href":"https:\/\/agora.xtec.cat\/escolaelisabadia\/wp-json\/wp\/v2\/users\/1"}],"replies":[{"embeddable":true,"href":"https:\/\/agora.xtec.cat\/escolaelisabadia\/wp-json\/wp\/v2\/comments?post=64"}],"version-history":[{"count":3,"href":"https:\/\/agora.xtec.cat\/escolaelisabadia\/wp-json\/wp\/v2\/pages\/64\/revisions"}],"predecessor-version":[{"id":4620,"href":"https:\/\/agora.xtec.cat\/escolaelisabadia\/wp-json\/wp\/v2\/pages\/64\/revisions\/4620"}],"wp:attachment":[{"href":"https:\/\/agora.xtec.cat\/escolaelisabadia\/wp-json\/wp\/v2\/media?parent=64"}],"curies":[{"name":"wp","href":"https:\/\/api.w.org\/{rel}","templated":true}]}}