{"id":36,"date":"2014-09-18T12:33:11","date_gmt":"2014-09-18T11:33:11","guid":{"rendered":"http:\/\/agora.xtec.cat\/escolaelisabadia\/?page_id=36"},"modified":"2025-07-18T16:07:13","modified_gmt":"2025-07-18T14:07:13","slug":"material-escolar","status":"publish","type":"page","link":"https:\/\/agora.xtec.cat\/escolaelisabadia\/lescola\/material-escolar\/","title":{"rendered":"Material escolar"},"content":{"rendered":"<p>En els seg\u00fcents enlla\u00e7os podeu accedir a les <strong>infografies de MATERIAL<\/strong>:<\/p>\n<p><a href=\"https:\/\/agora.xtec.cat\/escolaelisabadia\/wp-content\/uploads\/usu667\/2025\/07\/25-26-DOSSIER-INFORMATIU-I3.pdf\">25-26 DOSSIER INFORMATIU (I3)<\/a><\/p>\n<p><a href=\"https:\/\/agora.xtec.cat\/escolaelisabadia\/wp-content\/uploads\/usu667\/2025\/07\/25-26-DOSSIER-INFORMATIU-I4.pdf\">25-26 DOSSIER INFORMATIU (I4)<\/a><\/p>\n<p><a href=\"https:\/\/agora.xtec.cat\/escolaelisabadia\/wp-content\/uploads\/usu667\/2025\/07\/25-26-DOSSIER-INFORMATIU-I5.pdf\">25-26 DOSSIER INFORMATIU (I5)<\/a><\/p>\n<p><a href=\"https:\/\/agora.xtec.cat\/escolaelisabadia\/wp-content\/uploads\/usu667\/2025\/07\/25-26-DOSSIER-INFORMATIU-1r.pdf\">25-26 DOSSIER INFORMATIU (1r)<\/a><\/p>\n<p><a href=\"https:\/\/agora.xtec.cat\/escolaelisabadia\/wp-content\/uploads\/usu667\/2025\/07\/25-26-DOSSIER-INFORMATIU-2n.pdf\">25-26 DOSSIER INFORMATIU (2n)<\/a><\/p>\n<p><a href=\"https:\/\/agora.xtec.cat\/escolaelisabadia\/wp-content\/uploads\/usu667\/2025\/07\/25-26-DOSSIER-INFORMATIU-3r-1.pdf\">25-26 DOSSIER INFORMATIU (3r)<\/a><\/p>\n<p><a href=\"https:\/\/agora.xtec.cat\/escolaelisabadia\/wp-content\/uploads\/usu667\/2025\/07\/25-26-DOSSIER-INFORMATIU-4t.pdf\">25-26 DOSSIER INFORMATIU (4t)<\/a><\/p>\n<p><a href=\"https:\/\/agora.xtec.cat\/escolaelisabadia\/wp-content\/uploads\/usu667\/2025\/07\/25-26-DOSSIER-INFORMATIU-5e.pdf\">25-26 DOSSIER INFORMATIU (5\u00e8)<\/a><\/p>\n<p><a href=\"https:\/\/agora.xtec.cat\/escolaelisabadia\/wp-content\/uploads\/usu667\/2025\/07\/25-26-DOSSIER-INFORMATIU-6e.pdf\">25-26 DOSSIER INFORMATIU (6\u00e8)<\/a><\/p>\n<p>Aqu\u00ed podeu consultar la refer\u00e8ncia de <strong>LLIC\u00c8NCIES I QUADERNS<\/strong>:<\/p>\n<p><a href=\"https:\/\/agora.xtec.cat\/escolaelisabadia\/wp-content\/uploads\/usu667\/2025\/07\/25-26-Llistat-llibres-Escola-Elisa-Badia.pdf\">25-26 Llibres<\/a><\/p>\n","protected":false},"excerpt":{"rendered":"<p>En els seg\u00fcents enlla\u00e7os podeu accedir a les infografies de MATERIAL:<br \/>\n<a href=\"https:\/\/agora.xtec.cat\/escolaelisabadia\/wp-content\/uploads\/usu667\/2025\/07\/25-26-DOSSIER-INFORMATIU-I3.pdf\">25-26 DOSSIER INFORMATIU (I3)<\/a><br \/>\n<a href=\"https:\/\/agora.xtec.cat\/escolaelisabadia\/wp-content\/uploads\/usu667\/2025\/07\/25-26-DOSSIER-INFORMATIU-I4.pdf\">25-26 DOSSIER INFORMATIU (I4)<\/a><br \/>\n<a href=\"https:\/\/agora.xtec.cat\/escolaelisabadia\/wp-content\/uploads\/usu667\/2025\/07\/25-26-DOSSIER-INFORMATIU-I5.pdf\">25-26 DOSSIER INFORMATIU (I5)<\/a><br \/>\n<a href=\"https:\/\/agora.xtec.cat\/escolaelisabadia\/wp-content\/uploads\/usu667\/2025\/07\/25-26-DOSSIER-INFORMATIU-1r.pdf\">25-26 DOSSIER INFORMATIU (1r)<\/a><br \/>\n<a href=\"https:\/\/agora.xtec.cat\/escolaelisabadia\/wp-content\/uploads\/usu667\/2025\/07\/25-26-DOSSIER-INFORMATIU-2n.pdf\">25-26 DOSSIER INFORMATIU (2n)<\/a><br \/>\n<a href=\"https:\/\/agora.xtec.cat\/escolaelisabadia\/wp-content\/uploads\/usu667\/2025\/07\/25-26-DOSSIER-INFORMATIU-3r-1.pdf\">25-26 DOSSIER INFORMATIU (3r)<\/a><br \/>\n<a href=\"https:\/\/agora.xtec.cat\/escolaelisabadia\/wp-content\/uploads\/usu667\/2025\/07\/25-26-DOSSIER-INFORMATIU-4t.pdf\">25-26 DOSSIER INFORMATIU (4t)<\/a><br \/>\n<a href=\"https:\/\/agora.xtec.cat\/escolaelisabadia\/wp-content\/uploads\/usu667\/2025\/07\/25-26-DOSSIER-INFORMATIU-5e.pdf\">25-26 DOSSIER INFORMATIU (5\u00e8)<\/a><br \/>\n<a href=\"https:\/\/agora.xtec.cat\/escolaelisabadia\/wp-content\/uploads\/usu667\/2025\/07\/25-26-DOSSIER-INFORMATIU-6e.pdf\">25-26 DOSSIER&hellip;  <a href=\"https:\/\/agora.xtec.cat\/escolaelisabadia\/lescola\/material-escolar\/\" title=\"Read Material escolar\">Llegeix m\u00e9s\u00bb<\/a><\/p>\n","protected":false},"author":1,"featured_media":0,"parent":22,"menu_order":70,"comment_status":"closed","ping_status":"closed","template":"page-templates\/side-menu.php","meta":{"_bbp_topic_count":0,"_bbp_reply_count":0,"_bbp_total_topic_count":0,"_bbp_total_reply_count":0,"_bbp_voice_count":0,"_bbp_anonymous_reply_count":0,"_bbp_topic_count_hidden":0,"_bbp_reply_count_hidden":0,"_bbp_forum_subforum_count":0,"footnotes":""},"class_list":["post-36","page","type-page","status-publish","hentry"],"post_mailing_queue_ids":[],"_links":{"self":[{"href":"https:\/\/agora.xtec.cat\/escolaelisabadia\/wp-json\/wp\/v2\/pages\/36","targetHints":{"allow":["GET"]}}],"collection":[{"href":"https:\/\/agora.xtec.cat\/escolaelisabadia\/wp-json\/wp\/v2\/pages"}],"about":[{"href":"https:\/\/agora.xtec.cat\/escolaelisabadia\/wp-json\/wp\/v2\/types\/page"}],"author":[{"embeddable":true,"href":"https:\/\/agora.xtec.cat\/escolaelisabadia\/wp-json\/wp\/v2\/users\/1"}],"replies":[{"embeddable":true,"href":"https:\/\/agora.xtec.cat\/escolaelisabadia\/wp-json\/wp\/v2\/comments?post=36"}],"version-history":[{"count":7,"href":"https:\/\/agora.xtec.cat\/escolaelisabadia\/wp-json\/wp\/v2\/pages\/36\/revisions"}],"predecessor-version":[{"id":6486,"href":"https:\/\/agora.xtec.cat\/escolaelisabadia\/wp-json\/wp\/v2\/pages\/36\/revisions\/6486"}],"up":[{"embeddable":true,"href":"https:\/\/agora.xtec.cat\/escolaelisabadia\/wp-json\/wp\/v2\/pages\/22"}],"wp:attachment":[{"href":"https:\/\/agora.xtec.cat\/escolaelisabadia\/wp-json\/wp\/v2\/media?parent=36"}],"curies":[{"name":"wp","href":"https:\/\/api.w.org\/{rel}","templated":true}]}}