{"id":26,"date":"2014-09-18T12:24:32","date_gmt":"2014-09-18T11:24:32","guid":{"rendered":"http:\/\/agora.xtec.cat\/escolaelisabadia\/?page_id=26"},"modified":"2022-03-17T09:53:23","modified_gmt":"2022-03-17T08:53:23","slug":"historia","status":"publish","type":"page","link":"https:\/\/agora.xtec.cat\/escolaelisabadia\/lescola\/historia\/","title":{"rendered":"Hist\u00f2ria"},"content":{"rendered":"<p>Com es va construir la nostra escola?<\/p>\n<div style=\"width: 1920px;\" class=\"wp-video\"><!--[if lt IE 9]><script>document.createElement('video');<\/script><![endif]-->\n<video class=\"wp-video-shortcode\" id=\"video-26-1\" width=\"1920\" height=\"1080\" preload=\"metadata\" controls=\"controls\"><source type=\"video\/mp4\" src=\"https:\/\/agora.xtec.cat\/escolaelisabadia\/wp-content\/uploads\/usu667\/2021\/11\/AUCAElisa-Badia.mp4?_=1\" \/><a href=\"https:\/\/agora.xtec.cat\/escolaelisabadia\/wp-content\/uploads\/usu667\/2021\/11\/AUCAElisa-Badia.mp4\">https:\/\/agora.xtec.cat\/escolaelisabadia\/wp-content\/uploads\/usu667\/2021\/11\/AUCAElisa-Badia.mp4<\/a><\/video><\/div>\n<p>&nbsp;<\/p>\n<p>L\u2019Escola Elisa Badia \u00e9s una icona de Barber\u00e0 del Vall\u00e8s, ja que va ser la primera escola del poble. Fent una mirada enrere, cal destacar una de les barberenques m\u00e9s il\u00b7lustres, l\u2019Elisa Badia i Pons (1895 \u2013 1975), hereva de les propietats del seu pare, en Josep Badia i Capdevila, entre elles la Torre d\u2019en Gorgs.<\/p>\n<p>L\u2019arrelament de l\u2019Emili Moragas, un important metge esportiu, ve donat pel matrimoni amb l\u2019Elisa Badia. Junts van tenir molt contacte amb la gent del poble i es guanyaren l\u2019amistat i simpatia d\u2019una bona part de la poblaci\u00f3. L\u2019Elisa Badia va fer importants donacions, com per exemple, els terrenys per a la construcci\u00f3 de l\u2019estaci\u00f3 del tren o per a l\u2019edificaci\u00f3 de l\u2019escola.<\/p>\n<p>L&#8217;escola ja t\u00e9 50 anys i, per aquest motiu, ho celebrem tant dins com fora de l&#8217;escola, compartint amb tot el poble la import\u00e0ncia hist\u00f2rica del nostre centre.<\/p>\n","protected":false},"excerpt":{"rendered":"<p>Com es va construir la nostra escola?<br \/>\n<a href=\"https:\/\/agora.xtec.cat\/escolaelisabadia\/wp-content\/uploads\/usu667\/2021\/11\/AUCAElisa-Badia.mp4\">https:\/\/agora.xtec.cat\/escolaelisabadia\/wp-content\/uploads\/usu667\/2021\/11\/AUCAElisa-Badia.mp4<\/a><br \/>\n&nbsp;<br \/>\nL\u2019Escola Elisa Badia \u00e9s una icona de Barber\u00e0 del Vall\u00e8s, ja que va ser la primera escola del poble. Fent una mirada enrere, cal destacar una de les barberenques m\u00e9s il\u00b7lustres, l\u2019Elisa Badia i Pons (1895 \u2013 1975),&hellip;  <a href=\"https:\/\/agora.xtec.cat\/escolaelisabadia\/lescola\/historia\/\" title=\"Read Hist\u00f2ria\">Llegeix m\u00e9s\u00bb<\/a><\/p>\n","protected":false},"author":1,"featured_media":0,"parent":22,"menu_order":20,"comment_status":"closed","ping_status":"closed","template":"page-templates\/side-menu.php","meta":{"_bbp_topic_count":0,"_bbp_reply_count":0,"_bbp_total_topic_count":0,"_bbp_total_reply_count":0,"_bbp_voice_count":0,"_bbp_anonymous_reply_count":0,"_bbp_topic_count_hidden":0,"_bbp_reply_count_hidden":0,"_bbp_forum_subforum_count":0,"footnotes":""},"class_list":["post-26","page","type-page","status-publish","hentry"],"post_mailing_queue_ids":[],"_links":{"self":[{"href":"https:\/\/agora.xtec.cat\/escolaelisabadia\/wp-json\/wp\/v2\/pages\/26","targetHints":{"allow":["GET"]}}],"collection":[{"href":"https:\/\/agora.xtec.cat\/escolaelisabadia\/wp-json\/wp\/v2\/pages"}],"about":[{"href":"https:\/\/agora.xtec.cat\/escolaelisabadia\/wp-json\/wp\/v2\/types\/page"}],"author":[{"embeddable":true,"href":"https:\/\/agora.xtec.cat\/escolaelisabadia\/wp-json\/wp\/v2\/users\/1"}],"replies":[{"embeddable":true,"href":"https:\/\/agora.xtec.cat\/escolaelisabadia\/wp-json\/wp\/v2\/comments?post=26"}],"version-history":[{"count":3,"href":"https:\/\/agora.xtec.cat\/escolaelisabadia\/wp-json\/wp\/v2\/pages\/26\/revisions"}],"predecessor-version":[{"id":616,"href":"https:\/\/agora.xtec.cat\/escolaelisabadia\/wp-json\/wp\/v2\/pages\/26\/revisions\/616"}],"up":[{"embeddable":true,"href":"https:\/\/agora.xtec.cat\/escolaelisabadia\/wp-json\/wp\/v2\/pages\/22"}],"wp:attachment":[{"href":"https:\/\/agora.xtec.cat\/escolaelisabadia\/wp-json\/wp\/v2\/media?parent=26"}],"curies":[{"name":"wp","href":"https:\/\/api.w.org\/{rel}","templated":true}]}}