{"id":6318,"date":"2026-02-20T12:54:46","date_gmt":"2026-02-20T11:54:46","guid":{"rendered":"https:\/\/agora.xtec.cat\/escolaelgarrofer\/?page_id=6318"},"modified":"2026-02-20T12:57:51","modified_gmt":"2026-02-20T11:57:51","slug":"gestio-i-preus-servei-de-menajdor","status":"publish","type":"page","link":"https:\/\/agora.xtec.cat\/escolaelgarrofer\/serveis\/menjador-escolar\/gestio-i-preus-servei-de-menajdor\/","title":{"rendered":"Gesti\u00f3 i preus servei de menjador"},"content":{"rendered":"\n<p>Preus del curs 2025-2026:<\/p>\n\n\n\n<p>Fixos&nbsp;&nbsp;&nbsp;&nbsp;&nbsp;&nbsp;&nbsp; &nbsp;&nbsp;&nbsp; 7,48 \u20ac\/dia<\/p>\n\n\n\n<p>Eventuals&nbsp; &nbsp; &nbsp;8,07 \u20ac\/dia<\/p>\n\n\n\n<p>Tel\u00e8fon del servei de 9:00 a 10:00: 677132507<\/p>\n\n\n\n<p>Quan hagueu d&#8217;anul\u00b7lar un dinar, per tal que es retorni tot l&#8217;import, s&#8217;haur\u00e0 d&#8217;avisar abans de les 9:30 ja sigui pel tel\u00e8fon habilitat, correu coordinacioelgarrofer@fundesplai.org o b\u00e9 per l&#8217;APP<\/p>\n\n\n\n<p>Cliqueu <a href=\"https:\/\/apps.apple.com\/es\/app\/fundesplai\/id1474065881\">aqu\u00ed<\/a> per accedir a l&#8217;aplicaci\u00f3.<\/p>\n\n\n\n<p><\/p>\n","protected":false},"excerpt":{"rendered":"<p>Preus del curs 2025-2026: Fixos&nbsp;&nbsp;&nbsp;&nbsp;&nbsp;&nbsp;&nbsp; &nbsp;&nbsp;&nbsp; 7,48 \u20ac\/dia Eventuals&nbsp; &nbsp; &nbsp;8,07 \u20ac\/dia Tel\u00e8fon del servei de 9:00 a 10:00: 677132507 Quan hagueu d&#8217;anul\u00b7lar un dinar, per tal que es retorni tot l&#8217;import, s&#8217;haur\u00e0 d&#8217;avisar abans de les 9:30 ja sigui pel tel\u00e8fon habilitat, correu coordinacioelgarrofer@fundesplai.org o b\u00e9 per l&#8217;APP Cliqueu aqu\u00ed per accedir a l&#8217;aplicaci\u00f3.<\/p>\n","protected":false},"author":48,"featured_media":0,"parent":73,"menu_order":0,"comment_status":"closed","ping_status":"close","template":"","meta":{"_bbp_topic_count":0,"_bbp_reply_count":0,"_bbp_total_topic_count":0,"_bbp_total_reply_count":0,"_bbp_voice_count":0,"_bbp_anonymous_reply_count":0,"_bbp_topic_count_hidden":0,"_bbp_reply_count_hidden":0,"_bbp_forum_subforum_count":0,"site-sidebar-layout":"default","site-content-layout":"","ast-site-content-layout":"default","site-content-style":"default","site-sidebar-style":"default","ast-global-header-display":"","ast-banner-title-visibility":"","ast-main-header-display":"","ast-hfb-above-header-display":"","ast-hfb-below-header-display":"","ast-hfb-mobile-header-display":"","site-post-title":"","ast-breadcrumbs-content":"","ast-featured-img":"","footer-sml-layout":"","theme-transparent-header-meta":"","adv-header-id-meta":"","stick-header-meta":"","header-above-stick-meta":"","header-main-stick-meta":"","header-below-stick-meta":"","astra-migrate-meta-layouts":"set","ast-page-background-enabled":"default","ast-page-background-meta":{"desktop":{"background-color":"var(--ast-global-color-4)","background-image":"","background-repeat":"repeat","background-position":"center center","background-size":"auto","background-attachment":"scroll","background-type":"","background-media":"","overlay-type":"","overlay-color":"","overlay-opacity":"","overlay-gradient":""},"tablet":{"background-color":"","background-image":"","background-repeat":"repeat","background-position":"center center","background-size":"auto","background-attachment":"scroll","background-type":"","background-media":"","overlay-type":"","overlay-color":"","overlay-opacity":"","overlay-gradient":""},"mobile":{"background-color":"","background-image":"","background-repeat":"repeat","background-position":"center center","background-size":"auto","background-attachment":"scroll","background-type":"","background-media":"","overlay-type":"","overlay-color":"","overlay-opacity":"","overlay-gradient":""}},"ast-content-background-meta":{"desktop":{"background-color":"var(--ast-global-color-5)","background-image":"","background-repeat":"repeat","background-position":"center center","background-size":"auto","background-attachment":"scroll","background-type":"","background-media":"","overlay-type":"","overlay-color":"","overlay-opacity":"","overlay-gradient":""},"tablet":{"background-color":"var(--ast-global-color-5)","background-image":"","background-repeat":"repeat","background-position":"center center","background-size":"auto","background-attachment":"scroll","background-type":"","background-media":"","overlay-type":"","overlay-color":"","overlay-opacity":"","overlay-gradient":""},"mobile":{"background-color":"var(--ast-global-color-5)","background-image":"","background-repeat":"repeat","background-position":"center center","background-size":"auto","background-attachment":"scroll","background-type":"","background-media":"","overlay-type":"","overlay-color":"","overlay-opacity":"","overlay-gradient":""}},"footnotes":""},"class_list":["post-6318","page","type-page","status-publish","hentry"],"post_mailing_queue_ids":[],"_links":{"self":[{"href":"https:\/\/agora.xtec.cat\/escolaelgarrofer\/wp-json\/wp\/v2\/pages\/6318","targetHints":{"allow":["GET"]}}],"collection":[{"href":"https:\/\/agora.xtec.cat\/escolaelgarrofer\/wp-json\/wp\/v2\/pages"}],"about":[{"href":"https:\/\/agora.xtec.cat\/escolaelgarrofer\/wp-json\/wp\/v2\/types\/page"}],"author":[{"embeddable":true,"href":"https:\/\/agora.xtec.cat\/escolaelgarrofer\/wp-json\/wp\/v2\/users\/48"}],"replies":[{"embeddable":true,"href":"https:\/\/agora.xtec.cat\/escolaelgarrofer\/wp-json\/wp\/v2\/comments?post=6318"}],"version-history":[{"count":3,"href":"https:\/\/agora.xtec.cat\/escolaelgarrofer\/wp-json\/wp\/v2\/pages\/6318\/revisions"}],"predecessor-version":[{"id":6322,"href":"https:\/\/agora.xtec.cat\/escolaelgarrofer\/wp-json\/wp\/v2\/pages\/6318\/revisions\/6322"}],"up":[{"embeddable":true,"href":"https:\/\/agora.xtec.cat\/escolaelgarrofer\/wp-json\/wp\/v2\/pages\/73"}],"wp:attachment":[{"href":"https:\/\/agora.xtec.cat\/escolaelgarrofer\/wp-json\/wp\/v2\/media?parent=6318"}],"curies":[{"name":"wp","href":"https:\/\/api.w.org\/{rel}","templated":true}]}}