{"id":6206,"date":"2026-01-26T15:48:29","date_gmt":"2026-01-26T14:48:29","guid":{"rendered":"https:\/\/agora.xtec.cat\/escolaelgarrofer\/?page_id=6206"},"modified":"2026-02-20T13:39:59","modified_gmt":"2026-02-20T12:39:59","slug":"lets-go-engineering-amb-scheneider-electric","status":"publish","type":"page","link":"https:\/\/agora.xtec.cat\/escolaelgarrofer\/lescola\/linia-pedagogica\/activitats-de-referencia\/lets-go-engineering-amb-scheneider-electric\/","title":{"rendered":"\ud83d\udca1 Let&#8217;s Go Engineering: El Repte Schneider"},"content":{"rendered":"\n<p>\u00c9s un programa  inspirador d&#8217;activitats que vol fomentar i despertar vocacions tecnol\u00f2giques en estudiants de darrers cursos de Prim\u00e0ria a centres educatius p\u00fablics, concertats i privats.<br>El programa &#8216;Let&#8217;s Go Engineering&#8217; es realitza durant un curs escolar i es compon de diverses fases, al llarg de les quals es realitzen diferents activitats que pretenen despertar la creativitat dels estudiants i mostrar l&#8217;impacte humanitari i el benefici social de la tecnologia, fet que motiva especialment les nenes en la realitzaci\u00f3 de les activitats tecnol\u00f2giques.<br>Cada classe inclosa al programa es prepara de forma conjunta entre l&#8217;equip de voluntaris que integra Let&#8217;s Go Engineering i el professorat responsable a cada aula.<br>A trav\u00e9s d&#8217;exemples, se&#8217;ls explica com pot impactar l&#8217;enginyeria a les nostres vides, com la tecnologia canviar\u00e0 la manera com viurem en el futur i la seva transcend\u00e8ncia social, aix\u00ed com la import\u00e0ncia que aquest futur tecnol\u00f2gic estigui format tant per homes com per dones, considerant sempre la riquesa de la diversitat.<br>Per aquest motiu, i amb l&#8217;objectiu d&#8217;atreure el m\u00e0xim talent femen\u00ed, es presenten casos de dones actuals que puguin arribar a ser un referent al camp per als estudiants, conscienciant aix\u00ed de l&#8217;exist\u00e8ncia de prejudicis sexistes en relaci\u00f3 amb les professions .<br>Objectius d\u2019aquest curs:<\/p>\n\n\n\n<ul class=\"wp-block-list\">\n<li>Trencar estereotips de g\u00e8nere des d&#8217;una edat primerenca, refor\u00e7ar valors i descobrir l&#8217;enginyeria i la tecnologia a nenes i nens en alian\u00e7a amb la comunitat educativa i les fam\u00edlies. Al nostre parer, l&#8217;enginyeria \u00e9s una forma de participar en la creaci\u00f3 de solucions per millorar el nostre m\u00f3n, des de la curiositat, el m\u00e8tode cient\u00edfic, l&#8217;\u00fas de la tecnologia i el desenvolupament de valors com la col\u00b7laboraci\u00f3, la sostenibilitat, la diversitat i la inclusi\u00f3.<\/li>\n\n\n\n<li>Que les nenes descobreixin models a seguir en dones que han contribu\u00eft i contribueixen a transformar les nostres vides amb el seu enginy i fent \u00fas de les noves tecnologies. \u00c9s fonamental que tant les nenes com els nens desenvolupin admiraci\u00f3 pels professionals de les tecnologies, sigui quin sigui el seu g\u00e8nere. Hem de facilitar que els docents i les fam\u00edlies disposin d&#8217;exemples atractius per inspirar i proposar els m\u00e9s joves.<\/li>\n\n\n\n<li>Ajudar a desenvolupar els valors i les habilitats que aporta el descobriment de l&#8217;enginyeria: Desig de millorar el m\u00f3n; Invenci\u00f3 en diferents camps; An\u00e0lisi i resoluci\u00f3 de problemes; Creativitat, indagaci\u00f3 i investigaci\u00f3; Treball en equip; Autonomia, confian\u00e7a en un mateix; Superaci\u00f3 d&#8217;obstacles, resili\u00e8ncia; Aprenentatge continu.<\/li>\n<\/ul>\n\n\n\n<p>L&#8217;Escola d&#8217;Enginyeria de\u00a0<strong>Telecomunicaci\u00f3 i Aeroespacial de Castelldefels<\/strong> participa en aquestes jornades, per tal de fomentar el pensament cient\u00edfic en l&#8217;alumnat.<\/p>\n\n\n\n<figure class=\"wp-block-image size-full\"><a href=\"https:\/\/agora.xtec.cat\/escolaelgarrofer\/wp-content\/uploads\/usu580\/2026\/02\/Schneider.jpg\"><img loading=\"lazy\" decoding=\"async\" width=\"800\" height=\"450\" src=\"https:\/\/agora.xtec.cat\/escolaelgarrofer\/wp-content\/uploads\/usu580\/2026\/02\/Schneider.jpg\" alt=\"\" class=\"wp-image-6332\" srcset=\"https:\/\/agora.xtec.cat\/escolaelgarrofer\/wp-content\/uploads\/usu580\/2026\/02\/Schneider.jpg 800w, https:\/\/agora.xtec.cat\/escolaelgarrofer\/wp-content\/uploads\/usu580\/2026\/02\/Schneider-300x169.jpg 300w, https:\/\/agora.xtec.cat\/escolaelgarrofer\/wp-content\/uploads\/usu580\/2026\/02\/Schneider-768x432.jpg 768w\" sizes=\"auto, (max-width: 800px) 100vw, 800px\" \/><\/a><\/figure>\n\n\n\n<p class=\"has-ast-global-color-2-color has-text-color has-link-color wp-elements-9c38070dca7b9db18b19a8213954adee\"><a href=\"https:\/\/eetac.upc.edu\/ca\/noticies\/leetac-participa-en-la-iniciativa-lets-go-engineering-per-fomentar-vocacions-des-de-primaria-1\">Enlla\u00e7 a la not\u00edcia<\/a><\/p>\n\n\n\n<figure class=\"wp-block-embed is-type-video is-provider-youtube wp-block-embed-youtube wp-embed-aspect-16-9 wp-has-aspect-ratio\"><div class=\"wp-block-embed__wrapper\">\n<div class=\"ast-oembed-container \" style=\"height: 100%;\"><iframe loading=\"lazy\" title=\"Projecte &quot;Ciutat sostenible&quot; 6\u00e8\" width=\"500\" height=\"281\" src=\"https:\/\/www.youtube.com\/embed\/0EJRv1xn5yY?feature=oembed\" frameborder=\"0\" allow=\"accelerometer; autoplay; clipboard-write; encrypted-media; gyroscope; picture-in-picture; web-share\" referrerpolicy=\"strict-origin-when-cross-origin\" allowfullscreen><\/iframe><\/div>\n<\/div><\/figure>\n\n\n\n<p><\/p>\n","protected":false},"excerpt":{"rendered":"<p>\u00c9s un programa inspirador d&#8217;activitats que vol fomentar i despertar vocacions tecnol\u00f2giques en estudiants de darrers cursos de Prim\u00e0ria a centres educatius p\u00fablics, concertats i privats.El programa &#8216;Let&#8217;s Go Engineering&#8217; es realitza durant un curs escolar i es compon de diverses fases, al llarg de les quals es realitzen diferents activitats que pretenen despertar la [&hellip;]<\/p>\n","protected":false},"author":4,"featured_media":0,"parent":6161,"menu_order":0,"comment_status":"closed","ping_status":"close","template":"","meta":{"_bbp_topic_count":0,"_bbp_reply_count":0,"_bbp_total_topic_count":0,"_bbp_total_reply_count":0,"_bbp_voice_count":0,"_bbp_anonymous_reply_count":0,"_bbp_topic_count_hidden":0,"_bbp_reply_count_hidden":0,"_bbp_forum_subforum_count":0,"site-sidebar-layout":"default","site-content-layout":"","ast-site-content-layout":"default","site-content-style":"default","site-sidebar-style":"default","ast-global-header-display":"","ast-banner-title-visibility":"","ast-main-header-display":"","ast-hfb-above-header-display":"","ast-hfb-below-header-display":"","ast-hfb-mobile-header-display":"","site-post-title":"","ast-breadcrumbs-content":"","ast-featured-img":"","footer-sml-layout":"","theme-transparent-header-meta":"","adv-header-id-meta":"","stick-header-meta":"","header-above-stick-meta":"","header-main-stick-meta":"","header-below-stick-meta":"","astra-migrate-meta-layouts":"set","ast-page-background-enabled":"default","ast-page-background-meta":{"desktop":{"background-color":"var(--ast-global-color-4)","background-image":"","background-repeat":"repeat","background-position":"center center","background-size":"auto","background-attachment":"scroll","background-type":"","background-media":"","overlay-type":"","overlay-color":"","overlay-opacity":"","overlay-gradient":""},"tablet":{"background-color":"","background-image":"","background-repeat":"repeat","background-position":"center center","background-size":"auto","background-attachment":"scroll","background-type":"","background-media":"","overlay-type":"","overlay-color":"","overlay-opacity":"","overlay-gradient":""},"mobile":{"background-color":"","background-image":"","background-repeat":"repeat","background-position":"center center","background-size":"auto","background-attachment":"scroll","background-type":"","background-media":"","overlay-type":"","overlay-color":"","overlay-opacity":"","overlay-gradient":""}},"ast-content-background-meta":{"desktop":{"background-color":"var(--ast-global-color-5)","background-image":"","background-repeat":"repeat","background-position":"center center","background-size":"auto","background-attachment":"scroll","background-type":"","background-media":"","overlay-type":"","overlay-color":"","overlay-opacity":"","overlay-gradient":""},"tablet":{"background-color":"var(--ast-global-color-5)","background-image":"","background-repeat":"repeat","background-position":"center center","background-size":"auto","background-attachment":"scroll","background-type":"","background-media":"","overlay-type":"","overlay-color":"","overlay-opacity":"","overlay-gradient":""},"mobile":{"background-color":"var(--ast-global-color-5)","background-image":"","background-repeat":"repeat","background-position":"center center","background-size":"auto","background-attachment":"scroll","background-type":"","background-media":"","overlay-type":"","overlay-color":"","overlay-opacity":"","overlay-gradient":""}},"footnotes":""},"class_list":["post-6206","page","type-page","status-publish","hentry"],"post_mailing_queue_ids":[],"_links":{"self":[{"href":"https:\/\/agora.xtec.cat\/escolaelgarrofer\/wp-json\/wp\/v2\/pages\/6206","targetHints":{"allow":["GET"]}}],"collection":[{"href":"https:\/\/agora.xtec.cat\/escolaelgarrofer\/wp-json\/wp\/v2\/pages"}],"about":[{"href":"https:\/\/agora.xtec.cat\/escolaelgarrofer\/wp-json\/wp\/v2\/types\/page"}],"author":[{"embeddable":true,"href":"https:\/\/agora.xtec.cat\/escolaelgarrofer\/wp-json\/wp\/v2\/users\/4"}],"replies":[{"embeddable":true,"href":"https:\/\/agora.xtec.cat\/escolaelgarrofer\/wp-json\/wp\/v2\/comments?post=6206"}],"version-history":[{"count":5,"href":"https:\/\/agora.xtec.cat\/escolaelgarrofer\/wp-json\/wp\/v2\/pages\/6206\/revisions"}],"predecessor-version":[{"id":6333,"href":"https:\/\/agora.xtec.cat\/escolaelgarrofer\/wp-json\/wp\/v2\/pages\/6206\/revisions\/6333"}],"up":[{"embeddable":true,"href":"https:\/\/agora.xtec.cat\/escolaelgarrofer\/wp-json\/wp\/v2\/pages\/6161"}],"wp:attachment":[{"href":"https:\/\/agora.xtec.cat\/escolaelgarrofer\/wp-json\/wp\/v2\/media?parent=6206"}],"curies":[{"name":"wp","href":"https:\/\/api.w.org\/{rel}","templated":true}]}}