{"id":6185,"date":"2026-01-26T13:31:43","date_gmt":"2026-01-26T12:31:43","guid":{"rendered":"https:\/\/agora.xtec.cat\/escolaelgarrofer\/?page_id=6185"},"modified":"2026-01-26T16:14:05","modified_gmt":"2026-01-26T15:14:05","slug":"dia-de-la-dona-i-la-nena-a-la-ciencia","status":"publish","type":"page","link":"https:\/\/agora.xtec.cat\/escolaelgarrofer\/lescola\/linia-pedagogica\/activitats-de-referencia\/dia-de-la-dona-i-la-nena-a-la-ciencia\/","title":{"rendered":"\ud83d\udc69\u200d\ud83d\udd2c 11 de febrer: Dia Internacional de la Dona i la Nena en la Ci\u00e8ncia"},"content":{"rendered":"\n<p>Com a centre comprom\u00e8s amb la innovaci\u00f3 a trav\u00e9s del projecte <strong>STEAMcat<\/strong>, cada curs celebrem aquesta jornada per posar en relleu el paper fonamental de les dones en el m\u00f3n cient\u00edfic i tecnol\u00f2gic.<\/p>\n\n\n\n<p>El nostre objectiu \u00e9s trencar estereotips de g\u00e8nere des de l&#8217;escola i despertar noves vocacions, oferint a l&#8217;alumnat referents femenins que els inspirin a imaginar el seu futur sense l\u00edmits.<\/p>\n\n\n\n<p><strong>Com ho treballem a l&#8217;escola?<\/strong><\/p>\n\n\n\n<p>Al llarg d&#8217;aquesta jornada, adaptem les activitats a cada etapa educativa per tal que tot l&#8217;alumnat pugui participar d&#8217;aquest aprenentatge vivencial:<\/p>\n\n\n\n<ul class=\"wp-block-list\">\n<li><strong>Educaci\u00f3 Infantil i Cicle Inicial:<\/strong> Ens aproximem a la ci\u00e8ncia a trav\u00e9s de la literatura. Mitjan\u00e7ant la lectura de <strong>contes i relats<\/strong>, els m\u00e9s petits descobreixen les hist\u00f2ries de dones pioneres que han fet grans aportacions a la humanitat.<\/li>\n\n\n\n<li><strong>Cicle Mitj\u00e0 i Cicle Superior:<\/strong> Organitzem <strong>xerrades amb professionals en actiu<\/strong>. Comptem amb la visita d&#8217;arquitectes, enginyeres i cient\u00edfiques que comparteixen la seva experi\u00e8ncia laboral i els seus projectes, apropant les professions STEAM a la realitat de l&#8217;aula.<\/li>\n<\/ul>\n","protected":false},"excerpt":{"rendered":"<p>Com a centre comprom\u00e8s amb la innovaci\u00f3 a trav\u00e9s del projecte STEAMcat, cada curs celebrem aquesta jornada per posar en relleu el paper fonamental de les dones en el m\u00f3n cient\u00edfic i tecnol\u00f2gic. El nostre objectiu \u00e9s trencar estereotips de g\u00e8nere des de l&#8217;escola i despertar noves vocacions, oferint a l&#8217;alumnat referents femenins que els [&hellip;]<\/p>\n","protected":false},"author":4,"featured_media":0,"parent":6161,"menu_order":0,"comment_status":"closed","ping_status":"close","template":"","meta":{"_bbp_topic_count":0,"_bbp_reply_count":0,"_bbp_total_topic_count":0,"_bbp_total_reply_count":0,"_bbp_voice_count":0,"_bbp_anonymous_reply_count":0,"_bbp_topic_count_hidden":0,"_bbp_reply_count_hidden":0,"_bbp_forum_subforum_count":0,"site-sidebar-layout":"default","site-content-layout":"","ast-site-content-layout":"default","site-content-style":"default","site-sidebar-style":"default","ast-global-header-display":"","ast-banner-title-visibility":"","ast-main-header-display":"","ast-hfb-above-header-display":"","ast-hfb-below-header-display":"","ast-hfb-mobile-header-display":"","site-post-title":"","ast-breadcrumbs-content":"","ast-featured-img":"","footer-sml-layout":"","theme-transparent-header-meta":"","adv-header-id-meta":"","stick-header-meta":"","header-above-stick-meta":"","header-main-stick-meta":"","header-below-stick-meta":"","astra-migrate-meta-layouts":"set","ast-page-background-enabled":"default","ast-page-background-meta":{"desktop":{"background-color":"var(--ast-global-color-4)","background-image":"","background-repeat":"repeat","background-position":"center center","background-size":"auto","background-attachment":"scroll","background-type":"","background-media":"","overlay-type":"","overlay-color":"","overlay-opacity":"","overlay-gradient":""},"tablet":{"background-color":"","background-image":"","background-repeat":"repeat","background-position":"center center","background-size":"auto","background-attachment":"scroll","background-type":"","background-media":"","overlay-type":"","overlay-color":"","overlay-opacity":"","overlay-gradient":""},"mobile":{"background-color":"","background-image":"","background-repeat":"repeat","background-position":"center center","background-size":"auto","background-attachment":"scroll","background-type":"","background-media":"","overlay-type":"","overlay-color":"","overlay-opacity":"","overlay-gradient":""}},"ast-content-background-meta":{"desktop":{"background-color":"var(--ast-global-color-5)","background-image":"","background-repeat":"repeat","background-position":"center center","background-size":"auto","background-attachment":"scroll","background-type":"","background-media":"","overlay-type":"","overlay-color":"","overlay-opacity":"","overlay-gradient":""},"tablet":{"background-color":"var(--ast-global-color-5)","background-image":"","background-repeat":"repeat","background-position":"center center","background-size":"auto","background-attachment":"scroll","background-type":"","background-media":"","overlay-type":"","overlay-color":"","overlay-opacity":"","overlay-gradient":""},"mobile":{"background-color":"var(--ast-global-color-5)","background-image":"","background-repeat":"repeat","background-position":"center center","background-size":"auto","background-attachment":"scroll","background-type":"","background-media":"","overlay-type":"","overlay-color":"","overlay-opacity":"","overlay-gradient":""}},"footnotes":""},"class_list":["post-6185","page","type-page","status-publish","hentry"],"post_mailing_queue_ids":[],"_links":{"self":[{"href":"https:\/\/agora.xtec.cat\/escolaelgarrofer\/wp-json\/wp\/v2\/pages\/6185","targetHints":{"allow":["GET"]}}],"collection":[{"href":"https:\/\/agora.xtec.cat\/escolaelgarrofer\/wp-json\/wp\/v2\/pages"}],"about":[{"href":"https:\/\/agora.xtec.cat\/escolaelgarrofer\/wp-json\/wp\/v2\/types\/page"}],"author":[{"embeddable":true,"href":"https:\/\/agora.xtec.cat\/escolaelgarrofer\/wp-json\/wp\/v2\/users\/4"}],"replies":[{"embeddable":true,"href":"https:\/\/agora.xtec.cat\/escolaelgarrofer\/wp-json\/wp\/v2\/comments?post=6185"}],"version-history":[{"count":2,"href":"https:\/\/agora.xtec.cat\/escolaelgarrofer\/wp-json\/wp\/v2\/pages\/6185\/revisions"}],"predecessor-version":[{"id":6216,"href":"https:\/\/agora.xtec.cat\/escolaelgarrofer\/wp-json\/wp\/v2\/pages\/6185\/revisions\/6216"}],"up":[{"embeddable":true,"href":"https:\/\/agora.xtec.cat\/escolaelgarrofer\/wp-json\/wp\/v2\/pages\/6161"}],"wp:attachment":[{"href":"https:\/\/agora.xtec.cat\/escolaelgarrofer\/wp-json\/wp\/v2\/media?parent=6185"}],"curies":[{"name":"wp","href":"https:\/\/api.w.org\/{rel}","templated":true}]}}