{"id":6183,"date":"2026-01-26T13:30:46","date_gmt":"2026-01-26T12:30:46","guid":{"rendered":"https:\/\/agora.xtec.cat\/escolaelgarrofer\/?page_id=6183"},"modified":"2026-01-26T16:16:54","modified_gmt":"2026-01-26T15:16:54","slug":"science-bits","status":"publish","type":"page","link":"https:\/\/agora.xtec.cat\/escolaelgarrofer\/lescola\/linia-pedagogica\/activitats-de-referencia\/science-bits\/","title":{"rendered":"\ud83e\uddea Science Bits: Investiguem com cient\u00edfics i cient\u00edfiques"},"content":{"rendered":"\n<p>A l&#8217;escola, l&#8217;estudi de les ci\u00e8ncies naturals fa un salt qualitatiu amb <strong>Science Bits<\/strong>, una plataforma digital d&#8217;\u00faltima generaci\u00f3 que transforma l&#8217;aula en un aut\u00e8ntic laboratori d&#8217;idees.<\/p>\n\n\n\n<p><strong>Com aprenem? El model de les 5E<\/strong><\/p>\n\n\n\n<p>A difer\u00e8ncia de les lli\u00e7ons tradicionals, el nostre m\u00e8tode es basa en el <strong>constructivisme<\/strong>, un model d&#8217;aprenentatge on l&#8217;alumnat \u00e9s el protagonista del seu propi descobriment a trav\u00e9s d&#8217;aquests passos:<\/p>\n\n\n\n<ol start=\"1\" class=\"wp-block-list\">\n<li><strong>Indaguem:<\/strong> Plantegem un problema real per despertar la curiositat.<\/li>\n\n\n\n<li><strong>Explorem i investiguem:<\/strong> Utilitzem els <strong>Chromebooks<\/strong> i les eines del <strong>laboratori<\/strong> per fer experiments i deduir respostes.<\/li>\n\n\n\n<li><strong>Expliquem:<\/strong> Posem en com\u00fa les troballes amb el mestre o la mestra.<\/li>\n\n\n\n<li><strong>Relacionem:<\/strong> Connectem els nostres descobriments amb les lleis i teories cient\u00edfiques universals.<\/li>\n<\/ol>\n\n\n\n<p><strong>Tecnologia i experimentaci\u00f3<\/strong><\/p>\n\n\n\n<p>Gr\u00e0cies als <strong>recorreguts digitals interactius<\/strong> de Science Bits, l&#8217;alumnat pot visualitzar fen\u00f2mens complexos i interactuar amb els continguts. Aquesta combinaci\u00f3 entre entorn digital i experimentaci\u00f3 pr\u00e0ctica fomenta el <strong>raonament cr\u00edtic<\/strong> i prepara els nostres nens i nenes per entendre el m\u00f3n amb una mirada cient\u00edfica.<\/p>\n\n\n\n<p>Aqu\u00ed tens unes propostes de t\u00edtols i la maquetaci\u00f3 del text per a la web, enfocant l&#8217;angl\u00e8s no com una assignatura, sin\u00f3 com una finestra al m\u00f3n.<\/p>\n","protected":false},"excerpt":{"rendered":"<p>A l&#8217;escola, l&#8217;estudi de les ci\u00e8ncies naturals fa un salt qualitatiu amb Science Bits, una plataforma digital d&#8217;\u00faltima generaci\u00f3 que transforma l&#8217;aula en un aut\u00e8ntic laboratori d&#8217;idees. Com aprenem? El model de les 5E A difer\u00e8ncia de les lli\u00e7ons tradicionals, el nostre m\u00e8tode es basa en el constructivisme, un model d&#8217;aprenentatge on l&#8217;alumnat \u00e9s el [&hellip;]<\/p>\n","protected":false},"author":4,"featured_media":0,"parent":6161,"menu_order":0,"comment_status":"closed","ping_status":"close","template":"","meta":{"_bbp_topic_count":0,"_bbp_reply_count":0,"_bbp_total_topic_count":0,"_bbp_total_reply_count":0,"_bbp_voice_count":0,"_bbp_anonymous_reply_count":0,"_bbp_topic_count_hidden":0,"_bbp_reply_count_hidden":0,"_bbp_forum_subforum_count":0,"site-sidebar-layout":"default","site-content-layout":"","ast-site-content-layout":"default","site-content-style":"default","site-sidebar-style":"default","ast-global-header-display":"","ast-banner-title-visibility":"","ast-main-header-display":"","ast-hfb-above-header-display":"","ast-hfb-below-header-display":"","ast-hfb-mobile-header-display":"","site-post-title":"","ast-breadcrumbs-content":"","ast-featured-img":"","footer-sml-layout":"","theme-transparent-header-meta":"","adv-header-id-meta":"","stick-header-meta":"","header-above-stick-meta":"","header-main-stick-meta":"","header-below-stick-meta":"","astra-migrate-meta-layouts":"set","ast-page-background-enabled":"default","ast-page-background-meta":{"desktop":{"background-color":"var(--ast-global-color-4)","background-image":"","background-repeat":"repeat","background-position":"center center","background-size":"auto","background-attachment":"scroll","background-type":"","background-media":"","overlay-type":"","overlay-color":"","overlay-opacity":"","overlay-gradient":""},"tablet":{"background-color":"","background-image":"","background-repeat":"repeat","background-position":"center center","background-size":"auto","background-attachment":"scroll","background-type":"","background-media":"","overlay-type":"","overlay-color":"","overlay-opacity":"","overlay-gradient":""},"mobile":{"background-color":"","background-image":"","background-repeat":"repeat","background-position":"center center","background-size":"auto","background-attachment":"scroll","background-type":"","background-media":"","overlay-type":"","overlay-color":"","overlay-opacity":"","overlay-gradient":""}},"ast-content-background-meta":{"desktop":{"background-color":"var(--ast-global-color-5)","background-image":"","background-repeat":"repeat","background-position":"center center","background-size":"auto","background-attachment":"scroll","background-type":"","background-media":"","overlay-type":"","overlay-color":"","overlay-opacity":"","overlay-gradient":""},"tablet":{"background-color":"var(--ast-global-color-5)","background-image":"","background-repeat":"repeat","background-position":"center center","background-size":"auto","background-attachment":"scroll","background-type":"","background-media":"","overlay-type":"","overlay-color":"","overlay-opacity":"","overlay-gradient":""},"mobile":{"background-color":"var(--ast-global-color-5)","background-image":"","background-repeat":"repeat","background-position":"center center","background-size":"auto","background-attachment":"scroll","background-type":"","background-media":"","overlay-type":"","overlay-color":"","overlay-opacity":"","overlay-gradient":""}},"footnotes":""},"class_list":["post-6183","page","type-page","status-publish","hentry"],"post_mailing_queue_ids":[],"_links":{"self":[{"href":"https:\/\/agora.xtec.cat\/escolaelgarrofer\/wp-json\/wp\/v2\/pages\/6183","targetHints":{"allow":["GET"]}}],"collection":[{"href":"https:\/\/agora.xtec.cat\/escolaelgarrofer\/wp-json\/wp\/v2\/pages"}],"about":[{"href":"https:\/\/agora.xtec.cat\/escolaelgarrofer\/wp-json\/wp\/v2\/types\/page"}],"author":[{"embeddable":true,"href":"https:\/\/agora.xtec.cat\/escolaelgarrofer\/wp-json\/wp\/v2\/users\/4"}],"replies":[{"embeddable":true,"href":"https:\/\/agora.xtec.cat\/escolaelgarrofer\/wp-json\/wp\/v2\/comments?post=6183"}],"version-history":[{"count":2,"href":"https:\/\/agora.xtec.cat\/escolaelgarrofer\/wp-json\/wp\/v2\/pages\/6183\/revisions"}],"predecessor-version":[{"id":6220,"href":"https:\/\/agora.xtec.cat\/escolaelgarrofer\/wp-json\/wp\/v2\/pages\/6183\/revisions\/6220"}],"up":[{"embeddable":true,"href":"https:\/\/agora.xtec.cat\/escolaelgarrofer\/wp-json\/wp\/v2\/pages\/6161"}],"wp:attachment":[{"href":"https:\/\/agora.xtec.cat\/escolaelgarrofer\/wp-json\/wp\/v2\/media?parent=6183"}],"curies":[{"name":"wp","href":"https:\/\/api.w.org\/{rel}","templated":true}]}}