{"id":6177,"date":"2026-01-26T13:29:50","date_gmt":"2026-01-26T12:29:50","guid":{"rendered":"https:\/\/agora.xtec.cat\/escolaelgarrofer\/?page_id=6177"},"modified":"2026-01-26T16:19:22","modified_gmt":"2026-01-26T15:19:22","slug":"programa-si","status":"publish","type":"page","link":"https:\/\/agora.xtec.cat\/escolaelgarrofer\/lescola\/linia-pedagogica\/activitats-de-referencia\/programa-si\/","title":{"rendered":"\u2764\ufe0f Programa SI!: Creixem sans i feli\u00e7os a Infantil"},"content":{"rendered":"\n<p>A l&#8217;Escola El Garrofer sabem que els h\u00e0bits que s&#8217;adquireixen durant la primera inf\u00e0ncia duren tota la vida. Per aix\u00f2, a les classes d&#8217;<strong>I3, I4 i I5<\/strong> implementem el <strong>Programa SI! (Salut Integral)<\/strong>, un projecte educatiu que ensenya als m\u00e9s petits a prendre decisions saludables de manera divertida.<\/p>\n","protected":false},"excerpt":{"rendered":"<p>A l&#8217;Escola El Garrofer sabem que els h\u00e0bits que s&#8217;adquireixen durant la primera inf\u00e0ncia duren tota la vida. Per aix\u00f2, a les classes d&#8217;I3, I4 i I5 implementem el Programa SI! (Salut Integral), un projecte educatiu que ensenya als m\u00e9s petits a prendre decisions saludables de manera divertida.<\/p>\n","protected":false},"author":4,"featured_media":0,"parent":6161,"menu_order":0,"comment_status":"closed","ping_status":"close","template":"","meta":{"_bbp_topic_count":0,"_bbp_reply_count":0,"_bbp_total_topic_count":0,"_bbp_total_reply_count":0,"_bbp_voice_count":0,"_bbp_anonymous_reply_count":0,"_bbp_topic_count_hidden":0,"_bbp_reply_count_hidden":0,"_bbp_forum_subforum_count":0,"site-sidebar-layout":"default","site-content-layout":"","ast-site-content-layout":"default","site-content-style":"default","site-sidebar-style":"default","ast-global-header-display":"","ast-banner-title-visibility":"","ast-main-header-display":"","ast-hfb-above-header-display":"","ast-hfb-below-header-display":"","ast-hfb-mobile-header-display":"","site-post-title":"","ast-breadcrumbs-content":"","ast-featured-img":"","footer-sml-layout":"","theme-transparent-header-meta":"","adv-header-id-meta":"","stick-header-meta":"","header-above-stick-meta":"","header-main-stick-meta":"","header-below-stick-meta":"","astra-migrate-meta-layouts":"set","ast-page-background-enabled":"default","ast-page-background-meta":{"desktop":{"background-color":"var(--ast-global-color-4)","background-image":"","background-repeat":"repeat","background-position":"center center","background-size":"auto","background-attachment":"scroll","background-type":"","background-media":"","overlay-type":"","overlay-color":"","overlay-opacity":"","overlay-gradient":""},"tablet":{"background-color":"","background-image":"","background-repeat":"repeat","background-position":"center center","background-size":"auto","background-attachment":"scroll","background-type":"","background-media":"","overlay-type":"","overlay-color":"","overlay-opacity":"","overlay-gradient":""},"mobile":{"background-color":"","background-image":"","background-repeat":"repeat","background-position":"center center","background-size":"auto","background-attachment":"scroll","background-type":"","background-media":"","overlay-type":"","overlay-color":"","overlay-opacity":"","overlay-gradient":""}},"ast-content-background-meta":{"desktop":{"background-color":"var(--ast-global-color-5)","background-image":"","background-repeat":"repeat","background-position":"center center","background-size":"auto","background-attachment":"scroll","background-type":"","background-media":"","overlay-type":"","overlay-color":"","overlay-opacity":"","overlay-gradient":""},"tablet":{"background-color":"var(--ast-global-color-5)","background-image":"","background-repeat":"repeat","background-position":"center center","background-size":"auto","background-attachment":"scroll","background-type":"","background-media":"","overlay-type":"","overlay-color":"","overlay-opacity":"","overlay-gradient":""},"mobile":{"background-color":"var(--ast-global-color-5)","background-image":"","background-repeat":"repeat","background-position":"center center","background-size":"auto","background-attachment":"scroll","background-type":"","background-media":"","overlay-type":"","overlay-color":"","overlay-opacity":"","overlay-gradient":""}},"footnotes":""},"class_list":["post-6177","page","type-page","status-publish","hentry"],"post_mailing_queue_ids":[],"_links":{"self":[{"href":"https:\/\/agora.xtec.cat\/escolaelgarrofer\/wp-json\/wp\/v2\/pages\/6177","targetHints":{"allow":["GET"]}}],"collection":[{"href":"https:\/\/agora.xtec.cat\/escolaelgarrofer\/wp-json\/wp\/v2\/pages"}],"about":[{"href":"https:\/\/agora.xtec.cat\/escolaelgarrofer\/wp-json\/wp\/v2\/types\/page"}],"author":[{"embeddable":true,"href":"https:\/\/agora.xtec.cat\/escolaelgarrofer\/wp-json\/wp\/v2\/users\/4"}],"replies":[{"embeddable":true,"href":"https:\/\/agora.xtec.cat\/escolaelgarrofer\/wp-json\/wp\/v2\/comments?post=6177"}],"version-history":[{"count":2,"href":"https:\/\/agora.xtec.cat\/escolaelgarrofer\/wp-json\/wp\/v2\/pages\/6177\/revisions"}],"predecessor-version":[{"id":6222,"href":"https:\/\/agora.xtec.cat\/escolaelgarrofer\/wp-json\/wp\/v2\/pages\/6177\/revisions\/6222"}],"up":[{"embeddable":true,"href":"https:\/\/agora.xtec.cat\/escolaelgarrofer\/wp-json\/wp\/v2\/pages\/6161"}],"wp:attachment":[{"href":"https:\/\/agora.xtec.cat\/escolaelgarrofer\/wp-json\/wp\/v2\/media?parent=6177"}],"curies":[{"name":"wp","href":"https:\/\/api.w.org\/{rel}","templated":true}]}}