{"id":6171,"date":"2026-01-26T13:29:06","date_gmt":"2026-01-26T12:29:06","guid":{"rendered":"https:\/\/agora.xtec.cat\/escolaelgarrofer\/?page_id=6171"},"modified":"2026-02-09T13:19:44","modified_gmt":"2026-02-09T12:19:44","slug":"mostra-de-teatre","status":"publish","type":"page","link":"https:\/\/agora.xtec.cat\/escolaelgarrofer\/lescola\/linia-pedagogica\/activitats-de-referencia\/mostra-de-teatre\/","title":{"rendered":"\ud83c\udfad Som teatre: L&#8217;art de comunicar i cr\u00e9ixer"},"content":{"rendered":"\n<p><strong>Expressi\u00f3 i confian\u00e7a a l&#8217;Atrium de Viladecans<\/strong><\/p>\n\n\n\n<p>Pujar a l&#8217;escenari \u00e9s una experi\u00e8ncia transformadora per a l&#8217;alumnat de 5\u00e8. Mitjan\u00e7ant el teatre, i amb l&#8217;ajuda de l&#8217;<strong>Ateneu de les Arts<\/strong>, treballem la cohesi\u00f3 de grup i les capacitats comunicatives, ajudant els infants a expressar emocions i a guanyar seguretat en s\u00ed mateixos. <\/p>\n\n\n\n<p>El projecte culmina amb una representaci\u00f3 molt especial a l\u2019<strong>Atrium de Viladecans<\/strong>, on les fam\u00edlies poden gaudir del talent i l&#8217;esfor\u00e7 col\u00b7lectiu d&#8217;aquest gran equip.<\/p>\n\n\n\n<div style=\"position: relative; width: 100%; height: 0; padding-top: 56.2500%; padding-bottom: 0; box-shadow: 0 2px 8px 0 rgba(63,69,81,0.16); margin-top: 1.6em; margin-bottom: 0.9em; overflow: hidden; border-radius: 8px; will-change: transform;\"><iframe style=\"position: absolute; width: 100%; height: 100%; top: 0; left: 0; border: none; padding: 0; margin: 0;\" src=\"https:\/\/www.canva.com\/design\/DAGpkattDsI\/Mp9GXiBnVhfTGaJxT_eWuQ\/watch?embed\" allowfullscreen=\"allowfullscreen\"><br \/><\/iframe><\/div>\n","protected":false},"excerpt":{"rendered":"<p>Expressi\u00f3 i confian\u00e7a a l&#8217;Atrium de Viladecans Pujar a l&#8217;escenari \u00e9s una experi\u00e8ncia transformadora per a l&#8217;alumnat de 5\u00e8. Mitjan\u00e7ant el teatre, i amb l&#8217;ajuda de l&#8217;Ateneu de les Arts, treballem la cohesi\u00f3 de grup i les capacitats comunicatives, ajudant els infants a expressar emocions i a guanyar seguretat en s\u00ed mateixos. El projecte culmina [&hellip;]<\/p>\n","protected":false},"author":4,"featured_media":0,"parent":6161,"menu_order":0,"comment_status":"closed","ping_status":"close","template":"","meta":{"_bbp_topic_count":0,"_bbp_reply_count":0,"_bbp_total_topic_count":0,"_bbp_total_reply_count":0,"_bbp_voice_count":0,"_bbp_anonymous_reply_count":0,"_bbp_topic_count_hidden":0,"_bbp_reply_count_hidden":0,"_bbp_forum_subforum_count":0,"site-sidebar-layout":"default","site-content-layout":"","ast-site-content-layout":"default","site-content-style":"default","site-sidebar-style":"default","ast-global-header-display":"","ast-banner-title-visibility":"","ast-main-header-display":"","ast-hfb-above-header-display":"","ast-hfb-below-header-display":"","ast-hfb-mobile-header-display":"","site-post-title":"","ast-breadcrumbs-content":"","ast-featured-img":"","footer-sml-layout":"","theme-transparent-header-meta":"","adv-header-id-meta":"","stick-header-meta":"","header-above-stick-meta":"","header-main-stick-meta":"","header-below-stick-meta":"","astra-migrate-meta-layouts":"set","ast-page-background-enabled":"default","ast-page-background-meta":{"desktop":{"background-color":"var(--ast-global-color-4)","background-image":"","background-repeat":"repeat","background-position":"center center","background-size":"auto","background-attachment":"scroll","background-type":"","background-media":"","overlay-type":"","overlay-color":"","overlay-opacity":"","overlay-gradient":""},"tablet":{"background-color":"","background-image":"","background-repeat":"repeat","background-position":"center center","background-size":"auto","background-attachment":"scroll","background-type":"","background-media":"","overlay-type":"","overlay-color":"","overlay-opacity":"","overlay-gradient":""},"mobile":{"background-color":"","background-image":"","background-repeat":"repeat","background-position":"center center","background-size":"auto","background-attachment":"scroll","background-type":"","background-media":"","overlay-type":"","overlay-color":"","overlay-opacity":"","overlay-gradient":""}},"ast-content-background-meta":{"desktop":{"background-color":"var(--ast-global-color-5)","background-image":"","background-repeat":"repeat","background-position":"center center","background-size":"auto","background-attachment":"scroll","background-type":"","background-media":"","overlay-type":"","overlay-color":"","overlay-opacity":"","overlay-gradient":""},"tablet":{"background-color":"var(--ast-global-color-5)","background-image":"","background-repeat":"repeat","background-position":"center center","background-size":"auto","background-attachment":"scroll","background-type":"","background-media":"","overlay-type":"","overlay-color":"","overlay-opacity":"","overlay-gradient":""},"mobile":{"background-color":"var(--ast-global-color-5)","background-image":"","background-repeat":"repeat","background-position":"center center","background-size":"auto","background-attachment":"scroll","background-type":"","background-media":"","overlay-type":"","overlay-color":"","overlay-opacity":"","overlay-gradient":""}},"footnotes":""},"class_list":["post-6171","page","type-page","status-publish","hentry"],"post_mailing_queue_ids":[],"_links":{"self":[{"href":"https:\/\/agora.xtec.cat\/escolaelgarrofer\/wp-json\/wp\/v2\/pages\/6171","targetHints":{"allow":["GET"]}}],"collection":[{"href":"https:\/\/agora.xtec.cat\/escolaelgarrofer\/wp-json\/wp\/v2\/pages"}],"about":[{"href":"https:\/\/agora.xtec.cat\/escolaelgarrofer\/wp-json\/wp\/v2\/types\/page"}],"author":[{"embeddable":true,"href":"https:\/\/agora.xtec.cat\/escolaelgarrofer\/wp-json\/wp\/v2\/users\/4"}],"replies":[{"embeddable":true,"href":"https:\/\/agora.xtec.cat\/escolaelgarrofer\/wp-json\/wp\/v2\/comments?post=6171"}],"version-history":[{"count":4,"href":"https:\/\/agora.xtec.cat\/escolaelgarrofer\/wp-json\/wp\/v2\/pages\/6171\/revisions"}],"predecessor-version":[{"id":6304,"href":"https:\/\/agora.xtec.cat\/escolaelgarrofer\/wp-json\/wp\/v2\/pages\/6171\/revisions\/6304"}],"up":[{"embeddable":true,"href":"https:\/\/agora.xtec.cat\/escolaelgarrofer\/wp-json\/wp\/v2\/pages\/6161"}],"wp:attachment":[{"href":"https:\/\/agora.xtec.cat\/escolaelgarrofer\/wp-json\/wp\/v2\/media?parent=6171"}],"curies":[{"name":"wp","href":"https:\/\/api.w.org\/{rel}","templated":true}]}}