{"id":6169,"date":"2026-01-26T13:28:35","date_gmt":"2026-01-26T12:28:35","guid":{"rendered":"https:\/\/agora.xtec.cat\/escolaelgarrofer\/?page_id=6169"},"modified":"2026-01-26T16:12:45","modified_gmt":"2026-01-26T15:12:45","slug":"sortida-emocional","status":"publish","type":"page","link":"https:\/\/agora.xtec.cat\/escolaelgarrofer\/lescola\/linia-pedagogica\/activitats-de-referencia\/sortida-emocional\/","title":{"rendered":"\ud83e\udded Emocions en ruta: El nostre gran inici a &#8220;La Granja&#8221;"},"content":{"rendered":"\n<p>A l\u2019Escola El Garrofer tenim una premissa clara: <strong>per aprendre, primer cal sentir-se b\u00e9.<\/strong> Amb aquesta filosofia, cada inici de curs convertim la sortida a <strong>La Granja (Ability Training Center)<\/strong> en un dels moments m\u00e9s esperats i fonamentals del nostre projecte educatiu.<\/p>\n\n\n\n<p><strong>Per qu\u00e8 triem el mes d&#8217;octubre?<\/strong><\/p>\n\n\n\n<p>No \u00e9s casualitat que aquesta jornada es faci durant el primer trimestre. Realitzar-la a l&#8217;inici de curs ens permet posar les bases de tot l&#8217;any acad\u00e8mic:<\/p>\n\n\n\n<ul class=\"wp-block-list\">\n<li><strong>Enfortir els vincles:<\/strong> Creem connexions reals i profundes entre l&#8217;alumnat des del primer dia, fora de l&#8217;entorn de l&#8217;aula.<\/li>\n\n\n\n<li><strong>Millorar el clima d&#8217;aula:<\/strong> Establim din\u00e0miques de respecte i col\u00b7laboraci\u00f3 que faciliten l&#8217;aprenentatge i la conviv\u00e8ncia durant la resta del curs.<\/li>\n\n\n\n<li><strong>Treballar valors:<\/strong> Abordem compet\u00e8ncies emocionals clau \u2014com l&#8217;empatia, la valentia i la cooperaci\u00f3\u2014 d&#8217;una manera totalment <strong>vivencial i l\u00fadica<\/strong>.<\/li>\n\n\n\n<li><strong>Una inversi\u00f3 en benestar:<\/strong> Gr\u00e0cies a aquesta sortida, els grups tornen m\u00e9s units i amb les eines necess\u00e0ries per afrontar els reptes del curs amb una actitud positiva i cohesionada.<\/li>\n<\/ul>\n","protected":false},"excerpt":{"rendered":"<p>A l\u2019Escola El Garrofer tenim una premissa clara: per aprendre, primer cal sentir-se b\u00e9. Amb aquesta filosofia, cada inici de curs convertim la sortida a La Granja (Ability Training Center) en un dels moments m\u00e9s esperats i fonamentals del nostre projecte educatiu. Per qu\u00e8 triem el mes d&#8217;octubre? No \u00e9s casualitat que aquesta jornada es [&hellip;]<\/p>\n","protected":false},"author":4,"featured_media":0,"parent":6161,"menu_order":0,"comment_status":"closed","ping_status":"close","template":"","meta":{"_bbp_topic_count":0,"_bbp_reply_count":0,"_bbp_total_topic_count":0,"_bbp_total_reply_count":0,"_bbp_voice_count":0,"_bbp_anonymous_reply_count":0,"_bbp_topic_count_hidden":0,"_bbp_reply_count_hidden":0,"_bbp_forum_subforum_count":0,"site-sidebar-layout":"default","site-content-layout":"","ast-site-content-layout":"default","site-content-style":"default","site-sidebar-style":"default","ast-global-header-display":"","ast-banner-title-visibility":"","ast-main-header-display":"","ast-hfb-above-header-display":"","ast-hfb-below-header-display":"","ast-hfb-mobile-header-display":"","site-post-title":"","ast-breadcrumbs-content":"","ast-featured-img":"","footer-sml-layout":"","theme-transparent-header-meta":"","adv-header-id-meta":"","stick-header-meta":"","header-above-stick-meta":"","header-main-stick-meta":"","header-below-stick-meta":"","astra-migrate-meta-layouts":"set","ast-page-background-enabled":"default","ast-page-background-meta":{"desktop":{"background-color":"var(--ast-global-color-4)","background-image":"","background-repeat":"repeat","background-position":"center center","background-size":"auto","background-attachment":"scroll","background-type":"","background-media":"","overlay-type":"","overlay-color":"","overlay-opacity":"","overlay-gradient":""},"tablet":{"background-color":"","background-image":"","background-repeat":"repeat","background-position":"center center","background-size":"auto","background-attachment":"scroll","background-type":"","background-media":"","overlay-type":"","overlay-color":"","overlay-opacity":"","overlay-gradient":""},"mobile":{"background-color":"","background-image":"","background-repeat":"repeat","background-position":"center center","background-size":"auto","background-attachment":"scroll","background-type":"","background-media":"","overlay-type":"","overlay-color":"","overlay-opacity":"","overlay-gradient":""}},"ast-content-background-meta":{"desktop":{"background-color":"var(--ast-global-color-5)","background-image":"","background-repeat":"repeat","background-position":"center center","background-size":"auto","background-attachment":"scroll","background-type":"","background-media":"","overlay-type":"","overlay-color":"","overlay-opacity":"","overlay-gradient":""},"tablet":{"background-color":"var(--ast-global-color-5)","background-image":"","background-repeat":"repeat","background-position":"center center","background-size":"auto","background-attachment":"scroll","background-type":"","background-media":"","overlay-type":"","overlay-color":"","overlay-opacity":"","overlay-gradient":""},"mobile":{"background-color":"var(--ast-global-color-5)","background-image":"","background-repeat":"repeat","background-position":"center center","background-size":"auto","background-attachment":"scroll","background-type":"","background-media":"","overlay-type":"","overlay-color":"","overlay-opacity":"","overlay-gradient":""}},"footnotes":""},"class_list":["post-6169","page","type-page","status-publish","hentry"],"post_mailing_queue_ids":[],"_links":{"self":[{"href":"https:\/\/agora.xtec.cat\/escolaelgarrofer\/wp-json\/wp\/v2\/pages\/6169","targetHints":{"allow":["GET"]}}],"collection":[{"href":"https:\/\/agora.xtec.cat\/escolaelgarrofer\/wp-json\/wp\/v2\/pages"}],"about":[{"href":"https:\/\/agora.xtec.cat\/escolaelgarrofer\/wp-json\/wp\/v2\/types\/page"}],"author":[{"embeddable":true,"href":"https:\/\/agora.xtec.cat\/escolaelgarrofer\/wp-json\/wp\/v2\/users\/4"}],"replies":[{"embeddable":true,"href":"https:\/\/agora.xtec.cat\/escolaelgarrofer\/wp-json\/wp\/v2\/comments?post=6169"}],"version-history":[{"count":2,"href":"https:\/\/agora.xtec.cat\/escolaelgarrofer\/wp-json\/wp\/v2\/pages\/6169\/revisions"}],"predecessor-version":[{"id":6215,"href":"https:\/\/agora.xtec.cat\/escolaelgarrofer\/wp-json\/wp\/v2\/pages\/6169\/revisions\/6215"}],"up":[{"embeddable":true,"href":"https:\/\/agora.xtec.cat\/escolaelgarrofer\/wp-json\/wp\/v2\/pages\/6161"}],"wp:attachment":[{"href":"https:\/\/agora.xtec.cat\/escolaelgarrofer\/wp-json\/wp\/v2\/media?parent=6169"}],"curies":[{"name":"wp","href":"https:\/\/api.w.org\/{rel}","templated":true}]}}