{"id":6166,"date":"2026-01-26T13:27:59","date_gmt":"2026-01-26T12:27:59","guid":{"rendered":"https:\/\/agora.xtec.cat\/escolaelgarrofer\/?page_id=6166"},"modified":"2026-02-09T13:04:45","modified_gmt":"2026-02-09T12:04:45","slug":"hort-escolar","status":"publish","type":"page","link":"https:\/\/agora.xtec.cat\/escolaelgarrofer\/lescola\/linia-pedagogica\/activitats-de-referencia\/hort-escolar\/","title":{"rendered":"\ud83c\udf31 Mans a la terra: El nostre laboratori viu"},"content":{"rendered":"\n<p><\/p>\n\n\n\n<p><strong>L&#8217;aprenentatge vivencial de 3r de Prim\u00e0ria<\/strong><\/p>\n\n\n\n<p>L&#8217;hort de l&#8217;escola \u00e9s molt m\u00e9s que un espai de cultiu; \u00e9s una aula a l&#8217;aire lliure on el coneixement creix de manera natural. Aquesta activitat transversal permet que l&#8217;alumnat de <strong>3r de Prim\u00e0ria<\/strong> aprengui ci\u00e8ncies, matem\u00e0tiques i valors a trav\u00e9s de l&#8217;experi\u00e8ncia directa i la manipulaci\u00f3.<\/p>\n\n\n\n<p><strong>Qu\u00e8 fem a l&#8217;hort?<\/strong><\/p>\n\n\n\n<p>Al llarg del curs, els infants es converteixen en petits pagesos i pageses seguint tot el cicle de la vida:<\/p>\n\n\n\n<ul class=\"wp-block-list\">\n<li><strong>Preparaci\u00f3 i plantada:<\/strong> Aprenem a cuidar el s\u00f2l i a triar les llavors adequades.<\/li>\n\n\n\n<li><strong>Cura i observaci\u00f3:<\/strong> Reguem, traiem les herbes i observem amb paci\u00e8ncia com es desenvolupa cada planta.<\/li>\n\n\n\n<li><strong>Recerca i descoberta:<\/strong> Investiguem els insectes, el clima i les necessitats dels vegetals d&#8217;una manera motivadora i significativa.<\/li>\n<\/ul>\n\n\n\n<div style=\"position: relative; width: 100%; height: 0; padding-top: 56.2500%;\n padding-bottom: 0; box-shadow: 0 2px 8px 0 rgba(63,69,81,0.16); margin-top: 1.6em; margin-bottom: 0.9em; overflow: hidden;\n border-radius: 8px; will-change: transform;\">\n  <iframe loading=\"lazy\" style=\"position: absolute; width: 100%; height: 100%; top: 0; left: 0; border: none; padding: 0;margin: 0;\"\n    src=\"https:\/\/www.canva.com\/design\/DAG24DqEPd8\/K5kN6cHLpalUjpcSfBM9bA\/watch?embed\" allowfullscreen=\"allowfullscreen\" allow=\"fullscreen\">\n  <\/iframe>\n<\/div>\n<a href=\"https:&#x2F;&#x2F;www.canva.com&#x2F;design&#x2F;DAG24DqEPd8&#x2F;K5kN6cHLpalUjpcSfBM9bA&#x2F;watch?utm_content=DAG24DqEPd8&amp;utm_campaign=designshare&amp;utm_medium=embeds&amp;utm_source=link\" target=\"_blank\" rel=\"noopener\">\n\n\n\n<p><\/p>\n","protected":false},"excerpt":{"rendered":"<p>L&#8217;aprenentatge vivencial de 3r de Prim\u00e0ria L&#8217;hort de l&#8217;escola \u00e9s molt m\u00e9s que un espai de cultiu; \u00e9s una aula a l&#8217;aire lliure on el coneixement creix de manera natural. Aquesta activitat transversal permet que l&#8217;alumnat de 3r de Prim\u00e0ria aprengui ci\u00e8ncies, matem\u00e0tiques i valors a trav\u00e9s de l&#8217;experi\u00e8ncia directa i la manipulaci\u00f3. Qu\u00e8 fem [&hellip;]<\/p>\n","protected":false},"author":4,"featured_media":0,"parent":6161,"menu_order":0,"comment_status":"closed","ping_status":"close","template":"","meta":{"_bbp_topic_count":0,"_bbp_reply_count":0,"_bbp_total_topic_count":0,"_bbp_total_reply_count":0,"_bbp_voice_count":0,"_bbp_anonymous_reply_count":0,"_bbp_topic_count_hidden":0,"_bbp_reply_count_hidden":0,"_bbp_forum_subforum_count":0,"site-sidebar-layout":"default","site-content-layout":"","ast-site-content-layout":"default","site-content-style":"default","site-sidebar-style":"default","ast-global-header-display":"","ast-banner-title-visibility":"","ast-main-header-display":"","ast-hfb-above-header-display":"","ast-hfb-below-header-display":"","ast-hfb-mobile-header-display":"","site-post-title":"","ast-breadcrumbs-content":"","ast-featured-img":"","footer-sml-layout":"","theme-transparent-header-meta":"","adv-header-id-meta":"","stick-header-meta":"","header-above-stick-meta":"","header-main-stick-meta":"","header-below-stick-meta":"","astra-migrate-meta-layouts":"set","ast-page-background-enabled":"default","ast-page-background-meta":{"desktop":{"background-color":"var(--ast-global-color-4)","background-image":"","background-repeat":"repeat","background-position":"center center","background-size":"auto","background-attachment":"scroll","background-type":"","background-media":"","overlay-type":"","overlay-color":"","overlay-opacity":"","overlay-gradient":""},"tablet":{"background-color":"","background-image":"","background-repeat":"repeat","background-position":"center center","background-size":"auto","background-attachment":"scroll","background-type":"","background-media":"","overlay-type":"","overlay-color":"","overlay-opacity":"","overlay-gradient":""},"mobile":{"background-color":"","background-image":"","background-repeat":"repeat","background-position":"center center","background-size":"auto","background-attachment":"scroll","background-type":"","background-media":"","overlay-type":"","overlay-color":"","overlay-opacity":"","overlay-gradient":""}},"ast-content-background-meta":{"desktop":{"background-color":"var(--ast-global-color-5)","background-image":"","background-repeat":"repeat","background-position":"center center","background-size":"auto","background-attachment":"scroll","background-type":"","background-media":"","overlay-type":"","overlay-color":"","overlay-opacity":"","overlay-gradient":""},"tablet":{"background-color":"var(--ast-global-color-5)","background-image":"","background-repeat":"repeat","background-position":"center center","background-size":"auto","background-attachment":"scroll","background-type":"","background-media":"","overlay-type":"","overlay-color":"","overlay-opacity":"","overlay-gradient":""},"mobile":{"background-color":"var(--ast-global-color-5)","background-image":"","background-repeat":"repeat","background-position":"center center","background-size":"auto","background-attachment":"scroll","background-type":"","background-media":"","overlay-type":"","overlay-color":"","overlay-opacity":"","overlay-gradient":""}},"footnotes":""},"class_list":["post-6166","page","type-page","status-publish","hentry"],"post_mailing_queue_ids":[],"_links":{"self":[{"href":"https:\/\/agora.xtec.cat\/escolaelgarrofer\/wp-json\/wp\/v2\/pages\/6166","targetHints":{"allow":["GET"]}}],"collection":[{"href":"https:\/\/agora.xtec.cat\/escolaelgarrofer\/wp-json\/wp\/v2\/pages"}],"about":[{"href":"https:\/\/agora.xtec.cat\/escolaelgarrofer\/wp-json\/wp\/v2\/types\/page"}],"author":[{"embeddable":true,"href":"https:\/\/agora.xtec.cat\/escolaelgarrofer\/wp-json\/wp\/v2\/users\/4"}],"replies":[{"embeddable":true,"href":"https:\/\/agora.xtec.cat\/escolaelgarrofer\/wp-json\/wp\/v2\/comments?post=6166"}],"version-history":[{"count":3,"href":"https:\/\/agora.xtec.cat\/escolaelgarrofer\/wp-json\/wp\/v2\/pages\/6166\/revisions"}],"predecessor-version":[{"id":6300,"href":"https:\/\/agora.xtec.cat\/escolaelgarrofer\/wp-json\/wp\/v2\/pages\/6166\/revisions\/6300"}],"up":[{"embeddable":true,"href":"https:\/\/agora.xtec.cat\/escolaelgarrofer\/wp-json\/wp\/v2\/pages\/6161"}],"wp:attachment":[{"href":"https:\/\/agora.xtec.cat\/escolaelgarrofer\/wp-json\/wp\/v2\/media?parent=6166"}],"curies":[{"name":"wp","href":"https:\/\/api.w.org\/{rel}","templated":true}]}}