{"id":6159,"date":"2026-01-26T13:26:20","date_gmt":"2026-01-26T12:26:20","guid":{"rendered":"https:\/\/agora.xtec.cat\/escolaelgarrofer\/?page_id=6159"},"modified":"2026-02-09T11:55:46","modified_gmt":"2026-02-09T10:55:46","slug":"infantil","status":"publish","type":"page","link":"https:\/\/agora.xtec.cat\/escolaelgarrofer\/lescola\/linia-pedagogica\/infantil\/","title":{"rendered":"Infantil"},"content":{"rendered":"\n<p><strong>I3: Benvinguts a la nostra petita gran fam\u00edlia<\/strong><\/p>\n\n\n\n<p>L\u2019arribada a <strong>I3<\/strong> marca l\u2019inici d\u2019una etapa apassionant. Sabem que s\u00f3n dies de moltes emocions, nous espais i primeres amistats. Per aix\u00f2, el nostre projecte educatiu se centra a cuidar tant el benestar emocional com el desenvolupament integral de cada infant.<\/p>\n\n\n\n<p><strong>\ud83c\udfe0<\/strong><strong> Una acollida personalitzada i c\u00e0lida<\/strong><\/p>\n\n\n\n<p>L\u2019entrada a l\u2019escola es fa mitjan\u00e7ant una <strong>entrada progressiva<\/strong> durant els primers dies. Aquest format ens permet:<\/p>\n\n\n\n<ul class=\"wp-block-list\">\n<li>Atendre les <strong>individualitats<\/strong> i el ritme de cada nen i nena.<\/li>\n\n\n\n<li>Crear un <strong>vincle afectiu<\/strong> amb la mestra, base indispensable per a la seva seguretat.<\/li>\n\n\n\n<li>Aconseguir que se sentin <strong>acollits<\/strong> i part fonamental de la nostra escola des del primer moment.<\/li>\n<\/ul>\n\n\n\n<p><strong>\ud83d\udcc5<\/strong><strong> La seguretat de les rutines<\/strong><\/p>\n\n\n\n<p>A I3, els <strong>h\u00e0bits i les rutines<\/strong> s\u00f3n els nostres millors aliats. Gr\u00e0cies a elles, els infants aprenen a orientar-se en el temps i l\u2019espai, fet que els aporta una gran <strong>seguretat en si mateixos<\/strong>. Aquest treball diari \u00e9s el motor que impulsa la seva <strong>autonomia personal<\/strong>.<\/p>\n\n\n\n<p><em>&#8220;Quan un infant se sent segur en el seu entorn, la seva curiositat no t\u00e9 l\u00edmits.&#8221;<\/em><\/p>\n\n\n\n<p><strong>\ud83e\uddea<\/strong><strong> Experimentar per aprendre: El joc com a motor<\/strong><\/p>\n\n\n\n<p>Entenem el <strong>joc com la manera natural<\/strong> que tenen els infants d\u2019aprendre. A la nostra escola:<\/p>\n\n\n\n<ul class=\"wp-block-list\">\n<li><strong>Observem i experimentem:<\/strong> Oferim propostes on l&#8217;alumnat \u00e9s el protagonista.<\/li>\n\n\n\n<li><strong>Aprenentatge vivencial:<\/strong> Prioritzem les experi\u00e8ncies reals perqu\u00e8 els aprenentatges siguin <strong>significatius i profunds<\/strong>. No els ho expliquem, ho viuen.<\/li>\n<\/ul>\n\n\n\n<p><strong>\u2764\ufe0f<\/strong><strong> El cor de l\u2019aprenentatge: Les emocions<\/strong><\/p>\n\n\n\n<p>La <strong>dimensi\u00f3 emocional<\/strong> impregna tot el que fem. Donem les eines necess\u00e0ries perqu\u00e8 els nens i nenes aprenguin a:<\/p>\n\n\n\n<ol start=\"1\" class=\"wp-block-list\">\n<li>Identificar el que senten.<\/li>\n\n\n\n<li><strong>Regular i gestionar<\/strong> les seves emocions en un entorn de respecte i empatia.<\/li>\n<\/ol>\n\n\n\n<p><strong>\ud83d\udcda<\/strong><strong> Primers passos en la lectoescriptura<\/strong><\/p>\n\n\n\n<p>Creiem en la import\u00e0ncia d&#8217;iniciar el contacte amb la <strong>lectoescriptura en etapes primarenques<\/strong>. Des d\u2019un enfocament l\u00fadic i funcional, despertem l\u2019inter\u00e8s pels signes, les lletres i el llenguatge, preparant el cam\u00ed per a la comunicaci\u00f3 escrita de forma natural i motivadora.<\/p>\n\n\n\n<div style=\"position: relative; width: 100%; height: 0; padding-top: 56.2500%;\n padding-bottom: 0; box-shadow: 0 2px 8px 0 rgba(63,69,81,0.16); margin-top: 1.6em; margin-bottom: 0.9em; overflow: hidden;\n border-radius: 8px; will-change: transform;\">\n  <iframe loading=\"lazy\" style=\"position: absolute; width: 100%; height: 100%; top: 0; left: 0; border: none; padding: 0;margin: 0;\"\n    src=\"https:\/\/www.canva.com\/design\/DAHA0MpU2nQ\/9Y3dKQLnetvVHVE7-Y2x7Q\/watch?embed\" allowfullscreen=\"allowfullscreen\" allow=\"fullscreen\">\n  <\/iframe>\n<\/div>\n<a href=\"https:&#x2F;&#x2F;www.canva.com&#x2F;design&#x2F;DAHA0MpU2nQ&#x2F;9Y3dKQLnetvVHVE7-Y2x7Q&#x2F;watch?utm_content=DAHA0MpU2nQ&amp;utm_campaign=designshare&amp;utm_medium=embeds&amp;utm_source=link\" target=\"_blank\" rel=\"noopener\">\n\n\n\n<figure class=\"wp-block-image alignwide size-large\"><a href=\"https:\/\/agora.xtec.cat\/escolaelgarrofer\/wp-content\/uploads\/usu580\/2026\/01\/Comencem.png\"><img loading=\"lazy\" decoding=\"async\" width=\"483\" height=\"1024\" src=\"https:\/\/agora.xtec.cat\/escolaelgarrofer\/wp-content\/uploads\/usu580\/2026\/01\/Comencem-483x1024.png\" alt=\"\" class=\"wp-image-6201\" srcset=\"https:\/\/agora.xtec.cat\/escolaelgarrofer\/wp-content\/uploads\/usu580\/2026\/01\/Comencem-483x1024.png 483w, https:\/\/agora.xtec.cat\/escolaelgarrofer\/wp-content\/uploads\/usu580\/2026\/01\/Comencem-141x300.png 141w, https:\/\/agora.xtec.cat\/escolaelgarrofer\/wp-content\/uploads\/usu580\/2026\/01\/Comencem-768x1629.png 768w, https:\/\/agora.xtec.cat\/escolaelgarrofer\/wp-content\/uploads\/usu580\/2026\/01\/Comencem-724x1536.png 724w, https:\/\/agora.xtec.cat\/escolaelgarrofer\/wp-content\/uploads\/usu580\/2026\/01\/Comencem.png 943w\" sizes=\"auto, (max-width: 483px) 100vw, 483px\" \/><\/a><\/figure>\n","protected":false},"excerpt":{"rendered":"<p>I3: Benvinguts a la nostra petita gran fam\u00edlia L\u2019arribada a I3 marca l\u2019inici d\u2019una etapa apassionant. Sabem que s\u00f3n dies de moltes emocions, nous espais i primeres amistats. Per aix\u00f2, el nostre projecte educatiu se centra a cuidar tant el benestar emocional com el desenvolupament integral de cada infant. \ud83c\udfe0 Una acollida personalitzada i c\u00e0lida [&hellip;]<\/p>\n","protected":false},"author":4,"featured_media":0,"parent":474,"menu_order":0,"comment_status":"closed","ping_status":"close","template":"","meta":{"_bbp_topic_count":0,"_bbp_reply_count":0,"_bbp_total_topic_count":0,"_bbp_total_reply_count":0,"_bbp_voice_count":0,"_bbp_anonymous_reply_count":0,"_bbp_topic_count_hidden":0,"_bbp_reply_count_hidden":0,"_bbp_forum_subforum_count":0,"site-sidebar-layout":"default","site-content-layout":"","ast-site-content-layout":"default","site-content-style":"default","site-sidebar-style":"default","ast-global-header-display":"","ast-banner-title-visibility":"","ast-main-header-display":"","ast-hfb-above-header-display":"","ast-hfb-below-header-display":"","ast-hfb-mobile-header-display":"","site-post-title":"","ast-breadcrumbs-content":"","ast-featured-img":"","footer-sml-layout":"","theme-transparent-header-meta":"","adv-header-id-meta":"","stick-header-meta":"","header-above-stick-meta":"","header-main-stick-meta":"","header-below-stick-meta":"","astra-migrate-meta-layouts":"set","ast-page-background-enabled":"default","ast-page-background-meta":{"desktop":{"background-color":"var(--ast-global-color-4)","background-image":"","background-repeat":"repeat","background-position":"center center","background-size":"auto","background-attachment":"scroll","background-type":"","background-media":"","overlay-type":"","overlay-color":"","overlay-opacity":"","overlay-gradient":""},"tablet":{"background-color":"","background-image":"","background-repeat":"repeat","background-position":"center center","background-size":"auto","background-attachment":"scroll","background-type":"","background-media":"","overlay-type":"","overlay-color":"","overlay-opacity":"","overlay-gradient":""},"mobile":{"background-color":"","background-image":"","background-repeat":"repeat","background-position":"center center","background-size":"auto","background-attachment":"scroll","background-type":"","background-media":"","overlay-type":"","overlay-color":"","overlay-opacity":"","overlay-gradient":""}},"ast-content-background-meta":{"desktop":{"background-color":"var(--ast-global-color-5)","background-image":"","background-repeat":"repeat","background-position":"center center","background-size":"auto","background-attachment":"scroll","background-type":"","background-media":"","overlay-type":"","overlay-color":"","overlay-opacity":"","overlay-gradient":""},"tablet":{"background-color":"var(--ast-global-color-5)","background-image":"","background-repeat":"repeat","background-position":"center center","background-size":"auto","background-attachment":"scroll","background-type":"","background-media":"","overlay-type":"","overlay-color":"","overlay-opacity":"","overlay-gradient":""},"mobile":{"background-color":"var(--ast-global-color-5)","background-image":"","background-repeat":"repeat","background-position":"center center","background-size":"auto","background-attachment":"scroll","background-type":"","background-media":"","overlay-type":"","overlay-color":"","overlay-opacity":"","overlay-gradient":""}},"footnotes":""},"class_list":["post-6159","page","type-page","status-publish","hentry"],"post_mailing_queue_ids":[],"_links":{"self":[{"href":"https:\/\/agora.xtec.cat\/escolaelgarrofer\/wp-json\/wp\/v2\/pages\/6159","targetHints":{"allow":["GET"]}}],"collection":[{"href":"https:\/\/agora.xtec.cat\/escolaelgarrofer\/wp-json\/wp\/v2\/pages"}],"about":[{"href":"https:\/\/agora.xtec.cat\/escolaelgarrofer\/wp-json\/wp\/v2\/types\/page"}],"author":[{"embeddable":true,"href":"https:\/\/agora.xtec.cat\/escolaelgarrofer\/wp-json\/wp\/v2\/users\/4"}],"replies":[{"embeddable":true,"href":"https:\/\/agora.xtec.cat\/escolaelgarrofer\/wp-json\/wp\/v2\/comments?post=6159"}],"version-history":[{"count":3,"href":"https:\/\/agora.xtec.cat\/escolaelgarrofer\/wp-json\/wp\/v2\/pages\/6159\/revisions"}],"predecessor-version":[{"id":6299,"href":"https:\/\/agora.xtec.cat\/escolaelgarrofer\/wp-json\/wp\/v2\/pages\/6159\/revisions\/6299"}],"up":[{"embeddable":true,"href":"https:\/\/agora.xtec.cat\/escolaelgarrofer\/wp-json\/wp\/v2\/pages\/474"}],"wp:attachment":[{"href":"https:\/\/agora.xtec.cat\/escolaelgarrofer\/wp-json\/wp\/v2\/media?parent=6159"}],"curies":[{"name":"wp","href":"https:\/\/api.w.org\/{rel}","templated":true}]}}