{"id":6150,"date":"2026-01-26T13:22:42","date_gmt":"2026-01-26T12:22:42","guid":{"rendered":"https:\/\/agora.xtec.cat\/escolaelgarrofer\/?page_id=6150"},"modified":"2026-02-09T11:54:36","modified_gmt":"2026-02-09T10:54:36","slug":"aula-de-psicomotricitat","status":"publish","type":"page","link":"https:\/\/agora.xtec.cat\/escolaelgarrofer\/lescola\/instal%c2%b7lacions\/aula-de-psicomotricitat\/","title":{"rendered":"Aula de Psicomotricitat"},"content":{"rendered":"\n<p>L&#8217;<strong>Aula de Psicomotricitat <\/strong> \u00e9s un espai obert al moviment, al joc lliure i a la descoberta del propi cos. \u00c9s el lloc on els m\u00e9s petits transformen l&#8217;acci\u00f3 en pensament, aprenent a moure&#8217;s amb seguretat mentre exploren els seus l\u00edmits i capacitats f\u00edsiques.<\/p>\n\n\n\n<p>L&#8217;aula est\u00e0 organitzada per facilitar un desenvolupament harm\u00f2nic a trav\u00e9s d&#8217;aquests elements:<\/p>\n\n\n\n<ul class=\"wp-block-list\">\n<li><strong>M\u00f2duls d&#8217;Escuma i Estructures:<\/strong> Un conjunt de peces de diferents formes, mides i colors que permeten als infants construir circuits, saltar, enfilar-se i rodolar, treballant l&#8217;equilibri i la coordinaci\u00f3 motora.<\/li>\n\n\n\n<li><strong>Zona de Desc\u00e0rrega i Salts:<\/strong> Espais tous i segurs on l&#8217;alumnat pot experimentar el plaer del moviment lliure i l&#8217;alliberament d&#8217;energia, fonamental per al seu benestar emocional.<\/li>\n\n\n\n<li><strong>Materials de Joc Simb\u00f2lic i Relaci\u00f3:<\/strong> Teles, pilotes, c\u00e8rcols i t\u00fanels que fomenten la interacci\u00f3 amb els altres i la creaci\u00f3 d&#8217;escenaris imaginaris, passant del joc individual al joc compartit.<\/li>\n\n\n\n<li><strong>El Ritual de la Calma:<\/strong> Al final de cada sessi\u00f3 hi ha un moment dedicat a la relaxaci\u00f3, on els infants aprenen a escoltar el seu propi cos, baixar pulsacions i compartir verbalment les sensacions viscudes durant l&#8217;activitat.<\/li>\n<\/ul>\n\n\n\n<div style=\"position: relative; width: 100%; height: 0; padding-top: 56.2500%;\n padding-bottom: 0; box-shadow: 0 2px 8px 0 rgba(63,69,81,0.16); margin-top: 1.6em; margin-bottom: 0.9em; overflow: hidden;\n border-radius: 8px; will-change: transform;\">\n  <iframe loading=\"lazy\" style=\"position: absolute; width: 100%; height: 100%; top: 0; left: 0; border: none; padding: 0;margin: 0;\"\n    src=\"https:\/\/www.canva.com\/design\/DAHA0PJoq3o\/QOHVphJyY5r-low3e1EAkg\/watch?embed\" allowfullscreen=\"allowfullscreen\" allow=\"fullscreen\">\n  <\/iframe>\n<\/div>\n<a href=\"https:&#x2F;&#x2F;www.canva.com&#x2F;design&#x2F;DAHA0PJoq3o&#x2F;QOHVphJyY5r-low3e1EAkg&#x2F;watch?utm_content=DAHA0PJoq3o&amp;utm_campaign=designshare&amp;utm_medium=embeds&amp;utm_source=link\" target=\"_blank\" rel=\"noopener\">\n","protected":false},"excerpt":{"rendered":"<p>L&#8217;Aula de Psicomotricitat \u00e9s un espai obert al moviment, al joc lliure i a la descoberta del propi cos. \u00c9s el lloc on els m\u00e9s petits transformen l&#8217;acci\u00f3 en pensament, aprenent a moure&#8217;s amb seguretat mentre exploren els seus l\u00edmits i capacitats f\u00edsiques. L&#8217;aula est\u00e0 organitzada per facilitar un desenvolupament harm\u00f2nic a trav\u00e9s d&#8217;aquests elements:<\/p>\n","protected":false},"author":4,"featured_media":0,"parent":30,"menu_order":0,"comment_status":"closed","ping_status":"close","template":"","meta":{"_bbp_topic_count":0,"_bbp_reply_count":0,"_bbp_total_topic_count":0,"_bbp_total_reply_count":0,"_bbp_voice_count":0,"_bbp_anonymous_reply_count":0,"_bbp_topic_count_hidden":0,"_bbp_reply_count_hidden":0,"_bbp_forum_subforum_count":0,"site-sidebar-layout":"default","site-content-layout":"","ast-site-content-layout":"default","site-content-style":"default","site-sidebar-style":"default","ast-global-header-display":"","ast-banner-title-visibility":"","ast-main-header-display":"","ast-hfb-above-header-display":"","ast-hfb-below-header-display":"","ast-hfb-mobile-header-display":"","site-post-title":"","ast-breadcrumbs-content":"","ast-featured-img":"","footer-sml-layout":"","theme-transparent-header-meta":"","adv-header-id-meta":"","stick-header-meta":"","header-above-stick-meta":"","header-main-stick-meta":"","header-below-stick-meta":"","astra-migrate-meta-layouts":"set","ast-page-background-enabled":"default","ast-page-background-meta":{"desktop":{"background-color":"var(--ast-global-color-4)","background-image":"","background-repeat":"repeat","background-position":"center center","background-size":"auto","background-attachment":"scroll","background-type":"","background-media":"","overlay-type":"","overlay-color":"","overlay-opacity":"","overlay-gradient":""},"tablet":{"background-color":"","background-image":"","background-repeat":"repeat","background-position":"center center","background-size":"auto","background-attachment":"scroll","background-type":"","background-media":"","overlay-type":"","overlay-color":"","overlay-opacity":"","overlay-gradient":""},"mobile":{"background-color":"","background-image":"","background-repeat":"repeat","background-position":"center center","background-size":"auto","background-attachment":"scroll","background-type":"","background-media":"","overlay-type":"","overlay-color":"","overlay-opacity":"","overlay-gradient":""}},"ast-content-background-meta":{"desktop":{"background-color":"var(--ast-global-color-5)","background-image":"","background-repeat":"repeat","background-position":"center center","background-size":"auto","background-attachment":"scroll","background-type":"","background-media":"","overlay-type":"","overlay-color":"","overlay-opacity":"","overlay-gradient":""},"tablet":{"background-color":"var(--ast-global-color-5)","background-image":"","background-repeat":"repeat","background-position":"center center","background-size":"auto","background-attachment":"scroll","background-type":"","background-media":"","overlay-type":"","overlay-color":"","overlay-opacity":"","overlay-gradient":""},"mobile":{"background-color":"var(--ast-global-color-5)","background-image":"","background-repeat":"repeat","background-position":"center center","background-size":"auto","background-attachment":"scroll","background-type":"","background-media":"","overlay-type":"","overlay-color":"","overlay-opacity":"","overlay-gradient":""}},"footnotes":""},"class_list":["post-6150","page","type-page","status-publish","hentry"],"post_mailing_queue_ids":[],"_links":{"self":[{"href":"https:\/\/agora.xtec.cat\/escolaelgarrofer\/wp-json\/wp\/v2\/pages\/6150","targetHints":{"allow":["GET"]}}],"collection":[{"href":"https:\/\/agora.xtec.cat\/escolaelgarrofer\/wp-json\/wp\/v2\/pages"}],"about":[{"href":"https:\/\/agora.xtec.cat\/escolaelgarrofer\/wp-json\/wp\/v2\/types\/page"}],"author":[{"embeddable":true,"href":"https:\/\/agora.xtec.cat\/escolaelgarrofer\/wp-json\/wp\/v2\/users\/4"}],"replies":[{"embeddable":true,"href":"https:\/\/agora.xtec.cat\/escolaelgarrofer\/wp-json\/wp\/v2\/comments?post=6150"}],"version-history":[{"count":2,"href":"https:\/\/agora.xtec.cat\/escolaelgarrofer\/wp-json\/wp\/v2\/pages\/6150\/revisions"}],"predecessor-version":[{"id":6298,"href":"https:\/\/agora.xtec.cat\/escolaelgarrofer\/wp-json\/wp\/v2\/pages\/6150\/revisions\/6298"}],"up":[{"embeddable":true,"href":"https:\/\/agora.xtec.cat\/escolaelgarrofer\/wp-json\/wp\/v2\/pages\/30"}],"wp:attachment":[{"href":"https:\/\/agora.xtec.cat\/escolaelgarrofer\/wp-json\/wp\/v2\/media?parent=6150"}],"curies":[{"name":"wp","href":"https:\/\/api.w.org\/{rel}","templated":true}]}}